{"id":19820,"date":"2024-11-06T17:08:43","date_gmt":"2024-11-06T16:08:43","guid":{"rendered":"https:\/\/riding.zandona.net\/shop\/unkategorisiert\/pro-safe-travel-boot-rear\/"},"modified":"2024-11-07T11:38:56","modified_gmt":"2024-11-07T10:38:56","slug":"pro-safe-travel-boot-rear","status":"publish","type":"product","link":"https:\/\/riding.zandona.net\/de\/shop\/pferd\/gamaschen\/transportgamaschen\/pro-safe-travel-boot-rear\/","title":{"rendered":"PRO-SAFE TRAVEL BOOT Rear"},"content":{"rendered":"<p>Die Pro-Safe Travel Boots sind zu 100 % in Italien hergestellte Transportgamaschen, die speziell entwickelt wurden, um Knie und Sprunggelenk des Pferdes vor St\u00f6\u00dfen und Prellungen w\u00e4hrend des Transports zu sch\u00fctzen.<br \/>\n Sie sind mit einer speziellen hochdichten PE-Polsterung f\u00fcr zus\u00e4tzlichen Schutz, Stabilit\u00e4t und Komfort hergestellt.<br \/>\nDank der inneren Beschichtung aus Coolmax\u00ae, das Schwei\u00df entfernen, garantieren die Pro-Safe Travel Boots eine hohe Atmungsaktivit\u00e4t, um die Gliedma\u00dfen des Pferdes w\u00e4hrend des Transports immer gut bel\u00fcftet zu halten.<br \/>\nDas integrierte Hochleistungsschutzsystem von Knie (Vorderbeine) und Sprunggelenk (Hinterbeine) erh\u00f6ht die Sicherheit Ihres Pferdes auf Reisen.<br \/>\nDas Schock absorbierendes NBR Gummi f\u00fcr die Fessel und das Fesselgelenk bieten zus\u00e4tzlichen Schutz vor versehentlichen St\u00f6\u00dfen in diesen empfindlichen Bereichen.<br \/>\nEine solide, bequeme und einfache Passform wird durch das schnelle und sichere Klettverschlusssystem gew\u00e4hrleistet.<\/p>\n<p>HAUPTMERKMALE:<br \/>\n&#8211; Spezielle hochdichten PE-Polsterung f\u00fcr zus\u00e4tzlichen Schutz, Stabilit\u00e4t und Komfort.<br \/>\n&#8211; Integrierte Hochleistungsschutzsystem von Knie (Vorderbeine) und Sprunggelenk (Hinterbeine) f\u00fcr hervorragenden Schutz unterwegs\/w\u00e4hrend des Reisens.<br \/>\n&#8211; Schock absorbierendes NBR Gummi f\u00fcr die Fessel und das Fesselgelenk;<br \/>\n&#8211; Innere Beschichtung aus Coolmax\u00ae;<br \/>\n&#8211; Schnelles und Einfaches An- und Ausziehen;<br \/>\n-100% Made in Italy.<\/p>\n<p>REINIGUNG UND PFLEGE:<br \/>\n&#8211; Haare und Schmutz-\/Schwei\u00dfreste mit einer B\u00fcrste entfernen;<br \/>\n&#8211; Stellen Sie sicher, dass Sie alle Klettb\u00e4nder und Verschl\u00fcsse geschlossen haben;<br \/>\n&#8211; Hand- oder Maschinenw\u00e4sche (schonend) bei 30 \u00b0 C mit neutraler Seife;<br \/>\n &#8211; Abseits von W\u00e4rmequellen trocknen lassen;<br \/>\n&#8211; Produkt k\u00fchl und trocken lagern.<\/p>\n","protected":false},"excerpt":{"rendered":"<p>Reise Gamaschen<\/p>\n","protected":false},"featured_media":9306,"comment_status":"open","ping_status":"closed","template":"","meta":[],"product_brand":[],"product_cat":[3647,3643,3723],"product_tag":[],"class_list":{"0":"post-19820","1":"product","2":"type-product","3":"status-publish","4":"has-post-thumbnail","6":"product_cat-gamaschen","7":"product_cat-pferd","8":"product_cat-transportgamaschen","9":"pa_codice-intrastat-42010000-de","10":"pa_disciplina-utilizzo-transport-de","11":"pa_giro-nodello-da-28-a-30-cm-de","12":"pa_giro-nodello-da-31-a-37-cm-de","14":"first","15":"instock","16":"taxable","17":"shipping-taxable","18":"purchasable","19":"product-type-variable"},"_links":{"self":[{"href":"https:\/\/riding.zandona.net\/de\/wp-json\/wp\/v2\/product\/19820","targetHints":{"allow":["GET"]}}],"collection":[{"href":"https:\/\/riding.zandona.net\/de\/wp-json\/wp\/v2\/product"}],"about":[{"href":"https:\/\/riding.zandona.net\/de\/wp-json\/wp\/v2\/types\/product"}],"replies":[{"embeddable":true,"href":"https:\/\/riding.zandona.net\/de\/wp-json\/wp\/v2\/comments?post=19820"}],"wp:featuredmedia":[{"embeddable":true,"href":"https:\/\/riding.zandona.net\/de\/wp-json\/wp\/v2\/media\/9306"}],"wp:attachment":[{"href":"https:\/\/riding.zandona.net\/de\/wp-json\/wp\/v2\/media?parent=19820"}],"wp:term":[{"taxonomy":"product_brand","embeddable":true,"href":"https:\/\/riding.zandona.net\/de\/wp-json\/wp\/v2\/product_brand?post=19820"},{"taxonomy":"product_cat","embeddable":true,"href":"https:\/\/riding.zandona.net\/de\/wp-json\/wp\/v2\/product_cat?post=19820"},{"taxonomy":"product_tag","embeddable":true,"href":"https:\/\/riding.zandona.net\/de\/wp-json\/wp\/v2\/product_tag?post=19820"}],"curies":[{"name":"wp","href":"https:\/\/api.w.org\/{rel}","templated":true}]}}