{"id":19828,"date":"2024-11-06T17:08:43","date_gmt":"2024-11-06T16:08:43","guid":{"rendered":"https:\/\/riding.zandona.net\/shop\/unkategorisiert\/support-boot-air-pony-front\/"},"modified":"2024-11-07T11:39:05","modified_gmt":"2024-11-07T10:39:05","slug":"support-boot-air-pony-front","status":"publish","type":"product","link":"https:\/\/riding.zandona.net\/de\/shop\/pferd\/pony-de\/stall-box-ruhegamaschen-bandagen\/support-boot-air-pony-front\/","title":{"rendered":"SUPPORT BOOT AIR PONY Front"},"content":{"rendered":"<p>&#8220;SUPPORT BOOT AIR PONY&#8221; sind die Ruhegamaschen, die in der Box verwendet werden. Sie wurden entwickelt, um die B\u00e4nder und Sehnen des Pferdes nach der Arbeit und auch w\u00e4hrend des Transportes vor den typischen Schwellungen zu sch\u00fctzen. &#8220;SUPPORT BOOT AIR PONY&#8221; ist eine funktionelle und praktische Alternative zu den herk\u00f6mmlichen Ruhebandagen, die gef\u00e4hrliche Fehler beim Umwickeln vermeiden helfen und Zeit sparen.<\/p>\n<p>HAUPTMERKMALE:<br \/>\n-Auswechselbares, geklettertes Innenfutter;<br \/>\n-COOLMAX\u00ae (einer speziellen Faser, die die Feuchtigkeit an die \u00e4u\u00dfere Oberfl\u00e4che des Gewebes transportiert und daher die Haut trocken h\u00e4lt);<br \/>\n&#8211; Fesselschutz gegen Verschlei\u00df und Reibung;<br \/>\n&#8211; Klettverschluss;<br \/>\n-100% Made in Italy<\/p>\n<p>Hinweis Das Produkt kann bei 40\u00b0 mit zarten Behandlung in der Waschmaschine gewaschen werden<\/p>\n","protected":false},"excerpt":{"rendered":"<p>Gamaschen f\u00fcr Stall\/Ruhe\/Box<\/p>\n","protected":false},"featured_media":28798,"comment_status":"open","ping_status":"closed","template":"","meta":[],"product_brand":[],"product_cat":[3727,3717],"product_tag":[],"class_list":{"0":"post-19828","1":"product","2":"type-product","3":"status-publish","4":"has-post-thumbnail","6":"product_cat-pony-de","7":"product_cat-stall-box-ruhegamaschen-bandagen","8":"pa_codice-intrastat-42010000-de","9":"pa_disciplina-utilizzo-stall","10":"pa_disciplina-utilizzo-transport","11":"pa_giro-nodello-da-26-a-28-cm-de","13":"first","14":"instock","15":"taxable","16":"shipping-taxable","17":"purchasable","18":"product-type-simple"},"_links":{"self":[{"href":"https:\/\/riding.zandona.net\/de\/wp-json\/wp\/v2\/product\/19828","targetHints":{"allow":["GET"]}}],"collection":[{"href":"https:\/\/riding.zandona.net\/de\/wp-json\/wp\/v2\/product"}],"about":[{"href":"https:\/\/riding.zandona.net\/de\/wp-json\/wp\/v2\/types\/product"}],"replies":[{"embeddable":true,"href":"https:\/\/riding.zandona.net\/de\/wp-json\/wp\/v2\/comments?post=19828"}],"wp:featuredmedia":[{"embeddable":true,"href":"https:\/\/riding.zandona.net\/de\/wp-json\/wp\/v2\/media\/28798"}],"wp:attachment":[{"href":"https:\/\/riding.zandona.net\/de\/wp-json\/wp\/v2\/media?parent=19828"}],"wp:term":[{"taxonomy":"product_brand","embeddable":true,"href":"https:\/\/riding.zandona.net\/de\/wp-json\/wp\/v2\/product_brand?post=19828"},{"taxonomy":"product_cat","embeddable":true,"href":"https:\/\/riding.zandona.net\/de\/wp-json\/wp\/v2\/product_cat?post=19828"},{"taxonomy":"product_tag","embeddable":true,"href":"https:\/\/riding.zandona.net\/de\/wp-json\/wp\/v2\/product_tag?post=19828"}],"curies":[{"name":"wp","href":"https:\/\/api.w.org\/{rel}","templated":true}]}}