{"id":19847,"date":"2024-11-06T17:09:17","date_gmt":"2024-11-06T16:09:17","guid":{"rendered":"https:\/\/riding.zandona.net\/shop\/unkategorisiert\/therapeutic-bell\/"},"modified":"2026-03-17T17:19:26","modified_gmt":"2026-03-17T16:19:26","slug":"magnetic-bell","status":"publish","type":"product","link":"https:\/\/riding.zandona.net\/de\/shop\/pferd\/wellness-linie\/magnetic-bell\/","title":{"rendered":"MAGNETIC BELL"},"content":{"rendered":"<p>MAGNETIC BELL wurde entwickelt, um <strong>gezielte Unterst\u00fctzung f\u00fcr den Huf sowie erh\u00f6hten Komfort w\u00e4hrend der Ruhephasen zu bieten.<\/strong><\/p>\n<p><strong>Hergestellt in Italien<\/strong> ist jede Glocke mit <strong>5 Permanentmagneten<\/strong> ausgestattet, die strategisch platziert sind, um dank der <strong>permanenten <\/strong><strong>Magnettechnologie<\/strong> Komfort und Entspannung zu f\u00f6rdern.<\/p>\n<p>Wenn Pferde ruhen, reduziert sich ihre nat\u00fcrliche Bewegung. Daher integriert MAGNETIC BELL Magnettechnologie, um einen <strong>\u201ePump-Effekt\u201c im Hufbereich<\/strong> zu erzeugen und Teil einer <strong>strukturierten Ruhe- und Regenerationsroutine <\/strong>zu werden.<\/p>\n<p>&nbsp;<\/p>\n<p><strong><u>Magnettechnologie<\/u><\/strong><\/p>\n<p>Die Permanentmagnete bestehen aus einer<strong> Neodym-Eisen-Bor-Legierung mit Nickelbeschichtung <\/strong>und erzeugen jeweils eine <strong>magnetische Flussdichte von 2600 Gauss<\/strong>.<\/p>\n<p>Magnete werden traditionell in Ruhephasen im Reitsport eingesetzt, um den allgemeinen <strong>Komfort und das Wohlbefinden<\/strong> zu unterst\u00fctzen.<\/p>\n<p>Die MAGNETIC BELL wurden in <strong>Zusammenarbeit mit Tier\u00e4rzten entwickelt<\/strong>, um sicherzustellen, dass die Magnete entsprechend <strong>ausgew\u00e4hlten anatomischen Bereichen des Hufs <\/strong>platziert sind.<\/p>\n<p>&nbsp;<\/p>\n<p><strong><u>Empfohlene Anwendung<\/u><\/strong><\/p>\n<ul>\n<li>Geeignet w\u00e4hrend der Ruhephasen<br \/>\n\u2022 Ideal nach Trainingseinheiten<br \/>\n\u2022 Nur anwenden, wenn das Pferd trocken und abgek\u00fchlt ist<br \/>\n\u2022 Eine schrittweise Einf\u00fchrung bei den ersten Anwendungen wird empfohlen<br \/>\n\u2022 Nicht geeignet f\u00fcr Paddock oder dynamische Aktivit\u00e4ten (z. B. Schritt, Arbeit auf dem Platz, Auslauf)<\/li>\n<\/ul>\n<p>&nbsp;<\/p>\n<p><strong><u>Wichtige Hinweise<\/u><\/strong><\/p>\n<ul>\n<li>Nicht auf offenen Wunden oder unbehandelten Hauterkrankungen anwenden<br \/>\n\u2022 Verwendung w\u00e4hrend der akuten Phase sichtbarer Verletzungen vermeiden<br \/>\n\u2022 Nicht bei Pferden mit Herzschrittmachern verwenden<br \/>\n\u2022 Nicht w\u00e4hrend der Schwangerschaft verwenden.<br \/>\n\u2022 Konsultieren Sie Ihren Tierarzt bei spezifischen Gesundheitsproblemen<br \/>\n\u2022 Dieses Produkt ist kein Medizinprodukt<\/li>\n<\/ul>\n","protected":false},"excerpt":{"rendered":"<p>Magnetische Hufglocken<\/p>\n","protected":false},"featured_media":28823,"comment_status":"open","ping_status":"closed","template":"","meta":[],"product_brand":[],"product_cat":[3551,3643,3751],"product_tag":[],"class_list":{"0":"post-19847","1":"product","2":"type-product","3":"status-publish","4":"has-post-thumbnail","6":"product_cat-ausgewahlte","7":"product_cat-pferd","8":"product_cat-wellness-linie","9":"pa_codice-intrastat-42010000-de","10":"pa_disciplina-utilizzo-stall","11":"pa_disciplina-utilizzo-transport","12":"pa_giro-corona-da-35-a-38-cm-de","13":"pa_giro-corona-da-39-a-40-cm-de","14":"pa_giro-corona-da-41-a-42-cm-de","15":"pa_giro-corona-da-43-a-46-cm-de","17":"first","18":"instock","19":"taxable","20":"shipping-taxable","21":"purchasable","22":"product-type-variable"},"_links":{"self":[{"href":"https:\/\/riding.zandona.net\/de\/wp-json\/wp\/v2\/product\/19847","targetHints":{"allow":["GET"]}}],"collection":[{"href":"https:\/\/riding.zandona.net\/de\/wp-json\/wp\/v2\/product"}],"about":[{"href":"https:\/\/riding.zandona.net\/de\/wp-json\/wp\/v2\/types\/product"}],"replies":[{"embeddable":true,"href":"https:\/\/riding.zandona.net\/de\/wp-json\/wp\/v2\/comments?post=19847"}],"wp:featuredmedia":[{"embeddable":true,"href":"https:\/\/riding.zandona.net\/de\/wp-json\/wp\/v2\/media\/28823"}],"wp:attachment":[{"href":"https:\/\/riding.zandona.net\/de\/wp-json\/wp\/v2\/media?parent=19847"}],"wp:term":[{"taxonomy":"product_brand","embeddable":true,"href":"https:\/\/riding.zandona.net\/de\/wp-json\/wp\/v2\/product_brand?post=19847"},{"taxonomy":"product_cat","embeddable":true,"href":"https:\/\/riding.zandona.net\/de\/wp-json\/wp\/v2\/product_cat?post=19847"},{"taxonomy":"product_tag","embeddable":true,"href":"https:\/\/riding.zandona.net\/de\/wp-json\/wp\/v2\/product_tag?post=19847"}],"curies":[{"name":"wp","href":"https:\/\/api.w.org\/{rel}","templated":true}]}}