{"id":19857,"date":"2024-11-06T17:09:30","date_gmt":"2024-11-06T16:09:30","guid":{"rendered":"https:\/\/riding.zandona.net\/shop\/unkategorisiert\/support-boot-air-rear\/"},"modified":"2024-11-07T15:33:48","modified_gmt":"2024-11-07T14:33:48","slug":"support-boot-air-rear","status":"publish","type":"product","link":"https:\/\/riding.zandona.net\/de\/shop\/pferd\/gamaschen\/stall-box-ruhegamaschen-bandagen-de\/support-boot-air-rear\/","title":{"rendered":"SUPPORT BOOT AIR Rear"},"content":{"rendered":"<p>\u201cSUPPORT BOOT AIR &#8221; sind die Ruhegamaschen, die in der Box verwendet werden. Sie wurden entwickelt, um die B\u00e4nder und Sehnen des Pferdes nach der Arbeit vor den typischen Schwellungen zu enthalten und st\u00fctzen.\u201c SUPPORT BOOT AIR &#8221; ist eine wirkungsvolle und praktische Alternative zu den herk\u00f6mmlichen Ruhebandagen, die gef\u00e4hrliche Fehler beim Umwickeln vermeiden helfen und Zeit sparen.<\/p>\n<p>HAUPTMERKMALE:<br \/>\n-Auswechselbares, geklettertes Innenfutter;<br \/>\n-COOLMAX\u00ae (einer speziellen Faser, die die Feuchtigkeit an die \u00e4u\u00dfere Oberfl\u00e4che des Gewebes transportiert und die Haut trocken h\u00e4lt);<br \/>\n&#8211; Fessel Protektoren Verschlei\u00df und Scheuerschutz;<br \/>\n&#8211; Klettverschluss;<br \/>\n-100% Made in Italy<\/p>\n<p>Hinweis:<\/p>\n<p>-Das Produkt kann bei 40\u00b0 mit zarten Behandlung in der Waschmaschine gewaschen werden<br \/>\n&#8211; Nicht f\u00fcr Paddock-Nutzung oder dynamische Aktivit\u00e4ten (z. B. Ausritt, Flacharbeit usw.)<\/p>\n","protected":false},"excerpt":{"rendered":"<p>Gamaschen f\u00fcr Stall\/Ruhe\/Box<\/p>\n","protected":false},"featured_media":28838,"comment_status":"open","ping_status":"closed","template":"","meta":[],"product_brand":[],"product_cat":[3647,3643,3718],"product_tag":[],"class_list":{"0":"post-19857","1":"product","2":"type-product","3":"status-publish","4":"has-post-thumbnail","6":"product_cat-gamaschen","7":"product_cat-pferd","8":"product_cat-stall-box-ruhegamaschen-bandagen-de","9":"pa_codice-intrastat-42010000-de","10":"pa_disciplina-utilizzo-stall","11":"pa_disciplina-utilizzo-transport","12":"pa_giro-nodello-da-28-a-30-cm-de","13":"pa_giro-nodello-da-31-a-32-cm-de","14":"pa_giro-nodello-da-33-a-34-cm-de","15":"pa_giro-nodello-da-35-a-37-cm-de","17":"first","18":"instock","19":"taxable","20":"shipping-taxable","21":"purchasable","22":"product-type-variable"},"_links":{"self":[{"href":"https:\/\/riding.zandona.net\/de\/wp-json\/wp\/v2\/product\/19857","targetHints":{"allow":["GET"]}}],"collection":[{"href":"https:\/\/riding.zandona.net\/de\/wp-json\/wp\/v2\/product"}],"about":[{"href":"https:\/\/riding.zandona.net\/de\/wp-json\/wp\/v2\/types\/product"}],"replies":[{"embeddable":true,"href":"https:\/\/riding.zandona.net\/de\/wp-json\/wp\/v2\/comments?post=19857"}],"wp:featuredmedia":[{"embeddable":true,"href":"https:\/\/riding.zandona.net\/de\/wp-json\/wp\/v2\/media\/28838"}],"wp:attachment":[{"href":"https:\/\/riding.zandona.net\/de\/wp-json\/wp\/v2\/media?parent=19857"}],"wp:term":[{"taxonomy":"product_brand","embeddable":true,"href":"https:\/\/riding.zandona.net\/de\/wp-json\/wp\/v2\/product_brand?post=19857"},{"taxonomy":"product_cat","embeddable":true,"href":"https:\/\/riding.zandona.net\/de\/wp-json\/wp\/v2\/product_cat?post=19857"},{"taxonomy":"product_tag","embeddable":true,"href":"https:\/\/riding.zandona.net\/de\/wp-json\/wp\/v2\/product_tag?post=19857"}],"curies":[{"name":"wp","href":"https:\/\/api.w.org\/{rel}","templated":true}]}}