{"id":19862,"date":"2024-11-06T17:09:30","date_gmt":"2024-11-06T16:09:30","guid":{"rendered":"https:\/\/riding.zandona.net\/shop\/unkategorisiert\/therapeutic-support-boot-air-rear\/"},"modified":"2026-03-17T17:08:57","modified_gmt":"2026-03-17T16:08:57","slug":"magnetic-support-boot-air-rear","status":"publish","type":"product","link":"https:\/\/riding.zandona.net\/de\/shop\/pferd\/wellness-linie\/magnetic-support-boot-air-rear\/","title":{"rendered":"MAGNETIC SUPPORT BOOT AIR Rear"},"content":{"rendered":"<p>Die <strong>MAGNETIC SUPPORT BOOT AIR<\/strong> wurden entwickelt, um Pferden <strong>w\u00e4hrend Ruhephasen und beim Transport<\/strong> <strong>fortschrittliche Unterst\u00fctzung und h\u00f6chsten Komfort<\/strong> zu bieten.<\/p>\n<p>Ausgestattet <strong>mit 18 Permanentmagneten<\/strong>, die strategisch vom <strong>Huf bis zum R\u00f6hrbein<\/strong> nach <strong>reflexologischen Prinzipien<\/strong> platziert sind, bieten die MAGNETIC SUPPORT BOOT AIR dank <strong>der permanenten Magnettechnologie Komfort und Entspannung<\/strong>.<\/p>\n<p>Die spezielle Anordnung der Magnete wurde in <strong>Zusammenarbeit mit Tier\u00e4rzten entwickelt<\/strong>, um sicherzustellen, dass <strong>Flussdichte, Intensit\u00e4t und Polarisation<\/strong> eine lokale Steigerung der <strong>Blut- und Lymphzirkulation<\/strong> unterst\u00fctzen k\u00f6nnen.<\/p>\n<p>&nbsp;<\/p>\n<p><strong>Hergestellt in Italien <\/strong>verf\u00fcgen die Gamaschen \u00fcber ein<strong> austauschbares Innenband aus COOLMAX\u00ae-Gewebe<\/strong>, das f\u00fcr eine <strong>effiziente Feuchtigkeitsregulierung entwickelt wurde und die Haut trocken h\u00e4lt.<\/strong><\/p>\n<p><strong><br \/>\n<\/strong>Eine zus\u00e4tzliche Verst\u00e4rkung im Bereich des Fesselgelenks erh\u00f6ht die Haltbarkeit und die Widerstandsf\u00e4higkeit gegen Reibung.<\/p>\n<p>Die <strong>elastischen Verschl\u00fcsse<\/strong> sind so abgestimmt, dass sie eine <strong>sichere Positionierung, ausgewogene Kompression und maximalen Komfort<\/strong> gew\u00e4hrleisten.<\/p>\n<p>&nbsp;<\/p>\n<p><strong><u>Magnettechnologie<\/u><\/strong><\/p>\n<p>&nbsp;<\/p>\n<p>Die Permanentmagnete bestehen aus einer <strong>Neodym-Eisen-Bor-Legierung mit Nickelbeschichtung<\/strong>, jeder mit einer magnetischen Flussdichte von <strong>2600 Gauss<\/strong>.<\/p>\n<p>&nbsp;<\/p>\n<p>Nach den Prinzipien der traditionellen <strong>Pferde-Reflexologie und der Energieverlaufslinien<\/strong> werden die Magnete an spezifischen anatomischen Bereichen <strong>des Hufs und der unteren Gliedma\u00dfe<\/strong> platziert, um <strong>allgemeinen Komfort und das Wohlbefinden<\/strong> zu f\u00f6rdern.<\/p>\n<p>&nbsp;<\/p>\n<p>&nbsp;<\/p>\n<p>Durch die Anwendung der Prinzipien der Refloxologie und die <strong>magnetische Stimulation von Reflexpunkten auf bestimmten Meridianen des Pferdes<\/strong> (denselben Punkten, die in der Akupunktur verwendet werden) k\u00f6nnen <strong>moderate ausgleichende Effekte<\/strong> erzielt werden.<\/p>\n<p>&nbsp;<\/p>\n<p>&nbsp;<\/p>\n<p><strong><u>Prinzipien der Reflexologie<\/u><\/strong><\/p>\n<p><strong>VORDERE GAMASCHEN:<\/strong><\/p>\n<p>&nbsp;<\/p>\n<p>&#8211; Der Magnet nahe des <strong>Yang-Meridians SI (D\u00fcnndarm \u2013 Ting SI1)<\/strong> wirkt auf die Durchblutung von <strong>Hals und Wirbels\u00e4ule<\/strong> sowie auf die <strong>linke K\u00f6rperh\u00e4lfte<\/strong>.<\/p>\n<p>&#8211; Der Magnet nahe des <strong>Yang-Meridians TH (Dreifacher Erw\u00e4rmer \u2013 Ting TH1)<\/strong> wirkt auf das <strong>vordere Fesselgelenk<\/strong> sowie auf <strong>Schulterblattschmerzen<\/strong>.<\/p>\n<p>&#8211; Der Magnet nahe des <strong>Yin-Meridians HT (Herz \u2013 Ting HT9)<\/strong> wirkt auf <strong>erm\u00fcdete, entz\u00fcndete und \u00fcberlastete Muskulatur<\/strong>.<\/p>\n<p>&#8211; Der Magnet nahe des <strong>Yang-Meridians LI (Dickdarm \u2013 Ting LI1)<\/strong> wirkt auf <strong>Muskelkr\u00e4mpfe im Schulter- und Halsbereich<\/strong> sowie auf die <strong>rechte K\u00f6rperh\u00e4lfte<\/strong>.<\/p>\n<p>&#8211; Der Magnet nahe des <strong>Yin-Meridians PE (Perikard \u2013 Ting PE9)<\/strong> wirkt auf <strong>den<\/strong> <strong>Huf, die vorderen Sehnen und B\u00e4nder<\/strong>.<\/p>\n<p>&#8211; Der Magnet nahe des <strong>Yin-Meridians LU (Lunge \u2013 Ting LU11)<\/strong> wirkt <strong>sehnen-muskul\u00e4re Dysfunktionen<\/strong> <strong>des Hufes <\/strong>sowie auf <strong>Schulterblattschmerzen<\/strong><\/p>\n<p>&nbsp;<\/p>\n<p><strong>HINTERGAMASCHEN:<\/strong><\/p>\n<p>&#8211; Der Magnet nahe des <strong>Yang-Meridian LIV (Leber \u2013 Ting LIV1)<\/strong> wirkt auf das <strong>Fesselgelenk<\/strong>, die <strong>seitlichen oberfl\u00e4chlichen Muskeln<\/strong> sowie auf die <strong>Muskulatur der Kruppe und der H\u00fcfte.<\/strong><\/p>\n<p>&#8211; Der Magnet nahe des <strong>Yang-Meridian KI (Niere \u2013 Ting KI1)<\/strong> wirkt auf <strong>Fesselgelenk, Knochen und hintere Sehnen<\/strong>.<\/p>\n<p>&#8211; Der Magnet nahe des <strong>Yang-Meridian SP (Milz \u2013 Ting SP1)<\/strong> wirkt auf die <strong>\u00fcberm\u00e4\u00dfige Bildung von Synovialfl\u00fcssigkeit<\/strong> auf die <strong>Iliopsoas-Muskeln.<\/strong><\/p>\n<p>&#8211; Der Magnet nahe des <strong>Yin-Meridian BL (Blase \u2013 Ting BL67)<\/strong> wirkt auf den <strong>Huf<\/strong>.<\/p>\n<p>&#8211; Der Magnet nahe des <strong>Yin-Meridian GB (Gallenblase \u2013 Ting GB44)<\/strong> wirkt auf den <strong>Huf und die seitlichen Muskeln<\/strong>.<\/p>\n<p>&#8211; Der Magnet nahe des <strong>Yin-Meridian ST (Magen \u2013 Ting ST45)<\/strong> wirkt auf <strong>Muskeln und Fesselgelenk<\/strong>.<\/p>\n<p>&nbsp;<\/p>\n<p>&nbsp;<\/p>\n<p><strong><u>Empfohlene Anwendung<\/u><\/strong><\/p>\n<ul>\n<li>Geeignet w\u00e4hrend der Ruhephasen<br \/>\n\u2022 Ideal nach Trainingseinheiten<br \/>\n\u2022 Geeignet w\u00e4hrend des Transports<br \/>\n\u2022 Bei den ersten Anwendungen wird eine schrittweise Einf\u00fchrung empfohlen<br \/>\n\u2022 Nicht geeignet f\u00fcr Paddock oder dynamische Aktivit\u00e4ten (z. B. Ausreiten, Flacharbeit, etc.).<\/li>\n<\/ul>\n<p>&nbsp;<\/p>\n<p><strong><u>Wichtige Hinweise<\/u><\/strong><\/p>\n<ul>\n<li>Nicht auf offenen Wunden oder unbehandelten Hauterkrankungen anwenden<br \/>\n\u2022 Vermeiden Sie die Anwendung w\u00e4hrend der akuten Phase sichtbarer Traumata.<br \/>\n\u2022 Nicht bei Pferden mit Herzschrittmachern verwenden<br \/>\n\u2022 Nicht w\u00e4hrend der Schwangerschaft verwenden.<br \/>\n\u2022 Konsultieren Sie Ihren Tierarzt bei besonderen Gesundheitszust\u00e4nden.<br \/>\n\u2022 Dieses Produkt ist kein Medizinprodukt<\/li>\n<\/ul>\n","protected":false},"excerpt":{"rendered":"<p>Magnetische Gamaschen<\/p>\n","protected":false},"featured_media":28848,"comment_status":"open","ping_status":"closed","template":"","meta":[],"product_brand":[],"product_cat":[3643,3751],"product_tag":[],"class_list":{"0":"post-19862","1":"product","2":"type-product","3":"status-publish","4":"has-post-thumbnail","6":"product_cat-pferd","7":"product_cat-wellness-linie","8":"pa_codice-intrastat-42010000-de","9":"pa_disciplina-utilizzo-stall","10":"pa_disciplina-utilizzo-transport","11":"pa_giro-nodello-da-28-a-30-cm-de","12":"pa_giro-nodello-da-31-a-32-cm-de","13":"pa_giro-nodello-da-33-a-34-cm-de","14":"pa_giro-nodello-da-35-a-37-cm-de","16":"first","17":"instock","18":"taxable","19":"shipping-taxable","20":"purchasable","21":"product-type-variable"},"_links":{"self":[{"href":"https:\/\/riding.zandona.net\/de\/wp-json\/wp\/v2\/product\/19862","targetHints":{"allow":["GET"]}}],"collection":[{"href":"https:\/\/riding.zandona.net\/de\/wp-json\/wp\/v2\/product"}],"about":[{"href":"https:\/\/riding.zandona.net\/de\/wp-json\/wp\/v2\/types\/product"}],"replies":[{"embeddable":true,"href":"https:\/\/riding.zandona.net\/de\/wp-json\/wp\/v2\/comments?post=19862"}],"wp:featuredmedia":[{"embeddable":true,"href":"https:\/\/riding.zandona.net\/de\/wp-json\/wp\/v2\/media\/28848"}],"wp:attachment":[{"href":"https:\/\/riding.zandona.net\/de\/wp-json\/wp\/v2\/media?parent=19862"}],"wp:term":[{"taxonomy":"product_brand","embeddable":true,"href":"https:\/\/riding.zandona.net\/de\/wp-json\/wp\/v2\/product_brand?post=19862"},{"taxonomy":"product_cat","embeddable":true,"href":"https:\/\/riding.zandona.net\/de\/wp-json\/wp\/v2\/product_cat?post=19862"},{"taxonomy":"product_tag","embeddable":true,"href":"https:\/\/riding.zandona.net\/de\/wp-json\/wp\/v2\/product_tag?post=19862"}],"curies":[{"name":"wp","href":"https:\/\/api.w.org\/{rel}","templated":true}]}}