{"id":19876,"date":"2024-11-06T17:09:47","date_gmt":"2024-11-06T16:09:47","guid":{"rendered":"https:\/\/riding.zandona.net\/shop\/unkategorisiert\/therapeutic-support-boot-air-padding-rear-made-with-coolmax\/"},"modified":"2026-03-12T17:08:40","modified_gmt":"2026-03-12T16:08:40","slug":"magnetic-support-boot-air-padding-rear-made-with-coolmax","status":"publish","type":"product","link":"https:\/\/riding.zandona.net\/de\/shop\/pferd\/zubehoer-fuer-pferdschutz\/ersatz-stall-und-magnetische-transportgamaschen-de\/magnetic-support-boot-air-padding-rear-made-with-coolmax\/","title":{"rendered":"MAGNETIC SUPPORT BOOT AIR PADDING Rear MADE WITH COOLMAX \u00ae"},"content":{"rendered":"<p>MAGNETIC SUPPORT BOOT AIR PADDING ist ein inneres magnetisches Ersatzpolster, das speziell f\u00fcr die Verwendung mit den MAGNETIC SUPPORT BOOT AIR entwickelt wurde.<\/p>\n<p>Dieser he<strong>rausnehmbare Inneneinsatz erm\u00f6glicht es Reitern, die Leistungsf\u00e4higkeit und die strukturelle Integrit\u00e4t<\/strong> ihrer MAGNETIC SUPPORT BOOT AIR langfristig zu erhalten.<\/p>\n<p>&nbsp;<\/p>\n<p><strong><u>Hauptmerkmale<\/u><\/strong><\/p>\n<ul>\n<li><strong>COOLMAX\u00ae-Gewebe, <\/strong>entwickelt f\u00fcr ein<strong> effizientes Feuchtigkeitsmanagement und h\u00f6here Atmungsaktivit\u00e4t<\/strong><\/li>\n<li>Entwickelt f\u00fcr <strong>perfekte Kompatibilit\u00e4t <\/strong>mit den MAGNETIC SUPPORT BOOT AIR<\/li>\n<li><strong>Herausnehmbare und austauschbare innere magnetische Polsterung<\/strong><\/li>\n<li><strong>Made in Italy<\/strong><\/li>\n<\/ul>\n","protected":false},"excerpt":{"rendered":"<p>Ersatzteile f\u00fcr Magnetic Gamaschen<\/p>\n","protected":false},"featured_media":28868,"comment_status":"open","ping_status":"closed","template":"","meta":[],"product_brand":[],"product_cat":[3770,3643,3759],"product_tag":[],"class_list":{"0":"post-19876","1":"product","2":"type-product","3":"status-publish","4":"has-post-thumbnail","6":"product_cat-ersatz-stall-und-magnetische-transportgamaschen-de","7":"product_cat-pferd","8":"product_cat-zubehoer-fuer-pferdschutz","9":"pa_codice-intrastat-42010000-de","10":"pa_disciplina-utilizzo-stall","11":"pa_disciplina-utilizzo-transport","12":"pa_giro-nodello-da-28-a-30-cm-de","13":"pa_giro-nodello-da-31-a-32-cm-de","14":"pa_giro-nodello-da-33-a-34-cm-de","15":"pa_giro-nodello-da-35-a-37-cm-de","17":"first","18":"instock","19":"taxable","20":"shipping-taxable","21":"purchasable","22":"product-type-variable"},"_links":{"self":[{"href":"https:\/\/riding.zandona.net\/de\/wp-json\/wp\/v2\/product\/19876","targetHints":{"allow":["GET"]}}],"collection":[{"href":"https:\/\/riding.zandona.net\/de\/wp-json\/wp\/v2\/product"}],"about":[{"href":"https:\/\/riding.zandona.net\/de\/wp-json\/wp\/v2\/types\/product"}],"replies":[{"embeddable":true,"href":"https:\/\/riding.zandona.net\/de\/wp-json\/wp\/v2\/comments?post=19876"}],"wp:featuredmedia":[{"embeddable":true,"href":"https:\/\/riding.zandona.net\/de\/wp-json\/wp\/v2\/media\/28868"}],"wp:attachment":[{"href":"https:\/\/riding.zandona.net\/de\/wp-json\/wp\/v2\/media?parent=19876"}],"wp:term":[{"taxonomy":"product_brand","embeddable":true,"href":"https:\/\/riding.zandona.net\/de\/wp-json\/wp\/v2\/product_brand?post=19876"},{"taxonomy":"product_cat","embeddable":true,"href":"https:\/\/riding.zandona.net\/de\/wp-json\/wp\/v2\/product_cat?post=19876"},{"taxonomy":"product_tag","embeddable":true,"href":"https:\/\/riding.zandona.net\/de\/wp-json\/wp\/v2\/product_tag?post=19876"}],"curies":[{"name":"wp","href":"https:\/\/api.w.org\/{rel}","templated":true}]}}