{"id":19881,"date":"2024-11-06T17:09:47","date_gmt":"2024-11-06T16:09:47","guid":{"rendered":"https:\/\/riding.zandona.net\/shop\/unkategorisiert\/therapeutic-air-hock\/"},"modified":"2026-03-17T17:16:33","modified_gmt":"2026-03-17T16:16:33","slug":"magnetic-air-hock","status":"publish","type":"product","link":"https:\/\/riding.zandona.net\/de\/shop\/pferd\/wellness-linie\/magnetic-air-hock\/","title":{"rendered":"MAGNETIC AIR HOCK"},"content":{"rendered":"<p>MAGNETIC AIR HOCK wurden entwickelt, um <strong>gezielte Unterst\u00fctzung und erh\u00f6hten Komfort im Bereich des Sprunggelenks w\u00e4hrend der Ruhephasen zu bieten.<\/strong><\/p>\n<p>&nbsp;<\/p>\n<p><strong>Hergestellt in Italien <\/strong>ist jedes Set mit<strong> 12 Permanentmagneten <\/strong>ausgestattet (6 pro Bandage), die strategisch platziert sind, um dank der <strong>permanenten Magnettechnologie Komfort und Entspannung zu f\u00f6rdern.<\/strong><\/p>\n<p><strong>\u00a0<\/strong><\/p>\n<p>Die <strong>ergonomische Form<\/strong> gew\u00e4hrleistet eine <strong>pr\u00e4zise Passform um das Sprunggelenk<\/strong> und bietet <strong>sicheren Halt sowie optimalen Komfort<\/strong>, w\u00e4hrend das Pferd stillsteht.<\/p>\n<p>&nbsp;<\/p>\n<p>&nbsp;<\/p>\n<p><strong><u>Magnettechnologie<\/u><\/strong><\/p>\n<p>Die Permanentmagnete bestehen aus einer<strong> Neodym-Eisen-Bor-Legierung mit Nickelbeschichtung <\/strong>und erzeugen jeweils eine <strong>magnetische Flussdichte von 2600 Gauss<\/strong>.<\/p>\n<p>Magnete werden traditionell in Ruhephasen im Reitsport eingesetzt, um den allgemeinen <strong>Komfort und das Wohlbefinden<\/strong> zu unterst\u00fctzen.<\/p>\n<p>Die MAGNETIC AIR HOCK wurden in <strong>Zusammenarbeit mit Tier\u00e4rzten entwickelt<\/strong>, um sicherzustellen, dass die Magnete entsprechend <strong>ausgew\u00e4hlten anatomischen Bereichen des Sprunggelenks <\/strong>platziert sind.<\/p>\n<p>&nbsp;<\/p>\n<p><strong><u>Empfohlene Anwendung<\/u><\/strong><\/p>\n<ul>\n<li>Geeignet w\u00e4hrend der Ruhephasen<br \/>\n\u2022 Ideal nach Trainingseinheiten<br \/>\n\u2022 Geeignet w\u00e4hrend des Transports<br \/>\n\u2022 Bei den ersten Anwendungen wird eine schrittweise Einf\u00fchrung empfohlen<br \/>\n\u2022 Nicht geeignet f\u00fcr Paddock oder dynamische Aktivit\u00e4ten (z. B. Ausreiten, Flacharbeit, etc.).<\/li>\n<\/ul>\n<p>&nbsp;<\/p>\n<p>&nbsp;<\/p>\n<p><strong><u>Wichtige Hinweise<\/u><\/strong><\/p>\n<ul>\n<li>Nicht auf offenen Wunden oder unbehandelten Hauterkrankungen anwenden<br \/>\n\u2022 Vermeiden Sie die Anwendung w\u00e4hrend der akuten Phase sichtbarer Traumata.<br \/>\n\u2022 Nicht bei Pferden mit Herzschrittmachern verwenden<br \/>\n\u2022 Nicht w\u00e4hrend der Schwangerschaft verwenden.<br \/>\n\u2022 Konsultieren Sie Ihren Tierarzt bei besonderen Gesundheitszust\u00e4nden.<br \/>\n\u2022 Dieses Produkt ist kein Medizinprodukt<\/li>\n<\/ul>\n","protected":false},"excerpt":{"rendered":"<p>Magnetische Bandagen<\/p>\n","protected":false},"featured_media":28873,"comment_status":"open","ping_status":"closed","template":"","meta":[],"product_brand":[],"product_cat":[3643,3751],"product_tag":[],"class_list":{"0":"post-19881","1":"product","2":"type-product","3":"status-publish","4":"has-post-thumbnail","6":"product_cat-pferd","7":"product_cat-wellness-linie","8":"pa_circonferenza-garretto-da-38-a-40-cm-de","9":"pa_circonferenza-garretto-da-41-a-43-cm-de","10":"pa_circonferenza-garretto-da-44-a-46-cm-de","11":"pa_circonferenza-garretto-da-47-a-50-cm-de","12":"pa_codice-intrastat-42010000-de","13":"pa_disciplina-utilizzo-stall","14":"pa_disciplina-utilizzo-transport","16":"first","17":"instock","18":"taxable","19":"shipping-taxable","20":"purchasable","21":"product-type-variable"},"_links":{"self":[{"href":"https:\/\/riding.zandona.net\/de\/wp-json\/wp\/v2\/product\/19881","targetHints":{"allow":["GET"]}}],"collection":[{"href":"https:\/\/riding.zandona.net\/de\/wp-json\/wp\/v2\/product"}],"about":[{"href":"https:\/\/riding.zandona.net\/de\/wp-json\/wp\/v2\/types\/product"}],"replies":[{"embeddable":true,"href":"https:\/\/riding.zandona.net\/de\/wp-json\/wp\/v2\/comments?post=19881"}],"wp:featuredmedia":[{"embeddable":true,"href":"https:\/\/riding.zandona.net\/de\/wp-json\/wp\/v2\/media\/28873"}],"wp:attachment":[{"href":"https:\/\/riding.zandona.net\/de\/wp-json\/wp\/v2\/media?parent=19881"}],"wp:term":[{"taxonomy":"product_brand","embeddable":true,"href":"https:\/\/riding.zandona.net\/de\/wp-json\/wp\/v2\/product_brand?post=19881"},{"taxonomy":"product_cat","embeddable":true,"href":"https:\/\/riding.zandona.net\/de\/wp-json\/wp\/v2\/product_cat?post=19881"},{"taxonomy":"product_tag","embeddable":true,"href":"https:\/\/riding.zandona.net\/de\/wp-json\/wp\/v2\/product_tag?post=19881"}],"curies":[{"name":"wp","href":"https:\/\/api.w.org\/{rel}","templated":true}]}}