{"id":19890,"date":"2024-11-06T17:10:03","date_gmt":"2024-11-06T16:10:03","guid":{"rendered":"https:\/\/riding.zandona.net\/shop\/unkategorisiert\/therapeutic-ceramic-rug\/"},"modified":"2026-03-12T17:15:34","modified_gmt":"2026-03-12T16:15:34","slug":"magnetic-ceramic-rug","status":"publish","type":"product","link":"https:\/\/riding.zandona.net\/de\/shop\/pferd\/wellness-linie\/magnetic-ceramic-rug\/","title":{"rendered":"MAGNETIC CERAMIC RUG"},"content":{"rendered":"<p><strong>MAGNETIC CERAMIC RUG<\/strong> stellt eine fortschrittliche Weiterentwicklung im Management der Ruhephasen von Pferden dar und <strong>kombiniert integrierte Magnettechnologie und keramisches FIR-Gewebe<\/strong> in einer einzigen Hochleistungsdecke.<\/p>\n<p><strong>Hergestellt in Italien<\/strong>, das <strong>atmungsaktive technische Gewebe<\/strong> ist mit <strong>keramischen Mineralpartikeln<\/strong> angereichert, die so entwickelt wurden, dass sie mit der <strong>nat\u00fcrlichen K\u00f6rperw\u00e4rme<\/strong> des Pferdes interagieren und w\u00e4hrend der <strong>Ruhephasen Komfort, Balance und Entspannung<\/strong> f\u00f6rdern.<\/p>\n<p>Dieses <strong>Dual-Technologie-Konzept<\/strong> integriert:<\/p>\n<ul>\n<li><strong>32 Permanentmagnete<\/strong>;<\/li>\n<li><strong>Keramik-angereichertes Gewebe, das entwickelt wurde, um Far Infrared (FIR)-Energie zu reflektieren<\/strong>;<\/li>\n<li><strong>Anatomische Verteilung <\/strong>entlang des Lenden-Dorsalbereichs, der Wirbels\u00e4ule und des Schulterbereichs.<\/li>\n<\/ul>\n<p>&nbsp;<\/p>\n<p><strong><u>Ceramic FIR Technologie<\/u><\/strong><\/p>\n<p>Das Gewebe enth\u00e4lt strukturierte <strong>keramische Mineralpartikel, die in die Fasern integriert sind<\/strong>.<\/p>\n<p>Wenn es durch die <strong>nat\u00fcrliche K\u00f6rperw\u00e4rme des Pferdes<\/strong> aktiviert wird, ist das Material so konzipiert, dass es die <strong>Far Infrared (FIR)-Energie zur\u00fcck zum K\u00f6rper zur\u00fcckreflektiert<\/strong>, einen <strong>gleichm\u00e4\u00dfigen und angenehmen W\u00e4rmeeffekt<\/strong> erzeugt und die Wirkung <strong>der integrierten Magnettechnologie unterst\u00fctzt und verst\u00e4rkt.<\/strong><\/p>\n<p>&nbsp;<\/p>\n<p><strong><u>Magnettechnologie<\/u><\/strong><\/p>\n<p>Die Permanentmagnete bestehen aus einer<strong> Neodym-Eisen-Bor-Legierung mit Nickelbeschichtung <\/strong>und erzeugen jeweils eine <strong>magnetische Flussdichte von 2600 Gauss<\/strong>.<\/p>\n<p>Magnete werden traditionell in Ruhephasen im Reitsport eingesetzt, um den allgemeinen <strong>Komfort und das Wohlbefinden<\/strong> zu unterst\u00fctzen.<\/p>\n<p>MAGNETIC AIR RUG wurde in <strong>Zusammenarbeit mit Tier\u00e4rzten entwickelt<\/strong>, um sicherzustellen, dass die Magnete entsprechend <strong>ausgew\u00e4hlten anatomischen Bereichen <\/strong><strong>\u00fcber den gesamten R\u00fccken und die Schultern<\/strong> platziert sind.<\/p>\n<p>&nbsp;<\/p>\n<p><strong><u>Empfohlene Anwendung<\/u><\/strong><\/p>\n<ul>\n<li>Geeignet w\u00e4hrend der Ruhephasen<br \/>\n\u2022 Ideal nach Trainingseinheiten<br \/>\n\u2022 Geeignet w\u00e4hrend des Transports<br \/>\n\u2022 Bei den ersten Anwendungen wird eine schrittweise Einf\u00fchrung empfohlen<br \/>\n\u2022 Nicht geeignet f\u00fcr Paddock oder dynamische Aktivit\u00e4ten (z. B. Ausreiten, Flacharbeit, etc.).<\/li>\n<\/ul>\n<p>&nbsp;<\/p>\n<p><strong><u>Wichtige Hinweise<\/u><\/strong><\/p>\n<ul>\n<li>Nicht auf offenen Wunden oder unbehandelten Hauterkrankungen anwenden<br \/>\n\u2022 Vermeiden Sie die Anwendung w\u00e4hrend der akuten Phase sichtbarer Traumata.<br \/>\n\u2022 Nicht bei Pferden mit Herzschrittmachern verwenden<br \/>\n\u2022 Nicht w\u00e4hrend der Schwangerschaft verwenden.<br \/>\n\u2022 Konsultieren Sie Ihren Tierarzt bei besonderen Gesundheitszust\u00e4nden.<br \/>\n\u2022 Dieses Produkt ist kein Medizinprodukt<\/li>\n<\/ul>\n<p>&nbsp;<\/p>\n<p>&nbsp;<\/p>\n<p>&nbsp;<\/p>\n","protected":false},"excerpt":{"rendered":"<p>Magneto-Keramik-Pferdedecke<\/p>\n","protected":false},"featured_media":9392,"comment_status":"open","ping_status":"closed","template":"","meta":[],"product_brand":[],"product_cat":[3547,3543,3643,3751],"product_tag":[],"class_list":{"0":"post-19890","1":"product","2":"type-product","3":"status-publish","4":"has-post-thumbnail","6":"product_cat-meistverkaufte-produkte","7":"product_cat-neu","8":"product_cat-pferd","9":"product_cat-wellness-linie","10":"pa_codice-intrastat-42010000-de","11":"pa_disciplina-utilizzo-stall","12":"pa_disciplina-utilizzo-transport","13":"pa_lunghezza-garrese-coda-da-130-a-144-cm-de","14":"pa_lunghezza-garrese-coda-da-145-a-159-cm-de","15":"pa_lunghezza-garrese-coda-da-160-a-174-cm-de","17":"first","18":"instock","19":"taxable","20":"shipping-taxable","21":"purchasable","22":"product-type-variable"},"_links":{"self":[{"href":"https:\/\/riding.zandona.net\/de\/wp-json\/wp\/v2\/product\/19890","targetHints":{"allow":["GET"]}}],"collection":[{"href":"https:\/\/riding.zandona.net\/de\/wp-json\/wp\/v2\/product"}],"about":[{"href":"https:\/\/riding.zandona.net\/de\/wp-json\/wp\/v2\/types\/product"}],"replies":[{"embeddable":true,"href":"https:\/\/riding.zandona.net\/de\/wp-json\/wp\/v2\/comments?post=19890"}],"wp:featuredmedia":[{"embeddable":true,"href":"https:\/\/riding.zandona.net\/de\/wp-json\/wp\/v2\/media\/9392"}],"wp:attachment":[{"href":"https:\/\/riding.zandona.net\/de\/wp-json\/wp\/v2\/media?parent=19890"}],"wp:term":[{"taxonomy":"product_brand","embeddable":true,"href":"https:\/\/riding.zandona.net\/de\/wp-json\/wp\/v2\/product_brand?post=19890"},{"taxonomy":"product_cat","embeddable":true,"href":"https:\/\/riding.zandona.net\/de\/wp-json\/wp\/v2\/product_cat?post=19890"},{"taxonomy":"product_tag","embeddable":true,"href":"https:\/\/riding.zandona.net\/de\/wp-json\/wp\/v2\/product_tag?post=19890"}],"curies":[{"name":"wp","href":"https:\/\/api.w.org\/{rel}","templated":true}]}}