{"id":19894,"date":"2024-11-06T17:10:03","date_gmt":"2024-11-06T16:10:03","guid":{"rendered":"https:\/\/riding.zandona.net\/shop\/unkategorisiert\/thermoboot\/"},"modified":"2026-03-17T17:33:26","modified_gmt":"2026-03-17T16:33:26","slug":"thermoboot","status":"publish","type":"product","link":"https:\/\/riding.zandona.net\/de\/shop\/pferd\/wellness-linie\/thermoboot\/","title":{"rendered":"THERMOBOOT"},"content":{"rendered":"<p>THERMOBOOT wurden f\u00fcr eine <strong>praktische und kontrollierte thermische Anwendung (K\u00e4lte oder W\u00e4rme)<\/strong> direkt auf den <strong>Sehnen und Gelenken des Pferdes w\u00e4hrend der Ruhephase<\/strong> entwickelt.<\/p>\n<p>Hergestellt aus <strong>Neopren mit <\/strong>einer <strong>thermischen Aluminium-Innenbeschichtung<\/strong>, die dazu beitr\u00e4gt, die Temperatur \u00fcber l\u00e4ngere Zeit aufrechtzuerhalten, verf\u00fcgen sie au\u00dferdem \u00fcber eine <strong>3D-Mesh Polsterung<\/strong>, um die Haut des Pferdes sch\u00fctzen und so <strong>maximale K\u00e4lte\/W\u00e4rme \u00dcbertragung<\/strong> zu erm\u00f6glichen.<\/p>\n<p>Die <strong>anatomische Form<\/strong> sorgt f\u00fcr <strong>Stabilit\u00e4t, Komfort und optimalen Kontakt<\/strong> mit Sehnen und Gelenken, w\u00e4hrend das <strong>hervorragende <\/strong><strong>Verschlusssystem<\/strong> eine perfekte <strong>Haftf\u00e4higkeit <\/strong>gew\u00e4hrleistet. Die <strong>\u201eEasy-Pull\u201c-Lasche<\/strong> erm\u00f6glicht ein schnelles und sicheres Entfernen.<\/p>\n<p>&nbsp;<\/p>\n<p><strong>K\u00c4LTETHERAPIE<\/strong><\/p>\n<p>Die K\u00e4lteanwendung kann als <strong>t\u00e4gliche Behandlung<\/strong> f\u00fcr Ihr Pferd eingesetzt werden und wird h\u00e4ufig in <strong>Post-Training-Managementroutinen<\/strong> integriert.<\/p>\n<p>Nach intensiver Arbeit k\u00f6nnen <strong>Mikrotraumata an Kapillaren, Sehnen und B\u00e4ndern<\/strong> auftreten, und kontrollierte K\u00fchlung kann dazu beitragen:<\/p>\n<ul>\n<li><strong>Vasokonstriktion und Verringerung des Zuflusses von Entz\u00fcndungsmediatoren und Toxinen;<\/strong><\/li>\n<li><strong>Lokaler Temperaturregulierung und Schmerzlinderung<\/strong><strong>;<\/strong><\/li>\n<li><strong>Behandlung von H\u00e4matomen, Verstauchungen, Verletzungen, Zerrungen sowie Sehnen- und B\u00e4ndersch\u00e4den;<\/strong><\/li>\n<\/ul>\n<ul>\n<li><strong>Verbesserter Komfort des Beins nach der Arbeit<\/strong><\/li>\n<\/ul>\n<p>F\u00fcr optimale Ergebnisse wird die K\u00e4lteanwendung in <strong>kurzen Sitzungen (20\u201330 Minuten, nicht l\u00e4nger)<\/strong> durchgef\u00fchrt. Es wird empfohlen, die <strong>Gel-Packs regelm\u00e4\u00dfig zu \u00fcberpr\u00fcfen<\/strong>, um sicherzustellen, dass das darunterliegende Gewebe nicht gesch\u00e4digt wird.<\/p>\n<p>Bei schweren Verletzungen mit einer \u00dcberstreckung des Fesselgelenks ist eine Eistherapie erforderlich. In diesem Fall kann THERMOBOOT <strong>mehrmals t\u00e4glich in Sitzungen von 20\u201330 Minuten<\/strong> angewendet werden.<\/p>\n<p><strong>Die kontinuierliche Anwendung der K\u00e4ltetherapie zusammen mit einem kontrollierten Trainingsprogramm ist wesentlich f\u00fcr die Genesung und kann den Rehabilitationsprozess beschleunigen.<\/strong><\/p>\n<p><strong>Die Behandlung im Anfangsstadium der L\u00e4sionen ist wesentlich: Je fr\u00fcher es angewendet wird, desto besser ist.<\/strong><\/p>\n<p><strong>\u00a0<\/strong><\/p>\n<p><strong>W\u00c4RMETHERAPIE<\/strong><\/p>\n<p>Die W\u00e4rmeanwendung wird im Allgemeinen als Teil von <strong>Vorbereitungs- oder Entspannungsroutinen<\/strong> eingesetzt, um die <strong>Durchblutung zu unterst\u00fctzen<\/strong>, verbleibende <strong>Entz\u00fcndungen zu reduzieren<\/strong> und den <strong>N\u00e4hrstofftransport zu f\u00f6rdern<\/strong>, wodurch der <strong>Heilungsprozess<\/strong> unterst\u00fctzt werden kann.<\/p>\n<p>Kontrollierte W\u00e4rmeanwendung kann dazu beitragen:<\/p>\n<ul>\n<li><strong>Muskelentspannung;<\/strong><\/li>\n<li><strong>Vorbereitung vor der Aktivit\u00e4t;<\/strong><\/li>\n<li><strong>Erh\u00f6hte Elastizit\u00e4t und Flexibilit\u00e4t des Weichgewebes;<\/strong><\/li>\n<li><strong>Angenehme thermischer Unterst\u00fctzung w\u00e4hrend der Ruhephase;<\/strong><\/li>\n<li><strong>Analgetische Wirkung und Schmerzlinderung (<\/strong>auch n\u00fctzlich f\u00fcr Pferde mit<strong> Arthrose).<\/strong><\/li>\n<\/ul>\n<p><strong>Die W\u00e4rme sollte schrittweise und in moderaten Intervallen eingef\u00fchrt werden (bis zu 20 Minuten pro Sitzung, nicht l\u00e4nger). Vor der Anwendung ist es wichtig, die Temperatur auf der eigenen Haut zu \u00fcberpr\u00fcfen, um sicherzustellen, dass sie nicht zu intensiv ist. Nach der Anwendung wird empfohlen, das Pferd mit einer Decke warm zu halten, um ein zu schnelles Abk\u00fchlen zu vermeiden. Bei Schwellungen sollte W\u00e4rme erst angewendet werden, wenn seit mindestens 24 Stunden keine Zunahme der Schwellung mehr zu beobachten ist. Der Wechsel zwischen K\u00e4lte- und W\u00e4rmetherapie, bei dem die W\u00e4rmezeit allm\u00e4hlich erh\u00f6ht und die K\u00e4ltezeit reduziert wird, erm\u00f6glicht einen schrittweisen \u00dcbergang zur ausschlie\u00dflichen Anwendung der W\u00e4rmetherapie.<\/strong><\/p>\n<p><strong>WICHTIGER HINWEIS:<\/strong><\/p>\n<p><strong>Es ist wichtig, Ihr Pferd schrittweise an die Kalt-\/Warmtherapie zu gew\u00f6hnen, um den vollen Nutzen aus der Behandlung zu ziehen.<\/strong><\/p>\n<p>Sehnenverletzungen k\u00f6nnen von der K\u00e4lte in den Anfangsphasen (24-48 Stunden nach der Verletzung) genie\u00dfen, um die Entz\u00fcndung zu reduzieren. Nach 48 Stunden kann eine W\u00e4rmetherapie angewendet werden, um die Durchblutung in den zu behandelnden Bereich zu erh\u00f6hen, um den Heilungsprozess zu unterst\u00fctzen.<\/p>\n<p>Bei Verdacht auf Verletzungen, Schwellungen oder ungew\u00f6hnlichen Symptomen konsultieren Sie vor der Anwendung immer Ihren Tierarzt.<\/p>\n<p>Die THERMOBOOT k\u00f6nnen sowohl an den Vorder- als auch an den Hinterbeinen verwendet werden.<br \/>\nJedes Set enth\u00e4lt zwei wiederverwendbare Gel-Packs (eines pro Gamasche);<\/p>\n<p>Lassen Sie das Pferd w\u00e4hrend der Anwendung nicht unbeaufsichtigt;<\/p>\n<p>Dieses Produkt dient ausschlie\u00dflich der Unterst\u00fctzung der Temperaturregulierung und ist kein medizinisches Ger\u00e4t.<\/p>\n<p><strong>\u00a0<\/strong><\/p>\n<p><strong>GEBRAUCHSANWEISUNG:<\/strong><\/p>\n<p><strong>KALT ANWENDUNG: <\/strong><\/p>\n<p><em>Das Ziel der K\u00e4ltetherapie ist es, den Entz\u00fcndungszyklus zu unterbrechen, bevor er Zellsch\u00e4den verursacht. Die K\u00e4ltebehandlung reduziert erheblich die Menge an Gewebe, die durch sekund\u00e4re Verletzungen verloren geht.<\/em><\/p>\n<ol>\n<li>Bewahren Sie die Gel-Packs im Gefrierfach auf, damit sie jederzeit einsatzbereit sind. Die Gel-Packs mindestens 2\u20133 Stunden vor der Anwendung einfrieren.<\/li>\n<li>Stecken Sie die Gel-Packs in die entsprechenden Taschen des THERMOBOOT. Nicht direkt auf die Haut auftragen.<\/li>\n<li>Lassen Sie die THERMOBOOT f\u00fcr maximal 20-30 Minuten pro Sitzungsperiode auf dem Bein des Pferdes. Dr\u00fccken Sie fest, um eine korrekte Anwendung zu gew\u00e4hrleisten. Pr\u00fcfen Sie, ob die Klettverschl\u00fcsse sicher befestigt sind, ohne sie zu fest anzuziehen.<\/li>\n<li>Entfernen Sie die THERMOBOOT f\u00fcr 20 Minuten und wiederholen Sie die K\u00e4lteanwendung je nach Bedarf jede Stunde oder anderthalb Stunden. Konsultieren Sie Ihren Tierarzt f\u00fcr eine weitergehende Anwendung.<\/li>\n<li>Nehmen Sie die THERMOBOOTS f\u00fcr 20 Minuten ab und wiederholen Sie die K\u00e4lteanwendung je nach Bedarf st\u00fcndlich\/alle anderthalb Stunden. Konsultieren Sie Ihren Tierarzt f\u00fcr eine l\u00e4ngere Anwendung.<\/li>\n<\/ol>\n<p><strong>W\u00c4RME ANWENDUNG<\/strong><\/p>\n<p><em>Das Ziel der W\u00e4rmetherapie ist es, die Blutgef\u00e4\u00dfe zu erweitern, wodurch der Blutfluss zu dem Bereich, in dem die W\u00e4rme angewendet wird, erh\u00f6ht wird. Dies f\u00fchrt zu einem erh\u00f6hten Zufluss von N\u00e4hrstoffen und Sauerstoff in den betroffenen Bereich und f\u00f6rdert damit die Heilung. Diese Behandlung kann helfen, die Muskulatur zu entspannen und kann die Elastizit\u00e4t des Bindegewebes des behandelten Bereichs f\u00fcr eine bessere Leistung zu erh\u00f6hen.<\/em><\/p>\n<p><strong><em>&#8211; Verwendung mit WARMWASSER <\/em><\/strong><\/p>\n<ol>\n<li>Kochen Sie etwa 4-5 Liter Wasser.<\/li>\n<li>Sobald das Wasser zum Sieden gekommen ist, entfernen Sie das Wasser aus der W\u00e4rmequelle.<\/li>\n<li>Tauchen Sie die Gel-Packs etwa 10 Minuten in kochendem Wasser.<\/li>\n<li>Entfernen Sie die Gel-Packs vom Wasser und stecken Sie sie in die entsprechenden Taschen des THERMOBOOT. Nicht direkt auf die Haut auftragen.<\/li>\n<li>F\u00fcr einen Abstand von 20 Minuten auf die zu behandelnde Stelle auftragen. Dr\u00fccken Sie fest, um eine korrekte Anwendung zu gew\u00e4hrleisten. Pr\u00fcfen Sie, ob die Klettverschl\u00fcsse sicher befestigt sind, ohne sie zu fest anzuziehen.<\/li>\n<li>Lassen Sie Ihr Pferd w\u00e4hrend der Anwendung von THERMOBOOT nicht unbeaufsichtigt, sondern \u00fcberwachen Sie es immer.<\/li>\n<li>Wiederholung die Therapie bis zu drei- bis viermal t\u00e4glich. Konsultieren Sie Ihren Tierarzt f\u00fcr eine weitergehende Anwendung.<\/li>\n<\/ol>\n<p>&nbsp;<\/p>\n<p><strong><em>&#8211; Verwendung mit MIKROWELLE <\/em><\/strong><\/p>\n<p>Mikrowellenherde haben unterschiedliche Leistungen, daher m\u00fcssen Sie die richtige Erhitzungszeit f\u00fcr Ihren Mikrowellenherd herausfinden.<\/p>\n<ol>\n<li>Bevor Sie die Gel-Packs in die Mikrowelle stellen, flach machen und sicherstellen, dass das darin enthaltene Gel gleichm\u00e4\u00dfig verteilt ist. Wir empfehlen jedoch, 650 W nicht zu \u00fcberschreiten.<\/li>\n<li>Wenn die Gel-Packs Raumtemperatur haben, stellen Sie die Mikrowelle auf maximale Leistung und erw\u00e4rmen Sie sie 10 Sekunden lang und lassen Sie sie dann 1 Minute ruhen. Wenn zus\u00e4tzliche Hitze erforderlich ist, versuchen Sie es mit weiteren 10 Sekunden bei gleicher Ruhezeit, bis die gew\u00fcnschte Temperatur erreicht ist.<\/li>\n<li>Wenn die Gel-Packs im Gefrierschrank aufbewahrt wurden, stellen Sie die Mikrowelle auf maximale Leistung und erhitzen Sie sie zun\u00e4chst 15 Sekunden lang, dann lassen Sie sie 90 Sekunden ruhen. Danach erhitzen Sie sie in Schritten von 10 Sekunden mit gleicher Ruhezeit, bis die gew\u00fcnschte Temperatur erreicht ist.<\/li>\n<li>Notieren Sie sich die Gesamtzeit, die f\u00fcr die sp\u00e4tere Verwendung ben\u00f6tigt wird.<\/li>\n<li>Stecken Sie die Gel-Packs in die entsprechenden Taschen des THERMOBOOT. Nicht direkt auf die Haut auftragen.<\/li>\n<li>F\u00fcr einen Abstand von 20 Minuten auf die zu behandelnde Stelle auftragen. Dr\u00fccken Sie fest, um eine korrekte Anwendung zu gew\u00e4hrleisten. Pr\u00fcfen Sie, ob die Klettverschl\u00fcsse sicher befestigt sind, ohne sie zu fest anzuziehen.<\/li>\n<li>Lassen Sie das Pferd w\u00e4hrend der Anwendung die THERMOBOOT nicht unbeaufsichtigt, sondern beaufsichtigen Sie es immer.<\/li>\n<li>Wiederholung die Therapie bis zu drei- bis viermal t\u00e4glich. Konsultieren Sie Ihren Tierarzt f\u00fcr eine weitergehende Anwendung.<\/li>\n<\/ol>\n<p><strong><br \/>\nTHERMOBOOT-WASCHANLEITUNG:<\/strong><\/p>\n<ol>\n<li>Entfernen Sie die Gel-Packs aus beiden THERMOBOOT;<\/li>\n<li>Stellen Sie sicher, dass alle Klettverschl\u00fcsse vollst\u00e4ndig geschlossen sind;<\/li>\n<li>Legen Sie die THERMOBOOT in speziellen W\u00e4schebeutel f\u00fcr Waschmaschinen, um sie beim Waschen zu sch\u00fctzen;<\/li>\n<\/ol>\n<p>4.Waschen Sie sie vorsichtig bei 30\u00b0C in der Waschmaschine;<\/p>\n<ol start=\"5\">\n<li>Trocknen Sie sie mit einem Handtuch ab und bewahren Sie sie an einem k\u00fchlen Ort auf.<\/li>\n<\/ol>\n<p><strong><br \/>\nWASCHANLEITUNG F\u00dcR GEL-PACKS:<\/strong><\/p>\n<ol>\n<li>Entfernen Sie die Gel-Packs aus beiden THERMOBOOT;<\/li>\n<li>Nicht in der Waschmaschine waschen;<\/li>\n<li>Reinigen Sie die Gel Packs ausschlie\u00dflich von Hand mit neutraler Seife und warmem Wasser;<\/li>\n<li>Trocknen Sie sie mit einem Handtuch ab und bewahren Sie sie an einem k\u00fchlen Ort auf.<\/li>\n<\/ol>\n<p>&nbsp;<\/p>\n<p><strong>PFLEGE UND WARTUNG:<\/strong><\/p>\n<p>Bitte achten Sie darauf, dass die THERMOBOOT sauber sind und frei von Staub-, Schlamm- und Schmutz halten.<br \/>\nAn einem k\u00fchlen und trockenen Ort aufbewahren.<br \/>\nNicht verwenden, wenn die Gel-Packs besch\u00e4digt sind (z. B. wenn das Gel aus der Packung herauskommt). Im Falle einer Besch\u00e4digung, ersetzen die besch\u00e4digte Gel-Packs durch neue, die als Ersatzteilset auf <a href=\"https:\/\/riding.zandona.net\/de\/\">https:\/\/riding.zandona.net<\/a> verf\u00fcgbar sind.<\/p>\n<p>&nbsp;<\/p>\n","protected":false},"excerpt":{"rendered":"<p>Pferdegamaschen f\u00fcr Thermische Anwendung<\/p>\n","protected":false},"featured_media":9397,"comment_status":"open","ping_status":"closed","template":"","meta":[],"product_brand":[],"product_cat":[3547,3643,3751],"product_tag":[],"class_list":{"0":"post-19894","1":"product","2":"type-product","3":"status-publish","4":"has-post-thumbnail","6":"product_cat-meistverkaufte-produkte","7":"product_cat-pferd","8":"product_cat-wellness-linie","9":"pa_codice-intrastat-42010000-de","10":"pa_disciplina-utilizzo-stall","11":"pa_disciplina-utilizzo-transport","12":"pa_giro-nodello-da-26-a-31-cm-de","13":"pa_giro-nodello-da-32-a-37-cm-de","15":"first","16":"instock","17":"taxable","18":"shipping-taxable","19":"purchasable","20":"product-type-variable"},"_links":{"self":[{"href":"https:\/\/riding.zandona.net\/de\/wp-json\/wp\/v2\/product\/19894","targetHints":{"allow":["GET"]}}],"collection":[{"href":"https:\/\/riding.zandona.net\/de\/wp-json\/wp\/v2\/product"}],"about":[{"href":"https:\/\/riding.zandona.net\/de\/wp-json\/wp\/v2\/types\/product"}],"replies":[{"embeddable":true,"href":"https:\/\/riding.zandona.net\/de\/wp-json\/wp\/v2\/comments?post=19894"}],"wp:featuredmedia":[{"embeddable":true,"href":"https:\/\/riding.zandona.net\/de\/wp-json\/wp\/v2\/media\/9397"}],"wp:attachment":[{"href":"https:\/\/riding.zandona.net\/de\/wp-json\/wp\/v2\/media?parent=19894"}],"wp:term":[{"taxonomy":"product_brand","embeddable":true,"href":"https:\/\/riding.zandona.net\/de\/wp-json\/wp\/v2\/product_brand?post=19894"},{"taxonomy":"product_cat","embeddable":true,"href":"https:\/\/riding.zandona.net\/de\/wp-json\/wp\/v2\/product_cat?post=19894"},{"taxonomy":"product_tag","embeddable":true,"href":"https:\/\/riding.zandona.net\/de\/wp-json\/wp\/v2\/product_tag?post=19894"}],"curies":[{"name":"wp","href":"https:\/\/api.w.org\/{rel}","templated":true}]}}