{"id":19899,"date":"2024-11-06T17:10:22","date_gmt":"2024-11-06T16:10:22","guid":{"rendered":"https:\/\/riding.zandona.net\/shop\/unkategorisiert\/turnout-boot-2-0-front\/"},"modified":"2024-11-07T15:33:44","modified_gmt":"2024-11-07T14:33:44","slug":"turnout-boot-2-0-front","status":"publish","type":"product","link":"https:\/\/riding.zandona.net\/de\/shop\/pferd\/gamaschen\/flache-arbeit-und-paddock\/turnout-boot-2-0-front\/","title":{"rendered":"TURNOUT BOOT 2.0 Front"},"content":{"rendered":"<p>TURNOUT BOOT AIR 2.0 Front sind innovative, leichte, komfortable und vielseitige Gamaschen aus 100% Made in Italy, die das Pferd vor St\u00f6\u00dfen und Reibung im t\u00e4glichen Gebrauch, bei der Flacharbeit, beim Spazierritt, Paddock und viel mehr sch\u00fctzen.<br \/>\nDas Innenfutter aus Kunstfell ist sehr pflegeleicht.<br \/>\nDie Gamaschen vollst\u00e4ndig perforierten bieten eine ausgezeichnete Atmungsaktivit\u00e4t und nehmen dank der geschlossenzelligen Materialien kein Wasser auf.<\/p>\n<p>HAUPTMERKMALE:<br \/>\n&#8211; Innenfutter aus Kunstfell, pflegeleicht;<br \/>\n&#8211; Gel-Tech zur Sto\u00dfd\u00e4mpfung;<br \/>\n&#8211; Wasserdicht;<br \/>\n &#8211; Atmungsaktiv;<br \/>\n&#8211; 100% Made in Italy.<\/p>\n<p>Wasch- und Pflegehinweise:<br \/>\n&#8211; Entfernen Sie Haare &#038; Schmutz mit einer nicht aggressiven B\u00fcrste vorsichtig;<br \/>\n&#8211; Stellen Sie sicher, dass alle Klettverschl\u00fcsse vollst\u00e4ndig geschlossen sind;<br \/>\n&#8211; Maschinenw\u00e4sche bei 30 \u00b0 C mit einem Feinwaschmittel;<br \/>\n  &#8211; Wir empfehlen, das Produkt in herk\u00f6mmlichen Waschtaschen \/ -koffern f\u00fcr Waschmaschinen zu waschen;<br \/>\n&#8211; Lassen Sie es auf nat\u00fcrliche Weise trocknen, fern von direkten W\u00e4rmequellen.<\/p>\n","protected":false},"excerpt":{"rendered":"<p>Vorderbeinschutz<\/p>\n","protected":false},"featured_media":28878,"comment_status":"open","ping_status":"open","template":"","meta":[],"product_brand":[],"product_cat":[3739,3647,3643],"product_tag":[],"class_list":{"0":"post-19899","1":"product","2":"type-product","3":"status-publish","4":"has-post-thumbnail","6":"product_cat-flache-arbeit-und-paddock","7":"product_cat-gamaschen","8":"product_cat-pferd","9":"pa_codice-intrastat-42010000-de","10":"pa_disciplina-utilizzo-dressur","11":"pa_disciplina-utilizzo-flacharbeit","12":"pa_disciplina-utilizzo-harness","13":"pa_disciplina-utilizzo-koppel","14":"pa_disciplina-utilizzo-trekking-de","15":"pa_giro-nodello-da-26-a-28-cm-de","16":"pa_giro-nodello-da-29-a-30-cm-de","17":"pa_giro-nodello-da-31-a-32-cm-de","18":"pa_giro-nodello-da-33-a-35-cm-de","20":"first","21":"instock","22":"taxable","23":"shipping-taxable","24":"purchasable","25":"product-type-variable"},"_links":{"self":[{"href":"https:\/\/riding.zandona.net\/de\/wp-json\/wp\/v2\/product\/19899","targetHints":{"allow":["GET"]}}],"collection":[{"href":"https:\/\/riding.zandona.net\/de\/wp-json\/wp\/v2\/product"}],"about":[{"href":"https:\/\/riding.zandona.net\/de\/wp-json\/wp\/v2\/types\/product"}],"replies":[{"embeddable":true,"href":"https:\/\/riding.zandona.net\/de\/wp-json\/wp\/v2\/comments?post=19899"}],"wp:featuredmedia":[{"embeddable":true,"href":"https:\/\/riding.zandona.net\/de\/wp-json\/wp\/v2\/media\/28878"}],"wp:attachment":[{"href":"https:\/\/riding.zandona.net\/de\/wp-json\/wp\/v2\/media?parent=19899"}],"wp:term":[{"taxonomy":"product_brand","embeddable":true,"href":"https:\/\/riding.zandona.net\/de\/wp-json\/wp\/v2\/product_brand?post=19899"},{"taxonomy":"product_cat","embeddable":true,"href":"https:\/\/riding.zandona.net\/de\/wp-json\/wp\/v2\/product_cat?post=19899"},{"taxonomy":"product_tag","embeddable":true,"href":"https:\/\/riding.zandona.net\/de\/wp-json\/wp\/v2\/product_tag?post=19899"}],"curies":[{"name":"wp","href":"https:\/\/api.w.org\/{rel}","templated":true}]}}