{"id":19926,"date":"2024-11-06T17:10:52","date_gmt":"2024-11-06T16:10:52","guid":{"rendered":"https:\/\/riding.zandona.net\/shop\/unkategorisiert\/superior-chafe-guard-evo\/"},"modified":"2024-11-07T15:33:17","modified_gmt":"2024-11-07T14:33:17","slug":"superior-chafe-guard-evo","status":"publish","type":"product","link":"https:\/\/riding.zandona.net\/de\/shop\/pferd\/schutzgurten\/superior-chafe-guard-evo\/","title":{"rendered":"SUPERIOR CHAFE GUARD EVO"},"content":{"rendered":"<p>HAUPTMERKMALE:<br \/>\n&#8211; Hochwertiges Band mit hoher Atmungsaktivit\u00e4t;<br \/>\n&#8211; Spezielle L\u00fcftungsleitungen;<br \/>\n&#8211; Verst\u00e4rktes Gewebe;<br \/>\n&#8211; Koppelung f\u00fcr den Sattel;<br \/>\n&#8211; Klettverschluss;<br \/>\n&#8211; M\u00f6glichkeit der Verbindung mit dem Gurt;<br \/>\n&#8211; 100% Made in Italy.<\/p>\n<p>Eines der h\u00e4ufigsten Probleme, mit denen Pferde zu k\u00e4mpfen haben, sind die sogenannten \u201cBluterg\u00fcsse\u201c. Sie neigen dazu, sich im sehr empfindlichen Bereich der Brust zu bilden, der oft von den Beinen und Sporen des Reiters gerieben wird.<\/p>\n<p>SUPERIOR CHAFE GUARD EVO ist eine Scheuernschutz-Bandage, die vor Abrieben sch\u00fctzt und so eine weitere Belastung und Schw\u00e4chung der empfindlichen Stelle beim Reiben verhindert.<br \/>\nHergestellt aus einem HOCHWERTIGEN GUMMIBAND mit HOHER ATMUNGSAKTIVIT\u00c4T, ausgestattet mit SPEZIELLEN BEL\u00dcFTUNGSLINIEN, l\u00e4sst es die Haut des Pferdes atmen, damit sich der m\u00f6glicherweise bereits &#8221; Bluterg\u00fcsse &#8221; Bereich unter optimalen Bedingungen regenerieren und heilen kann. Ein VERST\u00c4RKUNGSGEWEBE wurde ebenfalls in \u00dcbereinstimmung mit dem Fu\u00df des Reiters platziert, um die Haltbarkeit des Bandes zu erh\u00f6hen und den Verschlei\u00df durch den Gebrauch zu reduzieren.<\/p>\n<p>Der SUPERIOR CHAFE GUARD EVO ist mit einer Koppelung f\u00fcr den Sattel sowie Klettverschl\u00fcssen ausgestattet. Die 4 Schlaufen (2 auf jeder Seite) erlauben die Verbindung mit jeder Art von Gurt um Stabilit\u00e4t zu garantieren.<\/p>\n<p>Der SUPERIOR CHAFE GUARD EVO ist in Schwarz oder in Braun in den folgenden Gr\u00f6\u00dfen erh\u00e4ltlich:<br \/>\nS: 185cm (bei 180\/199 cm Brustumfang des Pferdes &#8211; Gurtumfang 110-120cm)<br \/>\nM: 205cm (bei 200\/219 cm Brustumfang des Pferdes &#8211; Gurtumfang 125-135cm)<br \/>\nL\/XL: 215cm (bei 220\/249 cm Brustumfang des Pferdes &#8211; Gurtumfang 140-150cm)<\/p>\n<p>Breite: 26cm<\/p>\n<p>Haftungsausschluss: SUPERIOR CHAFE GUARD EVO ist ein Produkt, das naturgem\u00e4\u00df einem Verschlei\u00df unterliegt und besonders wenn Sporen verwendet werden (die wir nicht empfehlen) daher seine Nutzungsdauer verk\u00fcrzen kann. Zandon\u00e0 beh\u00e4lt sich das Recht vor, bei unsachgem\u00e4\u00dfer Verwendung des Produkts (Sporen usw.), vorzeitigem Verschlei\u00df oder bei Sch\u00e4den am Produkt, die nicht direkt auf Herstellungsfehler zur\u00fcckzuf\u00fchren sind, Anspr\u00fcche abzulehnen.<\/p>\n","protected":false},"excerpt":{"rendered":"<p>Schutzgurten<\/p>\n","protected":false},"featured_media":28893,"comment_status":"open","ping_status":"closed","template":"","meta":[],"product_brand":[],"product_cat":[3547,3643,3755],"product_tag":[],"class_list":{"0":"post-19926","1":"product","2":"type-product","3":"status-publish","4":"has-post-thumbnail","6":"product_cat-meistverkaufte-produkte","7":"product_cat-pferd","8":"product_cat-schutzgurten","9":"pa_circonferenza-torace-da-170-a-189-cm-de","10":"pa_circonferenza-torace-da-190-a-219-cm-de","11":"pa_circonferenza-torace-da-220-a-249-cm-de","12":"pa_codice-intrastat-42010000-de","13":"pa_disciplina-utilizzo-dressur","14":"pa_disciplina-utilizzo-springreiten","15":"pa_disciplina-utilizzo-vielseitigkeit","17":"first","18":"instock","19":"taxable","20":"shipping-taxable","21":"purchasable","22":"product-type-variable"},"_links":{"self":[{"href":"https:\/\/riding.zandona.net\/de\/wp-json\/wp\/v2\/product\/19926","targetHints":{"allow":["GET"]}}],"collection":[{"href":"https:\/\/riding.zandona.net\/de\/wp-json\/wp\/v2\/product"}],"about":[{"href":"https:\/\/riding.zandona.net\/de\/wp-json\/wp\/v2\/types\/product"}],"replies":[{"embeddable":true,"href":"https:\/\/riding.zandona.net\/de\/wp-json\/wp\/v2\/comments?post=19926"}],"wp:featuredmedia":[{"embeddable":true,"href":"https:\/\/riding.zandona.net\/de\/wp-json\/wp\/v2\/media\/28893"}],"wp:attachment":[{"href":"https:\/\/riding.zandona.net\/de\/wp-json\/wp\/v2\/media?parent=19926"}],"wp:term":[{"taxonomy":"product_brand","embeddable":true,"href":"https:\/\/riding.zandona.net\/de\/wp-json\/wp\/v2\/product_brand?post=19926"},{"taxonomy":"product_cat","embeddable":true,"href":"https:\/\/riding.zandona.net\/de\/wp-json\/wp\/v2\/product_cat?post=19926"},{"taxonomy":"product_tag","embeddable":true,"href":"https:\/\/riding.zandona.net\/de\/wp-json\/wp\/v2\/product_tag?post=19926"}],"curies":[{"name":"wp","href":"https:\/\/api.w.org\/{rel}","templated":true}]}}