{"id":19933,"date":"2024-11-06T17:11:04","date_gmt":"2024-11-06T16:11:04","guid":{"rendered":"https:\/\/riding.zandona.net\/shop\/unkategorisiert\/basic-chafe-guard\/"},"modified":"2024-11-07T11:42:05","modified_gmt":"2024-11-07T10:42:05","slug":"basic-chafe-guard","status":"publish","type":"product","link":"https:\/\/riding.zandona.net\/de\/shop\/pferd\/schutzgurten\/basic-chafe-guard\/","title":{"rendered":"BASIC CHAFE GUARD"},"content":{"rendered":"<p>BASIC CHAFE GUARD ist ein wesentliches elastisches Band, das vor &#8221; Bluterg\u00fcsse &#8221; sch\u00fctzt und so verhindert, dass der empfindliche Bereich, der einem Reiben ausgesetzt ist, weiter belastet und geschw\u00e4cht wird. <\/p>\n<p>Hergestellt aus hochelastischem Material, erm\u00f6glicht es eine h\u00f6here Empfindlichkeit * im Kontakt mit dem Pferd und sorgt daf\u00fcr, dass sich der bereits abriebempfindliche Bereich unter optimalen Bedingungen regenerieren und heilen kann. <\/p>\n<p>Die Struktur ist einfach und minimal, erm\u00f6glicht aber eine effektive Verwendung zum Schutz des Pferdes. Abh\u00e4ngig von der mehr oder weniger intensiven Nutzung und der Verwendung von Sporen (die wir nicht empfehlen) kann das Produkt eine begrenzte Dauer * haben. <\/p>\n<p>BASIC CHAFE GUARD ist mit einem Klettverschlusssystem ausgestattet. Die vier Schlaufen (zwei auf jeder Seite) erm\u00f6glichen die Verbindung mit jeder Art von Gurt, um die Stabilit\u00e4t zu gew\u00e4hrleisten.<\/p>\n<p>BASIC CHAFE GUARD ist in Schwarz in folgenden Gr\u00f6\u00dfen erh\u00e4ltlich:<br \/>\nS: 170 cm (Brustumfang 180\/199 cm &#8211; Gurtumfang 110-120 cm)<br \/>\nM: 185 cm (Brustumfang 200\/219 cm &#8211; Gurtumfang 125-135 cm)<br \/>\nL \/ XL : 200 cm (Brustumfang 220\/249 cm &#8211; Gurtumfang 140-150 cm) <\/p>\n<p>* im Vergleich zu SUPERIOR CHAFE GUARD EVO. <\/p>\n<p>HAUPTMERKMALE:<\/p>\n<p> &#8211; Maximale Empfindlichkeit;<br \/>\n &#8211; Hohe Elastizit\u00e4t;<br \/>\n&#8211; Klettverschluss;<br \/>\n&#8211; Verbindung zum Gurt;<br \/>\n&#8211; 100% Made in Italy. <\/p>\n<p>Haftungsausschluss: BASIC CHAFE GUARD ist ein Produkt, das naturgem\u00e4\u00df einem Verschlei\u00df unterliegt und besonders wenn Sporen verwendet werden (die wir nicht empfehlen) daher seine Nutzungsdauer verk\u00fcrzen kann. Zandon\u00e0 beh\u00e4lt sich das Recht vor, bei unsachgem\u00e4\u00dfer Verwendung des Produkts (Sporen usw.), vorzeitigem Verschlei\u00df oder bei Sch\u00e4den am Produkt, die nicht direkt auf Herstellungsfehler zur\u00fcckzuf\u00fchren sind, Anspr\u00fcche abzulehnen.<\/p>\n","protected":false},"excerpt":{"rendered":"<p>Schutzgurten<\/p>\n","protected":false},"featured_media":28903,"comment_status":"open","ping_status":"open","template":"","meta":[],"product_brand":[],"product_cat":[3551,3643,3755],"product_tag":[],"class_list":{"0":"post-19933","1":"product","2":"type-product","3":"status-publish","4":"has-post-thumbnail","6":"product_cat-ausgewahlte","7":"product_cat-pferd","8":"product_cat-schutzgurten","9":"pa_circonferenza-torace-da-170-a-189-cm-de","10":"pa_circonferenza-torace-da-190-a-219-cm-de","11":"pa_circonferenza-torace-da-220-a-249-cm-de","12":"pa_codice-intrastat-42010000-de","13":"pa_disciplina-utilizzo-dressur","14":"pa_disciplina-utilizzo-springreiten","15":"pa_disciplina-utilizzo-vielseitigkeit","17":"first","18":"instock","19":"taxable","20":"shipping-taxable","21":"purchasable","22":"product-type-variable"},"_links":{"self":[{"href":"https:\/\/riding.zandona.net\/de\/wp-json\/wp\/v2\/product\/19933","targetHints":{"allow":["GET"]}}],"collection":[{"href":"https:\/\/riding.zandona.net\/de\/wp-json\/wp\/v2\/product"}],"about":[{"href":"https:\/\/riding.zandona.net\/de\/wp-json\/wp\/v2\/types\/product"}],"replies":[{"embeddable":true,"href":"https:\/\/riding.zandona.net\/de\/wp-json\/wp\/v2\/comments?post=19933"}],"wp:featuredmedia":[{"embeddable":true,"href":"https:\/\/riding.zandona.net\/de\/wp-json\/wp\/v2\/media\/28903"}],"wp:attachment":[{"href":"https:\/\/riding.zandona.net\/de\/wp-json\/wp\/v2\/media?parent=19933"}],"wp:term":[{"taxonomy":"product_brand","embeddable":true,"href":"https:\/\/riding.zandona.net\/de\/wp-json\/wp\/v2\/product_brand?post=19933"},{"taxonomy":"product_cat","embeddable":true,"href":"https:\/\/riding.zandona.net\/de\/wp-json\/wp\/v2\/product_cat?post=19933"},{"taxonomy":"product_tag","embeddable":true,"href":"https:\/\/riding.zandona.net\/de\/wp-json\/wp\/v2\/product_tag?post=19933"}],"curies":[{"name":"wp","href":"https:\/\/api.w.org\/{rel}","templated":true}]}}