{"id":19937,"date":"2024-11-06T17:11:04","date_gmt":"2024-11-06T16:11:04","guid":{"rendered":"https:\/\/riding.zandona.net\/shop\/unkategorisiert\/air-mesh-stable-bandages-4pcs\/"},"modified":"2024-11-07T11:42:07","modified_gmt":"2024-11-07T10:42:07","slug":"air-mesh-stable-bandages-4pcs","status":"publish","type":"product","link":"https:\/\/riding.zandona.net\/de\/shop\/pferd\/gamaschen\/stall-box-ruhegamaschen-bandagen-de\/air-mesh-stable-bandages-4pcs\/","title":{"rendered":"AIR-MESH STABLE BANDAGES (4pcs)"},"content":{"rendered":"<p>Die AIR-MESH STABLE BANDAGES wurden entwickelt, um dem Pferd einen besseren Verband w\u00e4hrend der Ruhezeit zu geben. <\/p>\n<p>Durch das spezielle 3D-Air-Mesh erm\u00f6glichen sie nicht nur eine pr\u00e4zise und genaue Druckverteilung, sondern auch eine optimale und effektive Atmungsaktivit\u00e4t im Bein. <\/p>\n<p> Sie sind weich, lassen sich dank des Klettverschlusses leicht an- und ausziehen. <\/p>\n<p>Das Set besteht aus 4 St\u00fcck mit jeweils 4 Metern L\u00e4nge und wird in einer praktischen Tasche geliefert, die sich ideal f\u00fcr die einfache Aufbewahrung und den Transport \u00fcberall hin eignet.<\/p>\n","protected":false},"excerpt":{"rendered":"<p>Ruheb\u00e4nder<\/p>\n","protected":false},"featured_media":9464,"comment_status":"open","ping_status":"open","template":"","meta":[],"product_brand":[],"product_cat":[3647,3643,3718],"product_tag":[],"class_list":{"0":"post-19937","1":"product","2":"type-product","3":"status-publish","4":"has-post-thumbnail","6":"product_cat-gamaschen","7":"product_cat-pferd","8":"product_cat-stall-box-ruhegamaschen-bandagen-de","9":"pa_codice-intrastat-42010000-de","10":"pa_disciplina-utilizzo-stall","11":"pa_disciplina-utilizzo-transport","12":"pa_giro-nodello-da-24-a-37-cm-de","14":"first","15":"instock","16":"taxable","17":"shipping-taxable","18":"purchasable","19":"product-type-simple"},"_links":{"self":[{"href":"https:\/\/riding.zandona.net\/de\/wp-json\/wp\/v2\/product\/19937","targetHints":{"allow":["GET"]}}],"collection":[{"href":"https:\/\/riding.zandona.net\/de\/wp-json\/wp\/v2\/product"}],"about":[{"href":"https:\/\/riding.zandona.net\/de\/wp-json\/wp\/v2\/types\/product"}],"replies":[{"embeddable":true,"href":"https:\/\/riding.zandona.net\/de\/wp-json\/wp\/v2\/comments?post=19937"}],"wp:featuredmedia":[{"embeddable":true,"href":"https:\/\/riding.zandona.net\/de\/wp-json\/wp\/v2\/media\/9464"}],"wp:attachment":[{"href":"https:\/\/riding.zandona.net\/de\/wp-json\/wp\/v2\/media?parent=19937"}],"wp:term":[{"taxonomy":"product_brand","embeddable":true,"href":"https:\/\/riding.zandona.net\/de\/wp-json\/wp\/v2\/product_brand?post=19937"},{"taxonomy":"product_cat","embeddable":true,"href":"https:\/\/riding.zandona.net\/de\/wp-json\/wp\/v2\/product_cat?post=19937"},{"taxonomy":"product_tag","embeddable":true,"href":"https:\/\/riding.zandona.net\/de\/wp-json\/wp\/v2\/product_tag?post=19937"}],"curies":[{"name":"wp","href":"https:\/\/api.w.org\/{rel}","templated":true}]}}