{"id":19941,"date":"2024-11-06T17:11:04","date_gmt":"2024-11-06T16:11:04","guid":{"rendered":"https:\/\/riding.zandona.net\/shop\/unkategorisiert\/merino-stable-leg-wraps-2pcs\/"},"modified":"2024-11-07T11:42:12","modified_gmt":"2024-11-07T10:42:12","slug":"merino-stable-leg-wraps-2pcs","status":"publish","type":"product","link":"https:\/\/riding.zandona.net\/de\/shop\/pferd\/gamaschen\/stall-box-ruhegamaschen-bandagen-de\/merino-stable-leg-wraps-2pcs\/","title":{"rendered":"MERINO STABLE LEG WRAPS (2pcs)"},"content":{"rendered":"<p>MERINO STABLE LEG WRAPS sind spezielle Bandagen aus hochwertiger Merinowolle \u201cNo Skin, No Problem\u201c, erhalten mit der Schur.<\/p>\n<p>Merinowolle, ein nat\u00fcrlicher Temperaturregler, ist perfekt f\u00fcr den Einsatz in allen 4 Jahreszeiten und dank ihrer hypoallergenen Eigenschaften ist ideal f\u00fcr Pferde mit sensibler Haut. Diese B\u00e4nder sind sehr n\u00fctzlich bei geschwollenen Beinen oder um dem Pferd bei der Erholung\/Ruhe nach dem Training zu helfen.<br \/>\nMade in Italy, 2 St\u00fcck, je 45 x 50 cm.<\/p>\n","protected":false},"excerpt":{"rendered":"<p>Beinwickel<\/p>\n","protected":false},"featured_media":9472,"comment_status":"open","ping_status":"open","template":"","meta":[],"product_brand":[],"product_cat":[3647,3643,3718],"product_tag":[],"class_list":{"0":"post-19941","1":"product","2":"type-product","3":"status-publish","4":"has-post-thumbnail","6":"product_cat-gamaschen","7":"product_cat-pferd","8":"product_cat-stall-box-ruhegamaschen-bandagen-de","9":"pa_codice-intrastat-42010000-de","10":"pa_disciplina-utilizzo-stall","11":"pa_disciplina-utilizzo-transport","12":"pa_giro-nodello-da-24-a-37-cm-de","14":"first","15":"instock","16":"taxable","17":"shipping-taxable","18":"purchasable","19":"product-type-simple"},"_links":{"self":[{"href":"https:\/\/riding.zandona.net\/de\/wp-json\/wp\/v2\/product\/19941","targetHints":{"allow":["GET"]}}],"collection":[{"href":"https:\/\/riding.zandona.net\/de\/wp-json\/wp\/v2\/product"}],"about":[{"href":"https:\/\/riding.zandona.net\/de\/wp-json\/wp\/v2\/types\/product"}],"replies":[{"embeddable":true,"href":"https:\/\/riding.zandona.net\/de\/wp-json\/wp\/v2\/comments?post=19941"}],"wp:featuredmedia":[{"embeddable":true,"href":"https:\/\/riding.zandona.net\/de\/wp-json\/wp\/v2\/media\/9472"}],"wp:attachment":[{"href":"https:\/\/riding.zandona.net\/de\/wp-json\/wp\/v2\/media?parent=19941"}],"wp:term":[{"taxonomy":"product_brand","embeddable":true,"href":"https:\/\/riding.zandona.net\/de\/wp-json\/wp\/v2\/product_brand?post=19941"},{"taxonomy":"product_cat","embeddable":true,"href":"https:\/\/riding.zandona.net\/de\/wp-json\/wp\/v2\/product_cat?post=19941"},{"taxonomy":"product_tag","embeddable":true,"href":"https:\/\/riding.zandona.net\/de\/wp-json\/wp\/v2\/product_tag?post=19941"}],"curies":[{"name":"wp","href":"https:\/\/api.w.org\/{rel}","templated":true}]}}