{"id":20016,"date":"2024-11-06T17:12:28","date_gmt":"2024-11-06T16:12:28","guid":{"rendered":"https:\/\/riding.zandona.net\/shop\/unkategorisiert\/sport-backpack\/"},"modified":"2024-11-07T15:35:32","modified_gmt":"2024-11-07T14:35:32","slug":"sport-backpack","status":"publish","type":"product","link":"https:\/\/riding.zandona.net\/de\/shop\/reiter\/gadgets-de\/sport-backpack\/","title":{"rendered":"SPORT BACKPACK"},"content":{"rendered":"<p>Vielseitigkeit, Komfort und Charakterdesign.<br \/>\nDer neue Zandon\u00e0 Sport BackPack ist der Rucksack, der Zweckm\u00e4\u00dfigkeit, Organisation und Komfort zu jeder Zeit der Nutzung garantiert. Ob zur Aufbewahrung von Arbeits-, Sport- oder Schulmaterial oder als ausgezeichneter Begleiter f\u00fcr Reisen, Hobbys und Spa\u00df, das Zandon\u00e0 Sport BackPack ist die ideale Wahl, um jeden Moment zu verbessern, alles pr\u00e4zise zu organisieren, ohne Zeit zu verschwenden, und sich durch Stil aus der Masse hervorzuheben. <\/p>\n<p>HAUPTMERKMALE:<br \/>\n&#8211; ausreichend Platz f\u00fcr alles was Sie brauchen aufstellen, in 4 Innenf\u00e4chern mit Rei\u00dfverschluss\u00f6ffnung und 2 Au\u00dfentaschen;<br \/>\n&#8211; geeignet sowohl f\u00fcr gro\u00dfe Objekte (z. B. Laptops von 15 Zoll) als auch f\u00fcr kleine Objekte (z. B. Smartphones, Tablets, usw. ); <\/p>\n<p>&#8211; praktische Innentasche mit Gummizug f\u00fcr eine bessere Stabilit\u00e4t Ihren Zubeh\u00f6rs; <\/p>\n<p>&#8211; bequeme Tasche mit Fach f\u00fcr den Durchgang von Kopfh\u00f6rern, damit Sie Ihre Lieblingsmusik jederzeit zu genie\u00dfen k\u00f6nnen; <\/p>\n<p>&#8211; ergonomisch dank des weichen Schultergurtsystem kombiniert mit n\u00fctzlicher Unterst\u00fctzung im Nacken-\/Halsbereich; <\/p>\n<p>&#8211; Logo und reflektierende Eins\u00e4tze, um immer sichtbar zu sein und sich sicher zu bewegen, auch nachts; <\/p>\n<p>&#8211; bequeme R\u00fcckenlehne aus Polyester mit 3D-Mesh f\u00fcr absoluten Komfort und schwei\u00dfhemmender Funktion;<\/p>\n<p> &#8211; verstellbare Schultergurte kombiniert mit einem praktischen vorderen Befestigungssystem um Stabilit\u00e4t und Position zu gew\u00e4hrleisten;<\/p>\n<p>ABMESSUNGEN: 48x37x15cm<br \/>\nKAPAZIT\u00c4T: 20 LITERN<\/p>\n","protected":false},"excerpt":{"rendered":"<p>Rucksack<\/p>\n","protected":false},"featured_media":9573,"comment_status":"open","ping_status":"open","template":"","meta":[],"product_brand":[],"product_cat":[3540,3787],"product_tag":[],"class_list":{"0":"post-20016","1":"product","2":"type-product","3":"status-publish","4":"has-post-thumbnail","6":"product_cat-gadgets-de","7":"product_cat-reiter","8":"pa_codice-intrastat-42029291-de","10":"first","11":"instock","12":"taxable","13":"shipping-taxable","14":"purchasable","15":"product-type-simple"},"_links":{"self":[{"href":"https:\/\/riding.zandona.net\/de\/wp-json\/wp\/v2\/product\/20016","targetHints":{"allow":["GET"]}}],"collection":[{"href":"https:\/\/riding.zandona.net\/de\/wp-json\/wp\/v2\/product"}],"about":[{"href":"https:\/\/riding.zandona.net\/de\/wp-json\/wp\/v2\/types\/product"}],"replies":[{"embeddable":true,"href":"https:\/\/riding.zandona.net\/de\/wp-json\/wp\/v2\/comments?post=20016"}],"wp:featuredmedia":[{"embeddable":true,"href":"https:\/\/riding.zandona.net\/de\/wp-json\/wp\/v2\/media\/9573"}],"wp:attachment":[{"href":"https:\/\/riding.zandona.net\/de\/wp-json\/wp\/v2\/media?parent=20016"}],"wp:term":[{"taxonomy":"product_brand","embeddable":true,"href":"https:\/\/riding.zandona.net\/de\/wp-json\/wp\/v2\/product_brand?post=20016"},{"taxonomy":"product_cat","embeddable":true,"href":"https:\/\/riding.zandona.net\/de\/wp-json\/wp\/v2\/product_cat?post=20016"},{"taxonomy":"product_tag","embeddable":true,"href":"https:\/\/riding.zandona.net\/de\/wp-json\/wp\/v2\/product_tag?post=20016"}],"curies":[{"name":"wp","href":"https:\/\/api.w.org\/{rel}","templated":true}]}}