{"id":29147,"date":"2025-02-13T14:03:49","date_gmt":"2025-02-13T13:03:49","guid":{"rendered":"https:\/\/riding.zandona.net\/shop\/unkategorisiert\/omnia-the-safety-stirrup\/"},"modified":"2026-03-19T11:13:34","modified_gmt":"2026-03-19T10:13:34","slug":"omnia-the-safety-stirrup","status":"publish","type":"product","link":"https:\/\/riding.zandona.net\/de\/shop\/reiter\/sicherheitssteigbuegel\/omnia-the-safety-stirrup\/","title":{"rendered":"OMNIA The Safety Stirrup"},"content":{"rendered":"<p>OMNIA \u2013 360\u00b0 Sicherheit &amp; Innovation &#8211; Der Sicherheitssteigb\u00fcgel f\u00fcr anspruchsvolle Reiter<br \/>\nOMNIA ist ein innovativer Steigb\u00fcgel, der eine einzigartige Kombination aus un\u00fcbertroffener Sicherheit, hervorragender Stabilit\u00e4t und absolutem Komfort bietet. Innovative technische Merkmale und Materialien machen ihn zur perfekten Wahl f\u00fcr jeden Reiter.<br \/>\nJedes Detail des OMNIA wurde entwickelt, um Ihre Leistung zu steigern, Ihr Wohlbefinden zu gew\u00e4hrleisten und Sie im Notfall zu sch\u00fctzen. Danke zu innovativen L\u00f6sungen, die durch zwei Patente (patent pending) gesch\u00fctzt sind.<br \/>\nOMNIA kann durch die Auswahl aus einer breiten Palette von Farben des Entriegelungssystems (auch als austauschbares Zubeh\u00f6r erh\u00e4ltlich) individuell gestaltet werden, so dass Sie durch eine Vielzahl von Kombinationsm\u00f6glichkeiten einen einzigartigen Stil zum Ausdruck bringen k\u00f6nnen.<br \/>\nHauptmerkmale:<br \/>\n1. RUNDUM \u00d6FFNUNGSSYSTEM<br \/>\nSein spezielles rundum \u00d6ffnungssystem garantiert Sicherheit auf h\u00f6chstem Niveau, da der Fu\u00df in jede Richtung ausgel\u00f6st werden kann. Dieser innovative Mechanismus sorgt dank einer sorgf\u00e4ltigen Konstruktion daf\u00fcr, dass die freie 360\u00b0-Bewegung des \u00d6ffnungssystems nicht behindert wird, wodurch das Risiko, im Falle eines Sturzes h\u00e4ngen zu bleiben, drastisch reduziert wird. Das verwendete Spezialpolymer ist auch bei extremen Temperaturen stabil (-60\u00b0C bis +60\u00b0C) und langlebig und seine Funktion unter allen Bedingungen optimal erf\u00fcllt.<br \/>\n2. FUSSST\u00dcTZUNG &amp; SICHERHEIT<br \/>\nDer St\u00fctzkern im unteren Bereich bietet ein Gef\u00fchl, das mit dem eines normalen Steigb\u00fcgels vergleichbar ist. Dies gew\u00e4hrleistet Sicherheit, Komfort und Stabilit\u00e4t f\u00fcr den Reiter, ohne die Konzentration und Leistung zu beeintr\u00e4chtigen.<br \/>\n3. EXTREME BELASTBARKEIT (400kg)<br \/>\nOMNIA ist so konstruiert, dass es einem Druck bis zum 400 kg pro Steigb\u00fcgel standh\u00e4lt. Die robuste und gleichzeitig flexible Konstruktion aus hochfestem Stahl sorgt daf\u00fcr, dass der Steigb\u00fcgel auch bei einer solchen extremen Belastung nicht bricht und bietet somit h\u00f6chste Zuverl\u00e4ssigkeit.<br \/>\n4. MAXIMALE GRIFFIGKEIT UND AUSGEZEICHNETER HALT<br \/>\nDank der gro\u00dfz\u00fcgigen, rutschfesten \u201eReibe\u201c Oberfl\u00e4che der Trittfl\u00e4che, bietet OMNIA maximale Griffigkeit, um ein unerw\u00fcnschtes Ausrutschen zu verhindern, selbst bei nassen oder schlammigen Bedingungen. Die gro\u00dfe Auflagefl\u00e4che optimiert den Komfort und steigert die Sicherheit und Konzentration des Reiters.<br \/>\n5. PERFEKTE STABILIT\u00c4T<br \/>\nMit einem optimalen und ausgewogenen Gewicht (680 g) ist OMNIA so konzipiert, dass es bei einem Kontaktverlust die Schwingungen begrenzt und eine schnelle Erholung und bessere Kontrolle der Bewegungen erm\u00f6glicht.<br \/>\n6. SCHR\u00c4GE STEIGB\u00dcGELSCHLAUFE<br \/>\nDie schr\u00e4ge Steigb\u00fcgelschlaufe stellt den Steigb\u00fcgel in einem g\u00fcnstigen Winkel f\u00fcr das Einsetzen des Fu\u00dfes auf und erleichtert so die Erholung.<br \/>\n7. Trittfl\u00e4che SELBSTKIPPENDE<br \/>\nDie selbstkippende Trittfl\u00e4che von OMNIA hilft, die korrekte Fu\u00dfstellung beizubehalten, was den Komfort erh\u00f6ht und die Belastung der Gelenke und Muskeln verringert.<br \/>\n8. L\u00d6CHER F\u00dcR DEN SAND<br \/>\nUnter der Reibe befinden sich L\u00f6cher f\u00fcr den Sand, die die Reinigung erleichtern und Ansammlungen verhindern, die die Griffigkeit beeintr\u00e4chtigen k\u00f6nnten.<br \/>\n9. IMMER EFFIZIENT<br \/>\nEs gibt keinen Mechanismus, der im Laufe der Zeit verschlei\u00dfen, verstopfen oder brechen k\u00f6nnte. Dies macht OMNIA immer effizient und leicht zu reinigen.<br \/>\nZandon\u00e0 OMNIA &#8211; The Safety Stirrup<\/p>\n","protected":false},"excerpt":{"rendered":"<p>Sicherheitssteigb\u00fcgel<\/p>\n","protected":false},"featured_media":34696,"comment_status":"open","ping_status":"closed","template":"","meta":[],"product_brand":[],"product_cat":[3551,3543,3787,3783],"product_tag":[],"class_list":{"0":"post-29147","1":"product","2":"type-product","3":"status-publish","4":"has-post-thumbnail","6":"product_cat-ausgewahlte","7":"product_cat-neu","8":"product_cat-reiter","9":"product_cat-sicherheitssteigbuegel","10":"pa_codice-intrastat-42010000-de","11":"pa_disciplina-utilizzo-harness","12":"pa_disciplina-utilizzo-springreiten","13":"pa_disciplina-utilizzo-trekking-de","14":"pa_disciplina-utilizzo-vielseitigkeit","16":"first","17":"instock","18":"taxable","19":"shipping-taxable","20":"purchasable","21":"product-type-variable"},"_links":{"self":[{"href":"https:\/\/riding.zandona.net\/de\/wp-json\/wp\/v2\/product\/29147","targetHints":{"allow":["GET"]}}],"collection":[{"href":"https:\/\/riding.zandona.net\/de\/wp-json\/wp\/v2\/product"}],"about":[{"href":"https:\/\/riding.zandona.net\/de\/wp-json\/wp\/v2\/types\/product"}],"replies":[{"embeddable":true,"href":"https:\/\/riding.zandona.net\/de\/wp-json\/wp\/v2\/comments?post=29147"}],"wp:featuredmedia":[{"embeddable":true,"href":"https:\/\/riding.zandona.net\/de\/wp-json\/wp\/v2\/media\/34696"}],"wp:attachment":[{"href":"https:\/\/riding.zandona.net\/de\/wp-json\/wp\/v2\/media?parent=29147"}],"wp:term":[{"taxonomy":"product_brand","embeddable":true,"href":"https:\/\/riding.zandona.net\/de\/wp-json\/wp\/v2\/product_brand?post=29147"},{"taxonomy":"product_cat","embeddable":true,"href":"https:\/\/riding.zandona.net\/de\/wp-json\/wp\/v2\/product_cat?post=29147"},{"taxonomy":"product_tag","embeddable":true,"href":"https:\/\/riding.zandona.net\/de\/wp-json\/wp\/v2\/product_tag?post=29147"}],"curies":[{"name":"wp","href":"https:\/\/api.w.org\/{rel}","templated":true}]}}