{"id":32375,"date":"2025-04-11T12:10:20","date_gmt":"2025-04-11T10:10:20","guid":{"rendered":"https:\/\/riding.zandona.net\/?post_type=product&#038;p=32375"},"modified":"2025-04-11T12:15:39","modified_gmt":"2025-04-11T10:15:39","slug":"carbon-professional-young-fetlock","status":"publish","type":"product","link":"https:\/\/riding.zandona.net\/de\/shop\/pferd\/gamaschen\/springreiten-gamaschen\/carbon-pro-de\/carbon-professional-young-fetlock\/","title":{"rendered":"CARBON PROfessional YOUNG Fetlock"},"content":{"rendered":"<p><strong>CARBON PROfessional YOUNG Fetlock: Entwickelt f\u00fcr den Sieg, geschaffen f\u00fcr Champions.<\/strong><\/p>\n<p>Entdecken Sie eine neue \u00c4ra der Leistung im Springreiten mit \u201cCARBON PROfessional YOUNG Fetlock\u201d Streichkappen, die perfekte Kombination aus <strong>Innovation, Schutz und professionellem Design.<\/strong><\/p>\n<p>\u201cCARBON PROfessional YOUNG Fetlock\u201d wurden sorgf\u00e4ltig entworfen, um <strong>die Leistung und Sicherheit des Pferdes zu optimieren.<\/strong> Sie entsprechen <strong>den internationalen Regeln f\u00fcr das Springreiten in der Kategorie <\/strong>\u201c<strong>Jungpferde\u201c, <\/strong>aber sie eignen sich nicht nur f\u00fcr junge Pferde.<\/p>\n<p>In Zusammenarbeit mit dem renommierten Experten f\u00fcr Leistungsstreichkappen Jan Snellen (https:\/\/www.js-horsetack.com) entworfen sowie von internationalen Champions getestet und gelobt, sind diese Streichkappen darauf ausgelegt, die <strong>nat\u00fcrliche Sprungkraft des Pferdes zu unterst\u00fctzen<\/strong> und bei jedem Sprung <strong>H\u00f6chstleistungen<\/strong> zu garantieren.<\/p>\n<p>Die Schale aus <strong>Kohlenstofffasern<\/strong> bietet einen <strong>hervorragenden Schutz<\/strong>, w\u00e4hrend die <strong>anatomische Form<\/strong> Scheuerstellen und Irritationen verhindert f\u00fcr einen <strong>au\u00dfergew\u00f6hnlichen Komfort<\/strong> und einen perfekten Sitz. <strong>Kein Verrutschen, keine Ablenkung &#8211; nur hervorragende Leistung. <\/strong><\/p>\n<p>Der robuste <strong>Klettverschluss<\/strong> sorgt f\u00fcr eine sichere und pr\u00e4zise Anpassung.<\/p>\n<p>HAUPTMERKMALE:<\/p>\n<p><strong>&#8211; Au\u00dfergew\u00f6hnliches <\/strong>Design<strong> f\u00fcr Hochleistungen<\/strong>;<\/p>\n<p><strong>&#8211; Entspricht den FEI-Vorschriften;<\/strong><\/p>\n<p><strong>&#8211; <\/strong>Eins\u00e4tze in Kohlenstofffaser f\u00fcr\u00a0<strong>zus\u00e4tzlichen<\/strong><strong> Schutz;<\/strong><\/p>\n<p><strong>&#8211; Anatomische Struktur <\/strong>aus recyceltem TPU;<\/p>\n<p><strong>&#8211; Perforiertes Neopren;<\/strong><\/p>\n<p>&#8211; \u00a0<strong>Lufteinl\u00e4sse<\/strong>\u00a0f\u00fcr zus\u00e4tzliche Bel\u00fcftung;<\/p>\n<p>&#8211; <strong>Robuste und sichere Klettverschluss;<\/strong><\/p>\n<p>&#8211;<strong>100% Made in Italy.<\/strong><\/p>\n","protected":false},"excerpt":{"rendered":"<p>CARBON PROfessional YOUNG Fetlock: Entwickelt f\u00fcr den Sieg, geschaffen f\u00fcr Champions. Entdecken Sie eine neue \u00c4ra der Leistung im Springreiten mit \u201cCARBON PROfessional YOUNG Fetlock\u201d Streichkappen,<span class=\"excerpt-hellip\"> [\u2026]<\/span><\/p>\n","protected":false},"featured_media":32321,"comment_status":"open","ping_status":"closed","template":"","meta":[],"product_brand":[],"product_cat":[3600,3857,3731,3543,3643,3651],"product_tag":[],"class_list":{"0":"post-32375","1":"product","2":"type-product","3":"status-publish","4":"has-post-thumbnail","6":"product_cat-carbon-pro-de","7":"product_cat-carbon-professional-de","8":"product_cat-fei-konforme-streichkappen","9":"product_cat-neu","10":"product_cat-pferd","11":"product_cat-springreiten-gamaschen","13":"first","14":"instock","15":"taxable","16":"shipping-taxable","17":"purchasable","18":"product-type-variable"},"_links":{"self":[{"href":"https:\/\/riding.zandona.net\/de\/wp-json\/wp\/v2\/product\/32375","targetHints":{"allow":["GET"]}}],"collection":[{"href":"https:\/\/riding.zandona.net\/de\/wp-json\/wp\/v2\/product"}],"about":[{"href":"https:\/\/riding.zandona.net\/de\/wp-json\/wp\/v2\/types\/product"}],"replies":[{"embeddable":true,"href":"https:\/\/riding.zandona.net\/de\/wp-json\/wp\/v2\/comments?post=32375"}],"wp:featuredmedia":[{"embeddable":true,"href":"https:\/\/riding.zandona.net\/de\/wp-json\/wp\/v2\/media\/32321"}],"wp:attachment":[{"href":"https:\/\/riding.zandona.net\/de\/wp-json\/wp\/v2\/media?parent=32375"}],"wp:term":[{"taxonomy":"product_brand","embeddable":true,"href":"https:\/\/riding.zandona.net\/de\/wp-json\/wp\/v2\/product_brand?post=32375"},{"taxonomy":"product_cat","embeddable":true,"href":"https:\/\/riding.zandona.net\/de\/wp-json\/wp\/v2\/product_cat?post=32375"},{"taxonomy":"product_tag","embeddable":true,"href":"https:\/\/riding.zandona.net\/de\/wp-json\/wp\/v2\/product_tag?post=32375"}],"curies":[{"name":"wp","href":"https:\/\/api.w.org\/{rel}","templated":true}]}}