{"id":33312,"date":"2025-04-15T13:24:50","date_gmt":"2025-04-15T11:24:50","guid":{"rendered":"https:\/\/riding.zandona.net\/?post_type=product&#038;p=33312"},"modified":"2025-04-15T14:25:12","modified_gmt":"2025-04-15T12:25:12","slug":"carbon-professional-fetlock","status":"publish","type":"product","link":"https:\/\/riding.zandona.net\/de\/shop\/pferd\/gamaschen\/springreiten-gamaschen\/carbon-pro-de\/carbon-professional-fetlock\/","title":{"rendered":"CARBON PROfessional Fetlock"},"content":{"rendered":"<p><strong>CARBON PROfessional Fetlock: Entwickelt f\u00fcr den Sieg, geschaffen f\u00fcr Champions.<\/strong><\/p>\n<p>Entdecken Sie eine neue \u00c4ra der Leistung im Springreiten mit \u201cCARBON PROfessional Fetlock\u201d Streichkappen, die perfekte Kombination aus <strong>Innovation, Schutz und professionellem Design.<\/strong><\/p>\n<p>\u201cCARBON PROfessional Fetlock\u201d wurden sorgf\u00e4ltig entworfen, um <strong>die Leistung und Sicherheit des Pferdes zu optimieren.<\/strong><\/p>\n<p>In Zusammenarbeit mit dem renommierten Experten f\u00fcr Leistungsstreichkappen Jan Snellen (https:\/\/www.js-horsetack.com) entworfen sowie von internationalen Champions getestet und gelobt, sind diese Streichkappen darauf ausgelegt, die <strong>nat\u00fcrliche Sprungkraft des Pferdes zu unterst\u00fctzen<\/strong> und bei jedem Sprung <strong>H\u00f6chstleistungen<\/strong> zu garantieren.<\/p>\n<p>Die Schale aus <strong>Kohlenstofffasern<\/strong> bietet einen <strong>hervorragenden Schutz<\/strong>, w\u00e4hrend die <strong>anatomische Form<\/strong> Scheuerstellen und Irritationen verhindert f\u00fcr einen <strong>au\u00dfergew\u00f6hnlichen Komfort<\/strong> und einen perfekten Sitz. <strong>Kein Verrutschen, keine Ablenkung &#8211; nur hervorragende Leistung. <\/strong><\/p>\n<p><strong>Das robuste Verschlusssystem mit doppeltem Gummiband und 4 elastischen Gurten<\/strong> mit Schnellverschluss-Clip garantiert eine <strong>sichere und pr\u00e4zise Anpassung.<\/strong><\/p>\n<p>&nbsp;<\/p>\n<p>HAUPTMERKMALE:<\/p>\n<p><strong>&#8211; Au\u00dfergew\u00f6hnliches <\/strong>Design<strong> f\u00fcr Hochleistungen<\/strong>;<\/p>\n<p><strong>&#8211; Entspricht den FEI-Vorschriften;<\/strong><\/p>\n<p><strong>&#8211; <\/strong>Eins\u00e4tze in Kohlenstofffaser f\u00fcr\u00a0<strong>zus\u00e4tzlichen<\/strong><strong> Schutz;<\/strong><\/p>\n<p><strong>&#8211; Anatomische Struktur <\/strong>aus recyceltem TPU;<\/p>\n<p><strong>&#8211; 3D Air-Mesh + Perforiertes Neopren;<\/strong><\/p>\n<p>&#8211; \u00a0<strong>Lufteinl\u00e4sse<\/strong>\u00a0f\u00fcr zus\u00e4tzliche Bel\u00fcftung;<\/p>\n<p>&#8211; Sicherer Verschluss mit <strong>4 elastischen Gurten Schnellverschluss-Clip;<\/strong><\/p>\n<p>&#8211;<strong>100% Made in Italy.<\/strong><\/p>\n","protected":false},"excerpt":{"rendered":"<p>CARBON PROfessional Fetlock: Entwickelt f\u00fcr den Sieg, geschaffen f\u00fcr Champions. Entdecken Sie eine neue \u00c4ra der Leistung im Springreiten mit \u201cCARBON PROfessional Fetlock\u201d Streichkappen, die perfekte<span class=\"excerpt-hellip\"> [\u2026]<\/span><\/p>\n","protected":false},"featured_media":33625,"comment_status":"open","ping_status":"closed","template":"","meta":[],"product_brand":[],"product_cat":[3600,3857,3731,3647,3543,3643,3651],"product_tag":[],"class_list":{"0":"post-33312","1":"product","2":"type-product","3":"status-publish","4":"has-post-thumbnail","6":"product_cat-carbon-pro-de","7":"product_cat-carbon-professional-de","8":"product_cat-fei-konforme-streichkappen","9":"product_cat-gamaschen","10":"product_cat-neu","11":"product_cat-pferd","12":"product_cat-springreiten-gamaschen","13":"pa_codice-intrastat-42010000-de","14":"pa_disciplina-utilizzo-springreiten","15":"pa_giro-nodello-da-31-a-32-cm-de","16":"pa_giro-nodello-da-33-a-34-cm-de","17":"pa_giro-nodello-da-35-a-37-cm-de","19":"first","20":"instock","21":"taxable","22":"shipping-taxable","23":"purchasable","24":"product-type-variable"},"_links":{"self":[{"href":"https:\/\/riding.zandona.net\/de\/wp-json\/wp\/v2\/product\/33312","targetHints":{"allow":["GET"]}}],"collection":[{"href":"https:\/\/riding.zandona.net\/de\/wp-json\/wp\/v2\/product"}],"about":[{"href":"https:\/\/riding.zandona.net\/de\/wp-json\/wp\/v2\/types\/product"}],"replies":[{"embeddable":true,"href":"https:\/\/riding.zandona.net\/de\/wp-json\/wp\/v2\/comments?post=33312"}],"wp:featuredmedia":[{"embeddable":true,"href":"https:\/\/riding.zandona.net\/de\/wp-json\/wp\/v2\/media\/33625"}],"wp:attachment":[{"href":"https:\/\/riding.zandona.net\/de\/wp-json\/wp\/v2\/media?parent=33312"}],"wp:term":[{"taxonomy":"product_brand","embeddable":true,"href":"https:\/\/riding.zandona.net\/de\/wp-json\/wp\/v2\/product_brand?post=33312"},{"taxonomy":"product_cat","embeddable":true,"href":"https:\/\/riding.zandona.net\/de\/wp-json\/wp\/v2\/product_cat?post=33312"},{"taxonomy":"product_tag","embeddable":true,"href":"https:\/\/riding.zandona.net\/de\/wp-json\/wp\/v2\/product_tag?post=33312"}],"curies":[{"name":"wp","href":"https:\/\/api.w.org\/{rel}","templated":true}]}}