{"id":35165,"date":"2025-04-15T11:46:30","date_gmt":"2025-04-15T09:46:30","guid":{"rendered":"https:\/\/riding.zandona.net\/?post_type=product&#038;p=35165"},"modified":"2025-05-23T16:24:17","modified_gmt":"2025-05-23T14:24:17","slug":"omnia-interchangeable-release-system","status":"publish","type":"product","link":"https:\/\/riding.zandona.net\/de\/shop\/reiter\/sicherheitssteigbuegel\/omnia-interchangeable-release-system\/","title":{"rendered":"OMNIA Interchangeable Release System"},"content":{"rendered":"<p>Ersatz-Zubeh\u00f6r f\u00fcr das Ausl\u00f6sesystem des OMNIA-Steigb\u00fcgels. In verschiedenen Farben erh\u00e4ltlich, um deinen Stil bestm\u00f6glich zum Ausdruck zu bringen.<\/p>\n","protected":false},"excerpt":{"rendered":"<p>Ersatz-Zubeh\u00f6r f\u00fcr das Ausl\u00f6sesystem des OMNIA-Steigb\u00fcgels. In verschiedenen Farben erh\u00e4ltlich, um deinen Stil bestm\u00f6glich zum Ausdruck zu bringen.<\/p>\n","protected":false},"featured_media":33214,"comment_status":"open","ping_status":"closed","template":"","meta":[],"product_brand":[],"product_cat":[3787,3783,3862],"product_tag":[],"class_list":{"0":"post-35165","1":"product","2":"type-product","3":"status-publish","4":"has-post-thumbnail","6":"product_cat-reiter","7":"product_cat-sicherheitssteigbuegel","8":"product_cat-zubehoer-fuer-sicherheitssteigbuegels","9":"pa_codice-intrastat-42010000-de","10":"pa_disciplina-utilizzo-harness","11":"pa_disciplina-utilizzo-springreiten","12":"pa_disciplina-utilizzo-trekking-de","13":"pa_disciplina-utilizzo-vielseitigkeit","15":"first","16":"instock","17":"taxable","18":"shipping-taxable","19":"purchasable","20":"product-type-variable"},"_links":{"self":[{"href":"https:\/\/riding.zandona.net\/de\/wp-json\/wp\/v2\/product\/35165","targetHints":{"allow":["GET"]}}],"collection":[{"href":"https:\/\/riding.zandona.net\/de\/wp-json\/wp\/v2\/product"}],"about":[{"href":"https:\/\/riding.zandona.net\/de\/wp-json\/wp\/v2\/types\/product"}],"replies":[{"embeddable":true,"href":"https:\/\/riding.zandona.net\/de\/wp-json\/wp\/v2\/comments?post=35165"}],"wp:featuredmedia":[{"embeddable":true,"href":"https:\/\/riding.zandona.net\/de\/wp-json\/wp\/v2\/media\/33214"}],"wp:attachment":[{"href":"https:\/\/riding.zandona.net\/de\/wp-json\/wp\/v2\/media?parent=35165"}],"wp:term":[{"taxonomy":"product_brand","embeddable":true,"href":"https:\/\/riding.zandona.net\/de\/wp-json\/wp\/v2\/product_brand?post=35165"},{"taxonomy":"product_cat","embeddable":true,"href":"https:\/\/riding.zandona.net\/de\/wp-json\/wp\/v2\/product_cat?post=35165"},{"taxonomy":"product_tag","embeddable":true,"href":"https:\/\/riding.zandona.net\/de\/wp-json\/wp\/v2\/product_tag?post=35165"}],"curies":[{"name":"wp","href":"https:\/\/api.w.org\/{rel}","templated":true}]}}