{"id":35324,"date":"2025-04-15T11:47:11","date_gmt":"2025-04-15T09:47:11","guid":{"rendered":"https:\/\/riding.zandona.net\/?post_type=product&#038;p=35324"},"modified":"2025-05-26T16:44:53","modified_gmt":"2025-05-26T14:44:53","slug":"omnia-spare-inox-grated-pad","status":"publish","type":"product","link":"https:\/\/riding.zandona.net\/de\/shop\/reiter\/sicherheitssteigbuegel\/omnia-spare-inox-grated-pad\/","title":{"rendered":"OMNIA SPARE INOX GRATED PAD"},"content":{"rendered":"<p>Austausch-Trittfl\u00e4chen f\u00fcr Omnia-Steigb\u00fcgel \u2013 The Safety Stirrup.<br \/>\nTrittfl\u00e4chen-Set + Schrauben aus hochwertigem Edelstahl, einfach anzubringen und sehr langlebig.<\/p>\n","protected":false},"excerpt":{"rendered":"<p>Austausch-Trittfl\u00e4chen f\u00fcr Omnia-Steigb\u00fcgel \u2013 The Safety Stirrup. Trittfl\u00e4chen-Set + Schrauben aus hochwertigem Edelstahl, einfach anzubringen und sehr langlebig.<\/p>\n","protected":false},"featured_media":33280,"comment_status":"open","ping_status":"closed","template":"","meta":[],"product_brand":[],"product_cat":[3787,3783,3862],"product_tag":[],"class_list":{"0":"post-35324","1":"product","2":"type-product","3":"status-publish","4":"has-post-thumbnail","6":"product_cat-reiter","7":"product_cat-sicherheitssteigbuegel","8":"product_cat-zubehoer-fuer-sicherheitssteigbuegels","9":"pa_codice-intrastat-42010000-de","10":"pa_disciplina-utilizzo-harness","11":"pa_disciplina-utilizzo-springreiten","12":"pa_disciplina-utilizzo-trekking-de","13":"pa_disciplina-utilizzo-vielseitigkeit","15":"first","16":"instock","17":"taxable","18":"shipping-taxable","19":"purchasable","20":"product-type-simple"},"_links":{"self":[{"href":"https:\/\/riding.zandona.net\/de\/wp-json\/wp\/v2\/product\/35324","targetHints":{"allow":["GET"]}}],"collection":[{"href":"https:\/\/riding.zandona.net\/de\/wp-json\/wp\/v2\/product"}],"about":[{"href":"https:\/\/riding.zandona.net\/de\/wp-json\/wp\/v2\/types\/product"}],"replies":[{"embeddable":true,"href":"https:\/\/riding.zandona.net\/de\/wp-json\/wp\/v2\/comments?post=35324"}],"wp:featuredmedia":[{"embeddable":true,"href":"https:\/\/riding.zandona.net\/de\/wp-json\/wp\/v2\/media\/33280"}],"wp:attachment":[{"href":"https:\/\/riding.zandona.net\/de\/wp-json\/wp\/v2\/media?parent=35324"}],"wp:term":[{"taxonomy":"product_brand","embeddable":true,"href":"https:\/\/riding.zandona.net\/de\/wp-json\/wp\/v2\/product_brand?post=35324"},{"taxonomy":"product_cat","embeddable":true,"href":"https:\/\/riding.zandona.net\/de\/wp-json\/wp\/v2\/product_cat?post=35324"},{"taxonomy":"product_tag","embeddable":true,"href":"https:\/\/riding.zandona.net\/de\/wp-json\/wp\/v2\/product_tag?post=35324"}],"curies":[{"name":"wp","href":"https:\/\/api.w.org\/{rel}","templated":true}]}}