{"id":35758,"date":"2025-05-30T15:58:21","date_gmt":"2025-05-30T13:58:21","guid":{"rendered":"https:\/\/riding.zandona.net\/?post_type=product&#038;p=35758"},"modified":"2025-05-30T16:05:25","modified_gmt":"2025-05-30T14:05:25","slug":"summer-cap","status":"publish","type":"product","link":"https:\/\/riding.zandona.net\/de\/shop\/reiter\/gadgets-de\/summer-cap\/","title":{"rendered":"SUMMER CAP"},"content":{"rendered":"<p>Sommerm\u00fctze in Einheitsgr\u00f6\u00dfe mit verstellbarem Klettverschluss hinten.<\/p>\n","protected":false},"excerpt":{"rendered":"<p>Sommerm\u00fctze in Einheitsgr\u00f6\u00dfe mit verstellbarem Klettverschluss hinten.<\/p>\n","protected":false},"featured_media":35704,"comment_status":"open","ping_status":"closed","template":"","meta":[],"product_brand":[],"product_cat":[3540,3787],"product_tag":[],"class_list":{"0":"post-35758","1":"product","2":"type-product","3":"status-publish","4":"has-post-thumbnail","6":"product_cat-gadgets-de","7":"product_cat-reiter","8":"pa_codice-intrastat-62171000-de","10":"first","11":"instock","12":"taxable","13":"shipping-taxable","14":"purchasable","15":"product-type-simple"},"_links":{"self":[{"href":"https:\/\/riding.zandona.net\/de\/wp-json\/wp\/v2\/product\/35758","targetHints":{"allow":["GET"]}}],"collection":[{"href":"https:\/\/riding.zandona.net\/de\/wp-json\/wp\/v2\/product"}],"about":[{"href":"https:\/\/riding.zandona.net\/de\/wp-json\/wp\/v2\/types\/product"}],"replies":[{"embeddable":true,"href":"https:\/\/riding.zandona.net\/de\/wp-json\/wp\/v2\/comments?post=35758"}],"wp:featuredmedia":[{"embeddable":true,"href":"https:\/\/riding.zandona.net\/de\/wp-json\/wp\/v2\/media\/35704"}],"wp:attachment":[{"href":"https:\/\/riding.zandona.net\/de\/wp-json\/wp\/v2\/media?parent=35758"}],"wp:term":[{"taxonomy":"product_brand","embeddable":true,"href":"https:\/\/riding.zandona.net\/de\/wp-json\/wp\/v2\/product_brand?post=35758"},{"taxonomy":"product_cat","embeddable":true,"href":"https:\/\/riding.zandona.net\/de\/wp-json\/wp\/v2\/product_cat?post=35758"},{"taxonomy":"product_tag","embeddable":true,"href":"https:\/\/riding.zandona.net\/de\/wp-json\/wp\/v2\/product_tag?post=35758"}],"curies":[{"name":"wp","href":"https:\/\/api.w.org\/{rel}","templated":true}]}}