{"id":38136,"date":"2026-04-08T15:17:24","date_gmt":"2026-04-08T13:17:24","guid":{"rendered":"https:\/\/riding.zandona.net\/?post_type=product&#038;p=38136"},"modified":"2026-04-08T15:56:43","modified_gmt":"2026-04-08T13:56:43","slug":"carbon-pro-strap-tendon","status":"publish","type":"product","link":"https:\/\/riding.zandona.net\/de\/shop\/pferd\/gamaschen\/springreiten-gamaschen\/carbon-pro-de\/carbon-pro-strap-tendon\/","title":{"rendered":"CARBON PRO STRAP Tendon"},"content":{"rendered":"<p><strong>&#8220;CARBON PRO STRAP Tendon&#8221; <\/strong>ist die <strong>Weiterentwicklung<\/strong> unserer \u00e4ltesten und meistverkauften Kollektion f\u00fcr den Springreiten darstellt, die jetzt mit einem <strong>grundlegend \u00fcberarbeiteten Design<\/strong> neu gestaltet wurde, um dem Pferd noch <strong>leichtere und atmungsaktivere Gamaschen<\/strong> und einen noch <strong>umfassenderen Schutzbereich<\/strong> zu bieten.<\/p>\n<p>&nbsp;<\/p>\n<p>Die <strong>innovative Struktur<\/strong>, inspiriert <strong>von Rennwagen und Flugzeugen, <\/strong>verf\u00fcgt \u00fcber <strong>gro\u00dfe Lufteinl\u00e4sse, die zum ersten Mal, strategisch vor der Bewegungsrichtung des Pferdes angeordnet sind<\/strong>. Dadurch wird die Luft, die durch eine 3D-Air-Mesh Schicht unter der Schale geleitet wird, in gr\u00f6\u00dferen Mengen nach hinten durch einen <strong>geeigneten zentralen Lufteinlass<\/strong> in dem Bereich ausgesto\u00dfen, in dem aufgrund des relativen Unterdrucks, der typischerweise am hinteren Ende von sich bewegenden Objekten entsteht, eine &#8220;Sogwirkung&#8221; auftritt.<\/p>\n<p>&nbsp;<\/p>\n<p><strong>Eine einzigartige Innovation auf dem Markt<\/strong>, die dazu beitr\u00e4gt, die durch Hitze<strong> verursachte Belastung der Gelenke zu kontrollieren<\/strong> und <strong>das Verletzungsrisiko zu verringern<\/strong>.<\/p>\n<p>&nbsp;<\/p>\n<p>Die noch <strong>st\u00e4rkeren<\/strong> und <strong>breiteren<\/strong> <strong>Kohlenstofffasern,<\/strong> bilden eine thermische Barriere, die die Gelenke des Pferdes vor der durch das Scheuern entstehenden Hitze sch\u00fctzt und gleichzeitig die Sto\u00dffestigkeit erh\u00f6ht.<\/p>\n<p>&nbsp;<\/p>\n<p>Die Polsterung bestehend aus einer Au\u00dfenschicht aus <strong>3D-Air-Mesh<\/strong>, einer Innenschicht aus <strong>perforiertem Neopren<\/strong> und dem getesteten <strong>Gel-Tech<\/strong> f\u00fcr die Bereiche, die am st\u00e4rksten dem St\u00f6\u00dfen ausgesetzt sind.<\/p>\n<p>&nbsp;<\/p>\n<p><strong>Klettb\u00e4nder <\/strong>sind mit einem<strong> Schnellverschluss <\/strong>ausgestattet<strong>.<\/strong><\/p>\n<p>Schlie\u00dflich garantiert die bew\u00e4hrte <strong>Flex-Zone<\/strong> weiterhin eine <strong>gro\u00dfe Bewegungsfreiheit<\/strong> f\u00fcr die Gliedma\u00dfen.<\/p>\n<p>&nbsp;<\/p>\n<p><strong>100% Made in Italy und nachhaltig<\/strong>, da es <strong>aus 95% recyceltem TPU (PSV-zertifiziert) <\/strong>hergestellt wird<strong>.<\/strong><\/p>\n<p>&nbsp;<\/p>\n<p>HAUPTMERKMALE:<\/p>\n<p><strong>&#8211;<\/strong> Eins\u00e4tze in Kohlenstofffaser f\u00fcr <strong>zus\u00e4tzlichen Schutz;<br \/>\n&#8211;<\/strong> <strong>Anatomische Struktur<\/strong> aus recyceltem TPU;<\/p>\n<p>&#8211; <strong>3D Air-Mesh + perforiertes Neopren;<\/strong><strong><br \/>\n<\/strong>&#8211; <strong>Gel-Tech<\/strong> Polsterung f\u00fcr Sto\u00dfd\u00e4mpfung;<\/p>\n<p>&#8211; <strong>Lufteinl\u00e4sse<\/strong> f\u00fcr zus\u00e4tzliche Bel\u00fcftung;<\/p>\n<p>&#8211; <strong>Flex-Zone <\/strong>f\u00fcr v\u00f6llige Bewegungsfreiheit;<br \/>\n&#8211; Der Verschluss erfolgt \u00fcber <strong>Klettb\u00e4nder<\/strong> mit Schnellverschlusssystem f\u00fcr ein schnelles Abnehmen;<\/p>\n<p>&#8211; <strong>100% Made in Italy.<\/strong><\/p>\n","protected":false},"excerpt":{"rendered":"<p>Fesselgelenkschutz<\/p>\n","protected":false},"featured_media":38313,"comment_status":"open","ping_status":"closed","template":"","meta":[],"product_brand":[],"product_cat":[3600,3647,3543,3643,3651],"product_tag":[],"class_list":{"0":"post-38136","1":"product","2":"type-product","3":"status-publish","4":"has-post-thumbnail","6":"product_cat-carbon-pro-de","7":"product_cat-gamaschen","8":"product_cat-neu","9":"product_cat-pferd","10":"product_cat-springreiten-gamaschen","11":"pa_codice-intrastat-42010000-de","12":"pa_disciplina-utilizzo-harness","13":"pa_disciplina-utilizzo-springreiten","14":"pa_disciplina-utilizzo-trekking-de","15":"pa_giro-nodello-da-26-a-28-cm-de","16":"pa_giro-nodello-da-29-a-30-cm-de","17":"pa_giro-nodello-da-31-a-32-cm-de","18":"pa_giro-nodello-da-33-a-35-cm-de","20":"first","21":"instock","22":"taxable","23":"shipping-taxable","24":"purchasable","25":"product-type-variable"},"_links":{"self":[{"href":"https:\/\/riding.zandona.net\/de\/wp-json\/wp\/v2\/product\/38136","targetHints":{"allow":["GET"]}}],"collection":[{"href":"https:\/\/riding.zandona.net\/de\/wp-json\/wp\/v2\/product"}],"about":[{"href":"https:\/\/riding.zandona.net\/de\/wp-json\/wp\/v2\/types\/product"}],"replies":[{"embeddable":true,"href":"https:\/\/riding.zandona.net\/de\/wp-json\/wp\/v2\/comments?post=38136"}],"wp:featuredmedia":[{"embeddable":true,"href":"https:\/\/riding.zandona.net\/de\/wp-json\/wp\/v2\/media\/38313"}],"wp:attachment":[{"href":"https:\/\/riding.zandona.net\/de\/wp-json\/wp\/v2\/media?parent=38136"}],"wp:term":[{"taxonomy":"product_brand","embeddable":true,"href":"https:\/\/riding.zandona.net\/de\/wp-json\/wp\/v2\/product_brand?post=38136"},{"taxonomy":"product_cat","embeddable":true,"href":"https:\/\/riding.zandona.net\/de\/wp-json\/wp\/v2\/product_cat?post=38136"},{"taxonomy":"product_tag","embeddable":true,"href":"https:\/\/riding.zandona.net\/de\/wp-json\/wp\/v2\/product_tag?post=38136"}],"curies":[{"name":"wp","href":"https:\/\/api.w.org\/{rel}","templated":true}]}}