{"id":38251,"date":"2026-04-08T16:07:40","date_gmt":"2026-04-08T14:07:40","guid":{"rendered":"https:\/\/riding.zandona.net\/?post_type=product&#038;p=38251"},"modified":"2026-04-09T11:24:15","modified_gmt":"2026-04-09T09:24:15","slug":"carbon-pro-young-ex-fetlock","status":"publish","type":"product","link":"https:\/\/riding.zandona.net\/de\/shop\/pferd\/gamaschen\/springreiten-gamaschen\/carbon-pro-ex-de\/carbon-pro-young-ex-fetlock\/","title":{"rendered":"CARBON PRO YOUNG eX Fetlock"},"content":{"rendered":"<p>Die Streichkappen &#8220;<strong>CARBON PRO YOUNG EX Fetlock<\/strong>&#8221; wurden entwickelt, um jungen Sportpferden optimalen Schutz zu bieten, und entsprechen den internationalen Regeln f\u00fcr das Springreiten in der Kategorie &#8220;Junge Pferde\u201c. und sind <strong>idealen und notwendigen f\u00fcr Pferde<\/strong>, die <strong>dazu neigen,<\/strong> <strong>mit Eisen auf den Pferd-Fessel des gegen\u00fcberliegenden Gliedes zu schlagen<\/strong>. Sie sind n\u00e4mlich mit einer <strong>ergonomischen Erweiterung der Neopren Polsterung<\/strong>, ausgestattet die mit einer verschlei\u00dffesten Folie in <strong>Carbon-Optik<\/strong> beschichtet ist.<\/p>\n<p>&nbsp;<\/p>\n<p>Diese Streichkappen wurden mit einem <strong>grundlegenden \u00fcberarbeiteten Design<\/strong> neu gestaltet, um dem Pferd noch <strong>leichtere und atmungsaktivere Gamaschen<\/strong> und einen noch <strong>umfassenderen Schutzbereich<\/strong> zu bieten.<\/p>\n<p>&nbsp;<\/p>\n<p>Die noch <strong>st\u00e4rkeren<\/strong> und <strong>breiteren<\/strong> <strong>Kohlenstofffasern,<\/strong> bilden eine thermische Barriere, die die Gelenke des Pferdes vor der durch das Scheuern entstehenden Hitze sch\u00fctzt und gleichzeitig die Sto\u00dffestigkeit erh\u00f6ht.<\/p>\n<p>&nbsp;<\/p>\n<p>Die Polsterung bestehend aus einer Au\u00dfenschicht aus <strong>3D-Air-Mesh<\/strong>, einer Innenschicht aus <strong>perforiertem Neopren<\/strong> und dem getesteten <strong>Gel-Tech<\/strong> f\u00fcr die Bereiche, die am st\u00e4rksten dem St\u00f6\u00dfen ausgesetzt sind.<\/p>\n<p>&nbsp;<\/p>\n<p><strong>Die neuen Gurten<\/strong> wurden mit einem modernen Design optimiert und bieten <strong>einfacheres und schnelleres Befestigen sowie eine h\u00f6here Festigkeit<\/strong>, um Komfort und Funktionalit\u00e4t zu maximieren.<\/p>\n<p>&nbsp;<\/p>\n<p>Schlie\u00dflich garantiert die bew\u00e4hrte <strong>Flex-Zone<\/strong> weiterhin eine <strong>gro\u00dfe Bewegungsfreiheit<\/strong> f\u00fcr die Gliedma\u00dfen.<\/p>\n<p>&nbsp;<\/p>\n<p><strong>100% Made in Italy und nachhaltig<\/strong>, da es <strong>aus 95% recyceltem TPU (PSV-zertifiziert) <\/strong>hergestellt wird<strong>.<\/strong><\/p>\n<p>&nbsp;<\/p>\n<p>HAUPTMERKMALE:<\/p>\n<p><strong>&#8211;<\/strong> Eins\u00e4tze in Kohlenstofffaser f\u00fcr <strong>zus\u00e4tzlichen Schutz;<\/strong><\/p>\n<p><strong>&#8211;<\/strong> <strong>Ergonomische Verl\u00e4ngerung der Neoprenpolsterung;<\/strong><\/p>\n<p><strong>&#8211;<\/strong> <strong>Anatomische Struktur<\/strong> aus recyceltem TPU;<\/p>\n<p>&#8211; <strong>3D Air-Mesh + perforiertes Neopren;<\/strong><strong><br \/>\n<\/strong>&#8211; <strong>Gel-Tech<\/strong> Polsterung f\u00fcr Sto\u00dfd\u00e4mpfung;<\/p>\n<p>&#8211; <strong>Lufteinl\u00e4sse<\/strong> f\u00fcr zus\u00e4tzliche Bel\u00fcftung;<\/p>\n<p>&#8211; <strong>Flex-Zone <\/strong>f\u00fcr v\u00f6llige Bewegungsfreiheit;<br \/>\n&#8211; Der Verschluss wird durch <strong>elastische Gurte<\/strong> mit Schnellverschluss gew\u00e4hrleistet;<\/p>\n<p>&#8211; <strong>100% Made in Italy.<\/strong><\/p>\n<p>&nbsp;<\/p>\n","protected":false},"excerpt":{"rendered":"<p>Fesselgelenkschutz<\/p>\n","protected":false},"featured_media":38335,"comment_status":"open","ping_status":"closed","template":"","meta":[],"product_brand":[],"product_cat":[3601,3731,3647,3643,3651],"product_tag":[],"class_list":{"0":"post-38251","1":"product","2":"type-product","3":"status-publish","4":"has-post-thumbnail","6":"product_cat-carbon-pro-ex-de","7":"product_cat-fei-konforme-streichkappen","8":"product_cat-gamaschen","9":"product_cat-pferd","10":"product_cat-springreiten-gamaschen","11":"pa_codice-intrastat-42010000-de","12":"pa_disciplina-utilizzo-harness","13":"pa_disciplina-utilizzo-springreiten","14":"pa_disciplina-utilizzo-trekking-de","15":"pa_giro-nodello-da-28-a-30-cm-de","16":"pa_giro-nodello-da-31-a-32-cm-de","17":"pa_giro-nodello-da-33-a-34-cm-de","18":"pa_giro-nodello-da-35-a-37-cm-de","20":"first","21":"instock","22":"taxable","23":"shipping-taxable","24":"purchasable","25":"product-type-variable"},"_links":{"self":[{"href":"https:\/\/riding.zandona.net\/de\/wp-json\/wp\/v2\/product\/38251","targetHints":{"allow":["GET"]}}],"collection":[{"href":"https:\/\/riding.zandona.net\/de\/wp-json\/wp\/v2\/product"}],"about":[{"href":"https:\/\/riding.zandona.net\/de\/wp-json\/wp\/v2\/types\/product"}],"replies":[{"embeddable":true,"href":"https:\/\/riding.zandona.net\/de\/wp-json\/wp\/v2\/comments?post=38251"}],"wp:featuredmedia":[{"embeddable":true,"href":"https:\/\/riding.zandona.net\/de\/wp-json\/wp\/v2\/media\/38335"}],"wp:attachment":[{"href":"https:\/\/riding.zandona.net\/de\/wp-json\/wp\/v2\/media?parent=38251"}],"wp:term":[{"taxonomy":"product_brand","embeddable":true,"href":"https:\/\/riding.zandona.net\/de\/wp-json\/wp\/v2\/product_brand?post=38251"},{"taxonomy":"product_cat","embeddable":true,"href":"https:\/\/riding.zandona.net\/de\/wp-json\/wp\/v2\/product_cat?post=38251"},{"taxonomy":"product_tag","embeddable":true,"href":"https:\/\/riding.zandona.net\/de\/wp-json\/wp\/v2\/product_tag?post=38251"}],"curies":[{"name":"wp","href":"https:\/\/api.w.org\/{rel}","templated":true}]}}