{"id":23732,"date":"2024-10-09T16:12:23","date_gmt":"2024-10-09T14:12:23","guid":{"rendered":"https:\/\/riding.zandona.net\/qualita\/"},"modified":"2024-11-21T16:59:38","modified_gmt":"2024-11-21T15:59:38","slug":"calidad","status":"publish","type":"page","link":"https:\/\/riding.zandona.net\/es\/calidad\/","title":{"rendered":"Calidad"},"content":{"rendered":"\t\t<div data-elementor-type=\"wp-page\" data-elementor-id=\"23732\" class=\"elementor elementor-23732 elementor-2442\" data-elementor-post-type=\"page\">\n\t\t\t\t<div class=\"elementor-element elementor-element-863f0ac e-flex e-con-boxed e-con e-parent\" data-id=\"863f0ac\" data-element_type=\"container\">\n\t\t\t\t\t<div class=\"e-con-inner\">\n\t\t\t\t<div class=\"elementor-element elementor-element-dbdffdf elementor-widget elementor-widget-heading\" data-id=\"dbdffdf\" data-element_type=\"widget\" data-widget_type=\"heading.default\">\n\t\t\t\t<div class=\"elementor-widget-container\">\n\t\t\t\t\t<h2 class=\"elementor-heading-title elementor-size-default\">Nuestra Calidad <span style=\"color:#8b6239\"> al Servicio de Tu Pasi\u00f3n<\/span><\/h2>\t\t\t\t<\/div>\n\t\t\t\t<\/div>\n\t\t\t\t<div class=\"elementor-element elementor-element-f764e91 elementor-widget elementor-widget-heading\" data-id=\"f764e91\" data-element_type=\"widget\" data-widget_type=\"heading.default\">\n\t\t\t\t<div class=\"elementor-widget-container\">\n\t\t\t\t\t<h5 class=\"elementor-heading-title elementor-size-default\">Protecciones Avanzadas para Caballos y Jinetes, Dise\u00f1adas con Tecnolog\u00eda de \u00daltima Generaci\u00f3n y Materiales Premium<\/h5>\t\t\t\t<\/div>\n\t\t\t\t<\/div>\n\t\t\t\t\t<\/div>\n\t\t\t\t<\/div>\n\t\t<div class=\"elementor-element elementor-element-41a3771 e-flex e-con-boxed e-con e-parent\" data-id=\"41a3771\" data-element_type=\"container\">\n\t\t\t\t\t<div class=\"e-con-inner\">\n\t\t\t\t<div class=\"elementor-element elementor-element-3521651 elementor-widget__width-initial elementor-position-top elementor-widget elementor-widget-image-box\" data-id=\"3521651\" data-element_type=\"widget\" data-widget_type=\"image-box.default\">\n\t\t\t\t<div class=\"elementor-widget-container\">\n\t\t\t\t\t<div class=\"elementor-image-box-wrapper\"><figure class=\"elementor-image-box-img\"><img fetchpriority=\"high\" decoding=\"async\" width=\"1080\" height=\"1080\" src=\"https:\/\/riding.zandona.net\/wp-content\/uploads\/sites\/5\/2024\/10\/MADE_IN_ITALY_Advertising_Carbon_PRO_Tendon.jpg\" class=\"attachment-full size-full wp-image-23733\" alt=\"\" \/><\/figure><div class=\"elementor-image-box-content\"><p class=\"elementor-image-box-description\">PRODUCTO 100% ITALIANO: \u00a1calidad superior, dise\u00f1o inteligente y artesan\u00eda maestra!<\/p><\/div><\/div>\t\t\t\t<\/div>\n\t\t\t\t<\/div>\n\t\t\t\t<div class=\"elementor-element elementor-element-aaae652 elementor-widget__width-initial elementor-position-top elementor-widget elementor-widget-image-box\" data-id=\"aaae652\" data-element_type=\"widget\" data-widget_type=\"image-box.default\">\n\t\t\t\t<div class=\"elementor-widget-container\">\n\t\t\t\t\t<div class=\"elementor-image-box-wrapper\"><figure class=\"elementor-image-box-img\"><img decoding=\"async\" width=\"1080\" height=\"1080\" src=\"https:\/\/riding.zandona.net\/wp-content\/uploads\/sites\/5\/2024\/10\/TRASPIRANTE_Advertising_Carbon_PRO_Tendon.jpg\" class=\"attachment-full size-full wp-image-23734\" alt=\"\" \/><\/figure><div class=\"elementor-image-box-content\"><p class=\"elementor-image-box-description\">La colecci\u00f3n Zandon\u00e0 es completamente TRANSPIRABLE para favorecer el BIENESTAR del sistema tendinoso del caballo y evitar el recalentamiento de las extremidades.<\/p><\/div><\/div>\t\t\t\t<\/div>\n\t\t\t\t<\/div>\n\t\t\t\t<div class=\"elementor-element elementor-element-33b3582 elementor-widget__width-initial elementor-position-top elementor-widget elementor-widget-image-box\" data-id=\"33b3582\" data-element_type=\"widget\" data-widget_type=\"image-box.default\">\n\t\t\t\t<div class=\"elementor-widget-container\">\n\t\t\t\t\t<div class=\"elementor-image-box-wrapper\"><figure class=\"elementor-image-box-img\"><img decoding=\"async\" width=\"1080\" height=\"1080\" src=\"https:\/\/riding.zandona.net\/wp-content\/uploads\/sites\/5\/2024\/10\/PERFECT_FIT_Advertising_Carbon_PRO_Tendon_1.jpg\" class=\"attachment-full size-full wp-image-23735\" alt=\"\" \/><\/figure><div class=\"elementor-image-box-content\"><p class=\"elementor-image-box-description\">Los protectores de tend\u00f3n Zandon\u00e0 ofrecen el m\u00e1ximo ajuste y confort, ya que hemos replicado PERFECTAMENTE la forma de las extremidades del caballo. No hemos hecho concesiones: cada talla de nuestra gama ha sido desarrollada ERGON\u00d3MICAMENTE para obtener el mejor rendimiento, cuidando el bienestar de las extremidades del caballo en todos los aspectos.<\/p><\/div><\/div>\t\t\t\t<\/div>\n\t\t\t\t<\/div>\n\t\t\t\t<div class=\"elementor-element elementor-element-5a40e4b elementor-widget__width-initial elementor-position-top elementor-widget elementor-widget-image-box\" data-id=\"5a40e4b\" data-element_type=\"widget\" data-widget_type=\"image-box.default\">\n\t\t\t\t<div class=\"elementor-widget-container\">\n\t\t\t\t\t<div class=\"elementor-image-box-wrapper\"><figure class=\"elementor-image-box-img\"><img loading=\"lazy\" decoding=\"async\" width=\"1080\" height=\"1080\" src=\"https:\/\/riding.zandona.net\/wp-content\/uploads\/sites\/5\/2024\/10\/CARBON_PRO_PROTECTION_Advertising.jpg\" class=\"attachment-full size-full wp-image-23736\" alt=\"\" \/><\/figure><div class=\"elementor-image-box-content\"><p class=\"elementor-image-box-description\">El RENDIMIENTO y la ligereza del CARBONO para la mejor protecci\u00f3n de su caballo.<\/p><\/div><\/div>\t\t\t\t<\/div>\n\t\t\t\t<\/div>\n\t\t\t\t<div class=\"elementor-element elementor-element-05198d0 elementor-widget__width-initial elementor-position-top elementor-widget elementor-widget-image-box\" data-id=\"05198d0\" data-element_type=\"widget\" data-widget_type=\"image-box.default\">\n\t\t\t\t<div class=\"elementor-widget-container\">\n\t\t\t\t\t<div class=\"elementor-image-box-wrapper\"><figure class=\"elementor-image-box-img\"><img loading=\"lazy\" decoding=\"async\" width=\"1080\" height=\"1080\" src=\"https:\/\/riding.zandona.net\/wp-content\/uploads\/sites\/5\/2024\/10\/5.png\" class=\"attachment-full size-full wp-image-23737\" alt=\"\" \/><\/figure><div class=\"elementor-image-box-content\"><p class=\"elementor-image-box-description\">Para nosotros, el protector de tend\u00f3n para Doma perfecto debe garantizar: la mejor SUJECI\u00d3N durante el uso, la mayor PROTECCI\u00d3N contra los impactos y una ELEGANCIA digna de esta disciplina.\n\n<\/p><\/div><\/div>\t\t\t\t<\/div>\n\t\t\t\t<\/div>\n\t\t\t\t<div class=\"elementor-element elementor-element-71f0f47 elementor-widget__width-initial elementor-position-top elementor-widget elementor-widget-image-box\" data-id=\"71f0f47\" data-element_type=\"widget\" data-widget_type=\"image-box.default\">\n\t\t\t\t<div class=\"elementor-widget-container\">\n\t\t\t\t\t<div class=\"elementor-image-box-wrapper\"><figure class=\"elementor-image-box-img\"><img loading=\"lazy\" decoding=\"async\" width=\"1080\" height=\"1080\" src=\"https:\/\/riding.zandona.net\/wp-content\/uploads\/sites\/5\/2024\/10\/6.png\" class=\"attachment-full size-full wp-image-23738\" alt=\"\" \/><\/figure><div class=\"elementor-image-box-content\"><p class=\"elementor-image-box-description\">\u00bfBusca unos protectores de tend\u00f3n de alto rendimiento sin renunciar al factor elegancia? King Carbon Air es el protector de tend\u00f3n que combina la ELEGANCIA esencial de la Doma con la moderna TECNOLOG\u00cdA t\u00edpica de los protectores Zandon\u00e0.\n\n<\/p><\/div><\/div>\t\t\t\t<\/div>\n\t\t\t\t<\/div>\n\t\t\t\t<div class=\"elementor-element elementor-element-8e46d07 elementor-widget__width-initial elementor-position-top elementor-widget elementor-widget-image-box\" data-id=\"8e46d07\" data-element_type=\"widget\" data-widget_type=\"image-box.default\">\n\t\t\t\t<div class=\"elementor-widget-container\">\n\t\t\t\t\t<div class=\"elementor-image-box-wrapper\"><figure class=\"elementor-image-box-img\"><img loading=\"lazy\" decoding=\"async\" width=\"1080\" height=\"1080\" src=\"https:\/\/riding.zandona.net\/wp-content\/uploads\/sites\/5\/2024\/10\/CARBON_PRO_SENSITIVE__Advertising.jpg\" class=\"attachment-full size-full wp-image-23739\" alt=\"\" \/><\/figure><div class=\"elementor-image-box-content\"><p class=\"elementor-image-box-description\">La nueva l\u00ednea Sensitive+ est\u00e1 hecha completamente de AUT\u00c9NTICA LANA MERINO pero SIN PIEL. Este enfoque innovador aumenta la durabilidad del producto y simplifica su mantenimiento sin sacrificar las grandes propiedades de este material natural (hipoalerg\u00e9nico y termorregulador) en comparaci\u00f3n con los productos de piel sint\u00e9tica.\n\n<\/p><\/div><\/div>\t\t\t\t<\/div>\n\t\t\t\t<\/div>\n\t\t\t\t<div class=\"elementor-element elementor-element-a0b0769 elementor-widget__width-initial elementor-position-top elementor-widget elementor-widget-image-box\" data-id=\"a0b0769\" data-element_type=\"widget\" data-widget_type=\"image-box.default\">\n\t\t\t\t<div class=\"elementor-widget-container\">\n\t\t\t\t\t<div class=\"elementor-image-box-wrapper\"><figure class=\"elementor-image-box-img\"><img loading=\"lazy\" decoding=\"async\" width=\"1080\" height=\"1080\" src=\"https:\/\/riding.zandona.net\/wp-content\/uploads\/sites\/5\/2024\/10\/10.png\" class=\"attachment-full size-full wp-image-23740\" alt=\"\" \/><\/figure><div class=\"elementor-image-box-content\"><p class=\"elementor-image-box-description\">La gama Zandon\u00e0 SUPERIOR Air es un aliado excepcional y de alta CALIDAD para la protecci\u00f3n de su caballo.\nCombinaci\u00f3n de ajuste perfecto, Gel-Tech y transpirabilidad.\n\n<\/p><\/div><\/div>\t\t\t\t<\/div>\n\t\t\t\t<\/div>\n\t\t\t\t<div class=\"elementor-element elementor-element-89c68a5 elementor-widget__width-initial elementor-position-top elementor-widget elementor-widget-image-box\" data-id=\"89c68a5\" data-element_type=\"widget\" data-widget_type=\"image-box.default\">\n\t\t\t\t<div class=\"elementor-widget-container\">\n\t\t\t\t\t<div class=\"elementor-image-box-wrapper\"><figure class=\"elementor-image-box-img\"><img loading=\"lazy\" decoding=\"async\" width=\"1080\" height=\"1080\" src=\"https:\/\/riding.zandona.net\/wp-content\/uploads\/sites\/5\/2024\/10\/14.png\" class=\"attachment-full size-full wp-image-23741\" alt=\"\" \/><\/figure><div class=\"elementor-image-box-content\"><p class=\"elementor-image-box-description\">TRABAJAR DURO en el entrenamiento, PROBAR en la competici\u00f3n, DESCANSAR CON SEGURIDAD con Turnout Boots Air.<\/p><\/div><\/div>\t\t\t\t<\/div>\n\t\t\t\t<\/div>\n\t\t\t\t<div class=\"elementor-element elementor-element-0e354fb elementor-widget__width-initial elementor-position-top elementor-widget elementor-widget-image-box\" data-id=\"0e354fb\" data-element_type=\"widget\" data-widget_type=\"image-box.default\">\n\t\t\t\t<div class=\"elementor-widget-container\">\n\t\t\t\t\t<div class=\"elementor-image-box-wrapper\"><figure class=\"elementor-image-box-img\"><img loading=\"lazy\" decoding=\"async\" width=\"960\" height=\"960\" src=\"https:\/\/riding.zandona.net\/wp-content\/uploads\/sites\/5\/2024\/10\/11.png\" class=\"attachment-full size-full wp-image-23742\" alt=\"\" \/><\/figure><div class=\"elementor-image-box-content\"><p class=\"elementor-image-box-description\">\u00bfCuida de su caballo de forma correcta? PREVENGA las molestias utilizando estos protectores de tend\u00f3n magn\u00e9ticos especiales para descanso. Trabajando sobre los meridianos de reflexolog\u00eda del caballo, han sido meticulosamente investigados para producir un producto como ning\u00fan otro en el mercado para dar muchos beneficios extraordinarios al animal.\n\n<\/p><\/div><\/div>\t\t\t\t<\/div>\n\t\t\t\t<\/div>\n\t\t\t\t<div class=\"elementor-element elementor-element-b4d1540 elementor-widget__width-initial elementor-position-top elementor-widget elementor-widget-image-box\" data-id=\"b4d1540\" data-element_type=\"widget\" data-widget_type=\"image-box.default\">\n\t\t\t\t<div class=\"elementor-widget-container\">\n\t\t\t\t\t<div class=\"elementor-image-box-wrapper\"><figure class=\"elementor-image-box-img\"><img loading=\"lazy\" decoding=\"async\" width=\"1080\" height=\"1080\" src=\"https:\/\/riding.zandona.net\/wp-content\/uploads\/sites\/5\/2024\/10\/12.png\" class=\"attachment-full size-full wp-image-23743\" alt=\"\" \/><\/figure><div class=\"elementor-image-box-content\"><p class=\"elementor-image-box-description\">\u00bfSab\u00eda que el movimiento del caballo estimula la circulaci\u00f3n de la sangre mediante un \u00abefecto de bombeo\u00bb de las pezu\u00f1as, pero cuando los caballos est\u00e1n en reposo en el establo, este efecto se reduce considerablemente? Esto puede provocar molestias y\/o enfermedades. Proporcione a su caballo el APOYO CARDIOVASCULAR necesario con Therapeutic Support Boots Air. Gracias a sus imanes, estimulan la circulaci\u00f3n sangu\u00ednea y ayudan a su caballo en el d\u00eda a d\u00eda.\n\n<\/p><\/div><\/div>\t\t\t\t<\/div>\n\t\t\t\t<\/div>\n\t\t\t\t<div class=\"elementor-element elementor-element-6c55c75 elementor-widget__width-initial elementor-position-top elementor-widget elementor-widget-image-box\" data-id=\"6c55c75\" data-element_type=\"widget\" data-widget_type=\"image-box.default\">\n\t\t\t\t<div class=\"elementor-widget-container\">\n\t\t\t\t\t<div class=\"elementor-image-box-wrapper\"><figure class=\"elementor-image-box-img\"><img loading=\"lazy\" decoding=\"async\" width=\"1080\" height=\"1080\" src=\"https:\/\/riding.zandona.net\/wp-content\/uploads\/sites\/5\/2024\/10\/13.png\" class=\"attachment-full size-full wp-image-23744\" alt=\"\" \/><\/figure><div class=\"elementor-image-box-content\"><p class=\"elementor-image-box-description\">Espera el mejor rendimiento de su caballo, pero \u00bfse asegura de que tenga el mejor descanso? Actuando sobre los meridianos de reflexolog\u00eda del caballo, los imanes especiales de las Therapeutic Support Boots pueden REDUCIR LA HINCHAZ\u00d3N previa y posterior al entrenamiento, ayudando a combatir ENFERMEDADES y OLOR. \u00bfC\u00f3mo? Estimulando la circulaci\u00f3n del \u00abl\u00edquido sinovial\u00bb.<\/p><\/div><\/div>\t\t\t\t<\/div>\n\t\t\t\t<\/div>\n\t\t\t\t<div class=\"elementor-element elementor-element-eac5b43 elementor-widget__width-inherit elementor-widget elementor-widget-heading\" data-id=\"eac5b43\" data-element_type=\"widget\" data-widget_type=\"heading.default\">\n\t\t\t\t<div class=\"elementor-widget-container\">\n\t\t\t\t\t<h1 class=\"elementor-heading-title elementor-size-default\">\"No seas el mismo, s\u00e9 el mejor!\"<\/h1>\t\t\t\t<\/div>\n\t\t\t\t<\/div>\n\t\t\t\t\t<\/div>\n\t\t\t\t<\/div>\n\t\t\t\t<\/div>\n\t\t","protected":false},"excerpt":{"rendered":"<p>Nuestra Calidad al Servicio de Tu Pasi\u00f3n Protecciones Avanzadas para Caballos y Jinetes, Dise\u00f1adas con Tecnolog\u00eda de \u00daltima Generaci\u00f3n y Materiales Premium PRODUCTO 100% ITALIANO: \u00a1calidad<span class=\"excerpt-hellip\"> [\u2026]<\/span><\/p>\n","protected":false},"author":1,"featured_media":0,"parent":0,"menu_order":0,"comment_status":"closed","ping_status":"closed","template":"elementor_header_footer","meta":{"footnotes":""},"class_list":["post-23732","page","type-page","status-publish","hentry"],"_links":{"self":[{"href":"https:\/\/riding.zandona.net\/es\/wp-json\/wp\/v2\/pages\/23732","targetHints":{"allow":["GET"]}}],"collection":[{"href":"https:\/\/riding.zandona.net\/es\/wp-json\/wp\/v2\/pages"}],"about":[{"href":"https:\/\/riding.zandona.net\/es\/wp-json\/wp\/v2\/types\/page"}],"author":[{"embeddable":true,"href":"https:\/\/riding.zandona.net\/es\/wp-json\/wp\/v2\/users\/1"}],"replies":[{"embeddable":true,"href":"https:\/\/riding.zandona.net\/es\/wp-json\/wp\/v2\/comments?post=23732"}],"version-history":[{"count":5,"href":"https:\/\/riding.zandona.net\/es\/wp-json\/wp\/v2\/pages\/23732\/revisions"}],"predecessor-version":[{"id":23775,"href":"https:\/\/riding.zandona.net\/es\/wp-json\/wp\/v2\/pages\/23732\/revisions\/23775"}],"wp:attachment":[{"href":"https:\/\/riding.zandona.net\/es\/wp-json\/wp\/v2\/media?parent=23732"}],"curies":[{"name":"wp","href":"https:\/\/api.w.org\/{rel}","templated":true}]}}