{"id":23790,"date":"2024-04-23T17:00:50","date_gmt":"2024-04-23T15:00:50","guid":{"rendered":"https:\/\/riding.zandona.net\/cookie\/"},"modified":"2024-11-22T16:11:17","modified_gmt":"2024-11-22T15:11:17","slug":"cookie","status":"publish","type":"page","link":"https:\/\/riding.zandona.net\/es\/cookie\/","title":{"rendered":"Cookie"},"content":{"rendered":"\t\t<div data-elementor-type=\"wp-page\" data-elementor-id=\"23790\" class=\"elementor elementor-23790 elementor-107\" data-elementor-post-type=\"page\">\n\t\t\t\t<div class=\"elementor-element elementor-element-d939ffe e-flex e-con-boxed e-con e-parent\" data-id=\"d939ffe\" data-element_type=\"container\">\n\t\t\t\t\t<div class=\"e-con-inner\">\n\t\t<div class=\"elementor-element elementor-element-cc997f0 e-con-full e-flex e-con e-child\" data-id=\"cc997f0\" data-element_type=\"container\">\n\t\t\t\t<div class=\"elementor-element elementor-element-c1ee0b3 elementor-toc--content-ellipsis elementor-widget__width-initial elementor-widget elementor-widget-table-of-contents\" data-id=\"c1ee0b3\" data-element_type=\"widget\" data-settings=\"{&quot;headings_by_tags&quot;:[&quot;h3&quot;],&quot;exclude_headings_by_selector&quot;:[],&quot;marker_view&quot;:&quot;bullets&quot;,&quot;icon&quot;:{&quot;value&quot;:&quot;&quot;,&quot;library&quot;:&quot;&quot;},&quot;no_headings_message&quot;:&quot;No se ha encontrado ning\\u00fan encabezado en esta p\\u00e1gina.&quot;,&quot;hierarchical_view&quot;:&quot;yes&quot;,&quot;min_height&quot;:{&quot;unit&quot;:&quot;px&quot;,&quot;size&quot;:&quot;&quot;,&quot;sizes&quot;:[]},&quot;min_height_tablet&quot;:{&quot;unit&quot;:&quot;px&quot;,&quot;size&quot;:&quot;&quot;,&quot;sizes&quot;:[]},&quot;min_height_mobile&quot;:{&quot;unit&quot;:&quot;px&quot;,&quot;size&quot;:&quot;&quot;,&quot;sizes&quot;:[]}}\" data-widget_type=\"table-of-contents.default\">\n\t\t\t\t<div class=\"elementor-widget-container\">\n\t\t\t\t\t\t\t\t\t<div class=\"elementor-toc__header\">\n\t\t\t\t\t\t<h3 class=\"elementor-toc__header-title\">\n\t\t\t\t\u00cdndice\t\t\t<\/h3>\n\t\t\t\t\t\t\t\t<\/div>\n\t\t\t\t<div id=\"elementor-toc__c1ee0b3\" class=\"elementor-toc__body\">\n\t\t\t<div class=\"elementor-toc__spinner-container\">\n\t\t\t\t<svg class=\"elementor-toc__spinner eicon-animation-spin e-font-icon-svg e-eicon-loading\" aria-hidden=\"true\" viewBox=\"0 0 1000 1000\" xmlns=\"http:\/\/www.w3.org\/2000\/svg\"><path d=\"M500 975V858C696 858 858 696 858 500S696 142 500 142 142 304 142 500H25C25 237 238 25 500 25S975 237 975 500 763 975 500 975Z\"><\/path><\/svg>\t\t\t<\/div>\n\t\t<\/div>\n\t\t\t\t\t\t<\/div>\n\t\t\t\t<\/div>\n\t\t\t\t<div class=\"elementor-element elementor-element-a150235 elementor-widget__width-initial elementor-widget elementor-widget-text-editor\" data-id=\"a150235\" data-element_type=\"widget\" data-widget_type=\"text-editor.default\">\n\t\t\t\t<div class=\"elementor-widget-container\">\n\t\t\t\t\t\t\t\t\t<h3><strong>\u00bfQU\u00c9 ES UNA\u00a0<em>COOKIE<\/em>\u00a0Y PARA QU\u00c9 SIRVE?<\/strong><\/h3><p>Una\u00a0<em>cookie<\/em>\u00a0es una peque\u00f1a cadena de texto que un sitio env\u00eda a su navegador y guarda en su ordenador cuando visita sitios web. Las\u00a0<em>cookies<\/em>\u00a0se utilizan para hacer que los sitios web funcionen de manera m\u00e1s eficiente, para mejorar su rendimiento, pero tambi\u00e9n para proporcionar informaci\u00f3n a los propietarios del sitio. \u00bfQu\u00e9 tipo de Cookies utiliza este sitio y con qu\u00e9 finalidad? Nuestro sitio utiliza diferentes tipos de\u00a0<em>cookies<\/em>, cada uno de los cuales tiene una funci\u00f3n espec\u00edfica, como se indica en la tabla siguiente:<\/p><table border=\"1\" cellspacing=\"0\" cellpadding=\"0\"><tbody><tr><td><strong>Tipos de\u00a0cookies<\/strong><\/td><td><strong>Funci\u00f3n<\/strong><\/td><\/tr><tr><td><strong>Cookies de navegaci\u00f3n<\/strong><\/td><td><p>Estas\u00a0<em>cookies<\/em>\u00a0permiten que el sitio funcione correctamente y se utilizan para recopilar informaci\u00f3n sobre c\u00f3mo los visitantes utilizan el sitio. Esta informaci\u00f3n se utiliza para elaborar informes y ayudarnos a mejorar el sitio. Las\u00a0<em>cookies<\/em>\u00a0recogen informaci\u00f3n de forma an\u00f3nima, como el n\u00famero de visitantes del sitio, la procedencia de los mismos y las p\u00e1ginas que han visitado.<\/p><\/td><\/tr><tr><td><p><strong>Cookies de anal\u00edticas<\/strong><\/p><\/td><td>Estas\u00a0<em>cookies<\/em>\u00a0son utilizadas, por ejemplo, por Google Analytics para procesar an\u00e1lisis estad\u00edsticos sobre la forma en que los usuarios navegan por el sitio a trav\u00e9s de ordenadores o aplicaciones m\u00f3viles, el n\u00famero de p\u00e1ginas visitadas o el n\u00famero de clics realizados en una p\u00e1gina durante la navegaci\u00f3n. Haga clic\u00a0<a href=\"https:\/\/support.google.com\/analytics\/answer\/6004245\" target=\"_blank\" rel=\"noopener\">aqu\u00ed<\/a>\u00a0para ver un resumen de la pol\u00edtica de privacidad de Google.<\/td><\/tr><tr><td><strong>Cookies de Terceros<\/strong><\/td><td>Estas\u00a0<em>cookies<\/em>\u00a0son utilizadas por empresas de terceros. El uso de estas\u00a0<em>cookies<\/em>\u00a0no implica normalmente el tratamiento de datos personales. Las\u00a0<em>cookies<\/em>\u00a0de terceros se derivan de la publicidad de otros sitios, por ejemplo, anuncios, en el sitio web mostrado. Pueden utilizarse para registrar el uso del sitio web con fines de\u00a0<em>marketing<\/em>.<\/td><\/tr><\/tbody><\/table><p>\u00a0<\/p><h3><strong>\u00bfC\u00d3MO PUEDO DESACTIVAR LAS\u00a0<em>COOKIES<\/em>?<\/strong><\/h3><p>La mayor\u00eda de los navegadores (Internet Explorer, Firefox, etc.) est\u00e1n configurados para aceptar\u00a0<em>cookies<\/em>. Sin embargo, la mayor\u00eda de los navegadores permiten controlar e incluso desactivar las\u00a0<em>cookies<\/em>\u00a0a trav\u00e9s de la configuraci\u00f3n del navegador. No obstante, tenga en cuenta que la desactivaci\u00f3n de las\u00a0<em>cookies<\/em>\u00a0de navegaci\u00f3n o funcionales puede provocar un mal funcionamiento del sitio y\/o limitar el servicio ofrecido. Para cambiar la configuraci\u00f3n, siga el procedimiento indicado por los distintos navegadores en &#8220;Opciones&#8221;\u00a0o &#8220;Preferencias&#8221;. Lea m\u00e1s sobre las\u00a0<em>cookies<\/em>\u00a0en el\u00a0<strong><a href=\"http:\/\/ec.europa.eu\/ipg\/basics\/legal\/cookies\/index_en.htm#section_2\" target=\"_blank\" rel=\"noopener\">reglamento<\/a>.<\/strong><\/p>\t\t\t\t\t\t\t\t<\/div>\n\t\t\t\t<\/div>\n\t\t\t\t<\/div>\n\t\t\t\t\t<\/div>\n\t\t\t\t<\/div>\n\t\t\t\t<\/div>\n\t\t","protected":false},"excerpt":{"rendered":"<p>\u00cdndice \u00bfQU\u00c9 ES UNA\u00a0COOKIE\u00a0Y PARA QU\u00c9 SIRVE? Una\u00a0cookie\u00a0es una peque\u00f1a cadena de texto que un sitio env\u00eda a su navegador y guarda en su ordenador cuando<span class=\"excerpt-hellip\"> [\u2026]<\/span><\/p>\n","protected":false},"author":1,"featured_media":0,"parent":0,"menu_order":0,"comment_status":"closed","ping_status":"closed","template":"elementor_header_footer","meta":{"footnotes":""},"class_list":["post-23790","page","type-page","status-publish","hentry"],"_links":{"self":[{"href":"https:\/\/riding.zandona.net\/es\/wp-json\/wp\/v2\/pages\/23790","targetHints":{"allow":["GET"]}}],"collection":[{"href":"https:\/\/riding.zandona.net\/es\/wp-json\/wp\/v2\/pages"}],"about":[{"href":"https:\/\/riding.zandona.net\/es\/wp-json\/wp\/v2\/types\/page"}],"author":[{"embeddable":true,"href":"https:\/\/riding.zandona.net\/es\/wp-json\/wp\/v2\/users\/1"}],"replies":[{"embeddable":true,"href":"https:\/\/riding.zandona.net\/es\/wp-json\/wp\/v2\/comments?post=23790"}],"version-history":[{"count":3,"href":"https:\/\/riding.zandona.net\/es\/wp-json\/wp\/v2\/pages\/23790\/revisions"}],"predecessor-version":[{"id":23800,"href":"https:\/\/riding.zandona.net\/es\/wp-json\/wp\/v2\/pages\/23790\/revisions\/23800"}],"wp:attachment":[{"href":"https:\/\/riding.zandona.net\/es\/wp-json\/wp\/v2\/media?parent=23790"}],"curies":[{"name":"wp","href":"https:\/\/api.w.org\/{rel}","templated":true}]}}