{"id":21735,"date":"2024-11-06T16:39:56","date_gmt":"2024-11-06T15:39:56","guid":{"rendered":"https:\/\/riding.zandona.net\/shop\/sin categor\u00eda\/netcube-back-pro-kid-x7-8-9\/"},"modified":"2024-11-07T13:33:07","modified_gmt":"2024-11-07T12:33:07","slug":"netcube-back-pro-kid-x7-8-9","status":"publish","type":"product","link":"https:\/\/riding.zandona.net\/es\/shop\/jinete-es\/protecciones-para-jinetes-junior\/protecciones-de-espalda-junior\/netcube-back-pro-kid-x7-8-9\/","title":{"rendered":"NETCUBE BACK PRO KID x7-8-9"},"content":{"rendered":"<p>\u00abNETCUBE BACK PRO KID\u00bb es un protector de espalda con certificaci\u00f3n de nivel 2 (EN 1621-2) provisto de nuestra exclusiva Tecnolog\u00eda Net3, una innovadora estructura de caucho de nitrilo especial contra golpes con tecnolog\u00eda patentada de rejilla 3D, fruto de minuciosos estudios que han permitido obtener una combinaci\u00f3n ganadora de forma + composici\u00f3n capaz de ofrecer excelentes prestaciones en t\u00e9rminos de alto poder de absorci\u00f3n y distribuci\u00f3n de la energ\u00eda de impacto, garantizando as\u00ed la m\u00e1xima protecci\u00f3n.<\/p>\n<p>Ofrece un ajuste excepcional y una comodidad \u00fanica porque sigue perfectamente los movimientos del cuerpo.<\/p>\n<p>NetCube Back Pro tiene solo 20 mm de grosor, pesa solo 650 g (versi\u00f3n x7) y es completamente plegable.<\/p>\n<p>CARACTER\u00cdSTICAS PRINCIPALES:<br \/>\n&#8211; Protector de espalda con certificaci\u00f3n de nivel 2 EN 1621-2;<br \/>\n&#8211; Tecnolog\u00eda Net3;<br \/>\n&#8211; Peso limitado ;<br \/>\n&#8211; Espesor limitado ;<br \/>\n&#8211; Acolchado interno de E.V.C. (Evoluted Viscoelastic Cells), una innovadora goma hidr\u00f3fuga contra golpes con una elevada relaci\u00f3n rendimiento\/peso\/grosor;<br \/>\n&#8211; Tecnolog\u00eda S.R.T. (Sweat Removing Textile), un tejido 3D transpirable que transfiere el sudor al exterior;<br \/>\n&#8211; Tecnolog\u00eda Renew Memory (RNW): tecnolog\u00eda integrada en el material que devuelve lentamente el producto a su forma y estado originales tras la compresi\u00f3n;<br \/>\n&#8211; Tirantes ajustables y extra\u00edbles;<br \/>\n&#8211; Producto 100% italiano.<\/p>\n","protected":false},"excerpt":{"rendered":"<p>Protector de espalda<\/p>\n","protected":false},"featured_media":11817,"comment_status":"open","ping_status":"open","template":"","meta":[],"product_brand":[],"product_cat":[3788,3804,3796],"product_tag":[],"class_list":{"0":"post-21735","1":"product","2":"type-product","3":"status-publish","4":"has-post-thumbnail","6":"product_cat-jinete-es","7":"product_cat-protecciones-de-espalda-junior","8":"product_cat-protecciones-para-jinetes-junior","9":"pa_altezza-da-121-a-135-cm-es","10":"pa_altezza-da-136-a-150-cm-es","11":"pa_altezza-da-151-a-165-cm-es","12":"pa_codice-intrastat-95069990-es","13":"pa_disciplina-utilizzo-doma","14":"pa_disciplina-utilizzo-salto-de-obstaculos","15":"pa_disciplina-utilizzo-trekking-es","16":"pa_disciplina-utilizzo-trot-es","17":"pa_girovita-da-63-a-80-cm-es","18":"pa_girovita-da-63-a-86-cm-es","19":"pa_girovita-da-70-a-91-cm-es","21":"first","22":"instock","23":"taxable","24":"shipping-taxable","25":"purchasable","26":"product-type-variable"},"_links":{"self":[{"href":"https:\/\/riding.zandona.net\/es\/wp-json\/wp\/v2\/product\/21735","targetHints":{"allow":["GET"]}}],"collection":[{"href":"https:\/\/riding.zandona.net\/es\/wp-json\/wp\/v2\/product"}],"about":[{"href":"https:\/\/riding.zandona.net\/es\/wp-json\/wp\/v2\/types\/product"}],"replies":[{"embeddable":true,"href":"https:\/\/riding.zandona.net\/es\/wp-json\/wp\/v2\/comments?post=21735"}],"wp:featuredmedia":[{"embeddable":true,"href":"https:\/\/riding.zandona.net\/es\/wp-json\/wp\/v2\/media\/11817"}],"wp:attachment":[{"href":"https:\/\/riding.zandona.net\/es\/wp-json\/wp\/v2\/media?parent=21735"}],"wp:term":[{"taxonomy":"product_brand","embeddable":true,"href":"https:\/\/riding.zandona.net\/es\/wp-json\/wp\/v2\/product_brand?post=21735"},{"taxonomy":"product_cat","embeddable":true,"href":"https:\/\/riding.zandona.net\/es\/wp-json\/wp\/v2\/product_cat?post=21735"},{"taxonomy":"product_tag","embeddable":true,"href":"https:\/\/riding.zandona.net\/es\/wp-json\/wp\/v2\/product_tag?post=21735"}],"curies":[{"name":"wp","href":"https:\/\/api.w.org\/{rel}","templated":true}]}}