{"id":21752,"date":"2024-11-06T16:40:13","date_gmt":"2024-11-06T15:40:13","guid":{"rendered":"https:\/\/riding.zandona.net\/shop\/sin categor\u00eda\/soft-active-vest-pro-x7-8\/"},"modified":"2024-11-07T15:34:01","modified_gmt":"2024-11-07T14:34:01","slug":"soft-active-vest-pro-x7-8","status":"publish","type":"product","link":"https:\/\/riding.zandona.net\/es\/shop\/salida\/jinete\/soft-active-vest-pro-x7-8\/","title":{"rendered":"SOFT ACTIVE VEST PRO x7-8"},"content":{"rendered":"<p>\u00abSOFT ACTIVE VEST PRO\u00bb es un chaleco de protecci\u00f3n equipado con un protector de espalda de nivel 2 (prestaciones de protecci\u00f3n seg\u00fan la norma EN1621) dise\u00f1ado para proteger la columna vertebral de los impactos.<br \/>\nSoft Active Vest Pro tambi\u00e9n est\u00e1 equipado con cuatro acolchados amortiguadores especiales (dos en la zona de las costillas y dos en las caderas) para ofrecer una protecci\u00f3n adicional.<\/p>\n<p>CARACTER\u00cdSTICAS PRINCIPALES:<br \/>\n&#8211; Protector de espalda Niv. 2 (CE EN1621);<br \/>\n&#8211; Tejido S.R.T. (Sweat Removing Textile \u2013 Tejido 3D transpirable que expulsa el sudor);<br \/>\n&#8211; Acolchado interno de E.V.C. (Evoluted Viscoelastic Cells), caucho hidr\u00f3fugo contra golpes;<br \/>\n&#8211; Muy transpirable;<br \/>\n&#8211; Confort \u00fanico;<br \/>\n&#8211; Producto 100% italiano.<\/p>\n","protected":false},"excerpt":{"rendered":"<p>Protector de espalda<\/p>\n","protected":false},"featured_media":30662,"comment_status":"open","ping_status":"closed","template":"","meta":[],"product_brand":[],"product_cat":[3700,3556],"product_tag":[],"class_list":{"0":"post-21752","1":"product","2":"type-product","3":"status-publish","4":"has-post-thumbnail","6":"product_cat-jinete","7":"product_cat-salida","8":"pa_altezza-da-158-a-167-cm-es","9":"pa_altezza-da-168-a-177-cm-es","10":"pa_codice-intrastat-95069990-es","11":"pa_disciplina-utilizzo-doma","12":"pa_disciplina-utilizzo-salto-de-obstaculos","13":"pa_disciplina-utilizzo-trekking-es","14":"pa_disciplina-utilizzo-trot-es","15":"pa_girovita-da-102-a-114-cm-es","16":"pa_girovita-da-78-a-85-cm-es","17":"pa_girovita-da-86-a-93-cm-es","18":"pa_girovita-da-94-a-101-cm-es","20":"first","21":"instock","22":"taxable","23":"shipping-taxable","24":"purchasable","25":"product-type-variable"},"_links":{"self":[{"href":"https:\/\/riding.zandona.net\/es\/wp-json\/wp\/v2\/product\/21752","targetHints":{"allow":["GET"]}}],"collection":[{"href":"https:\/\/riding.zandona.net\/es\/wp-json\/wp\/v2\/product"}],"about":[{"href":"https:\/\/riding.zandona.net\/es\/wp-json\/wp\/v2\/types\/product"}],"replies":[{"embeddable":true,"href":"https:\/\/riding.zandona.net\/es\/wp-json\/wp\/v2\/comments?post=21752"}],"wp:featuredmedia":[{"embeddable":true,"href":"https:\/\/riding.zandona.net\/es\/wp-json\/wp\/v2\/media\/30662"}],"wp:attachment":[{"href":"https:\/\/riding.zandona.net\/es\/wp-json\/wp\/v2\/media?parent=21752"}],"wp:term":[{"taxonomy":"product_brand","embeddable":true,"href":"https:\/\/riding.zandona.net\/es\/wp-json\/wp\/v2\/product_brand?post=21752"},{"taxonomy":"product_cat","embeddable":true,"href":"https:\/\/riding.zandona.net\/es\/wp-json\/wp\/v2\/product_cat?post=21752"},{"taxonomy":"product_tag","embeddable":true,"href":"https:\/\/riding.zandona.net\/es\/wp-json\/wp\/v2\/product_tag?post=21752"}],"curies":[{"name":"wp","href":"https:\/\/api.w.org\/{rel}","templated":true}]}}