{"id":21837,"date":"2024-11-06T16:41:56","date_gmt":"2024-11-06T15:41:56","guid":{"rendered":"https:\/\/riding.zandona.net\/shop\/sin categor\u00eda\/netcube-armour-x6-7-8\/"},"modified":"2024-11-07T13:36:51","modified_gmt":"2024-11-07T12:36:51","slug":"netcube-armour-x6-7-8","status":"publish","type":"product","link":"https:\/\/riding.zandona.net\/es\/shop\/jinete-es\/protecciones-para-jinetes-adultos\/protecciones-de-espaldapecho\/netcube-armour-x6-7-8\/","title":{"rendered":"NETCUBE ARMOUR x6-7-8"},"content":{"rendered":"<p>\u00abNETCUBE ARMOUR\u00bb es un sistema de protecci\u00f3n para la espalda y el pecho que consiste en un protector de espalda NetCube Back Pro con certificaci\u00f3n de nivel 2 (EN 1621-2) y un protector de pecho con certificaci\u00f3n de nivel 2 (EN 1621-3).<\/p>\n<p>\u00abNetCube Armour\u00bb est\u00e1 dotado de nuestra tecnolog\u00eda Net3, una innovadora estructura de caucho de nitrilo especial contra golpes con tecnolog\u00eda de rejilla 3D patentada, fruto de cuidadosos estudios que han permitido obtener una combinaci\u00f3n ganadora de forma + composici\u00f3n que ofrece un excelente rendimiento en t\u00e9rminos de alto poder de absorci\u00f3n y distribuci\u00f3n de la energ\u00eda del impacto, garantizando as\u00ed la m\u00e1xima protecci\u00f3n.<\/p>\n<p>La protecci\u00f3n ofrece una gran comodidad porque sigue los movimientos naturales del cuerpo durante la pr\u00e1ctica ecuestre, y el protector de espalda es totalmente plegable.<\/p>\n<p>El protector de pecho es desmontable: el protector de espalda puede utilizarse individualmente mediante tirantes accesorios, que pueden adquirirse por separado.<br \/>\n\u00a0\u00a0\u00a0\u00a0\u00a0\u00a0\u00a0\u00a0\u00a0\u00a0\u00a0\u00a0\u00a0\u00a0\u00a0\u00a0\u00a0\u00a0\u00a0\u00a0\u00a0\u00a0\u00a0\u00a0\u00a0\u00a0\u00a0\u00a0\u00a0\u00a0\u00a0\u00a0\u00a0\u00a0\u00a0\u00a0\u00a0\u00a0\u00a0\u00a0\u00a0\u00a0\u00a0\u00a0<br \/>\nCARACTER\u00cdSTICAS PRINCIPALES:<br \/>\n&#8211; Protecci\u00f3n dorsal certificada Nivel 2 EN 1621-2;<br \/>\n&#8211; Protecci\u00f3n pectoral certificada seg\u00fan la norma EN 1621-3 de nivel 2;<br \/>\n&#8211; Net3 Technology;<br \/>\n&#8211; Acolchado interno de E.V.C. (Evoluted Viscoelastic Cells), una innovadora goma hidr\u00f3fuga contra golpes con una elevada relaci\u00f3n rendimiento\/peso\/grosor;<br \/>\n&#8211; S.R.T. Technology (Sweat Removing Textile), un tejido 3D transpirable que transfiere el sudor al exterior;<br \/>\n&#8211; Renew Memory Technology (RNW): tecnolog\u00eda integrada en el material que devuelve lentamente el producto a su forma y estado originales tras la compresi\u00f3n;<br \/>\n&#8211; Banda lumbar de cierre en la cintura con sistema de doble ajuste el\u00e1stico;<br \/>\n&#8211; Tirantes ajustables y extra\u00edbles;<br \/>\n&#8211; Producto 100% italiano.<\/p>\n","protected":false},"excerpt":{"rendered":"<p>Protector de espalda y pecho<\/p>\n","protected":false},"featured_media":11948,"comment_status":"open","ping_status":"open","template":"","meta":[],"product_brand":[],"product_cat":[3788,3811,3792],"product_tag":[],"class_list":{"0":"post-21837","1":"product","2":"type-product","3":"status-publish","4":"has-post-thumbnail","6":"product_cat-jinete-es","7":"product_cat-protecciones-de-espaldapecho","8":"product_cat-protecciones-para-jinetes-adultos","9":"pa_altezza-da-158-a-167-cm-es","10":"pa_altezza-da-168-a-177-cm-es","11":"pa_altezza-da-178-a-187-cm-es","12":"pa_codice-intrastat-95069990-es","13":"pa_disciplina-utilizzo-doma","14":"pa_disciplina-utilizzo-salto-de-obstaculos","15":"pa_disciplina-utilizzo-trekking-es","16":"pa_disciplina-utilizzo-trot-es","17":"pa_girovita-da-102-a-114-cm-es","18":"pa_girovita-da-70-a-77-cm-es","19":"pa_girovita-da-78-a-85-cm-es","20":"pa_girovita-da-86-a-93-cm-es","21":"pa_girovita-da-94-a-101-cm-es","23":"first","24":"instock","25":"taxable","26":"shipping-taxable","27":"purchasable","28":"product-type-variable"},"_links":{"self":[{"href":"https:\/\/riding.zandona.net\/es\/wp-json\/wp\/v2\/product\/21837","targetHints":{"allow":["GET"]}}],"collection":[{"href":"https:\/\/riding.zandona.net\/es\/wp-json\/wp\/v2\/product"}],"about":[{"href":"https:\/\/riding.zandona.net\/es\/wp-json\/wp\/v2\/types\/product"}],"replies":[{"embeddable":true,"href":"https:\/\/riding.zandona.net\/es\/wp-json\/wp\/v2\/comments?post=21837"}],"wp:featuredmedia":[{"embeddable":true,"href":"https:\/\/riding.zandona.net\/es\/wp-json\/wp\/v2\/media\/11948"}],"wp:attachment":[{"href":"https:\/\/riding.zandona.net\/es\/wp-json\/wp\/v2\/media?parent=21837"}],"wp:term":[{"taxonomy":"product_brand","embeddable":true,"href":"https:\/\/riding.zandona.net\/es\/wp-json\/wp\/v2\/product_brand?post=21837"},{"taxonomy":"product_cat","embeddable":true,"href":"https:\/\/riding.zandona.net\/es\/wp-json\/wp\/v2\/product_cat?post=21837"},{"taxonomy":"product_tag","embeddable":true,"href":"https:\/\/riding.zandona.net\/es\/wp-json\/wp\/v2\/product_tag?post=21837"}],"curies":[{"name":"wp","href":"https:\/\/api.w.org\/{rel}","templated":true}]}}