{"id":21889,"date":"2024-11-06T16:43:01","date_gmt":"2024-11-06T15:43:01","guid":{"rendered":"https:\/\/riding.zandona.net\/shop\/sin categor\u00eda\/magnetic-equitation-socks\/"},"modified":"2024-11-07T15:34:12","modified_gmt":"2024-11-07T14:34:12","slug":"magnetic-equitation-socks","status":"publish","type":"product","link":"https:\/\/riding.zandona.net\/es\/shop\/salida\/calcetines-tecnicos-magneticos\/magnetic-equitation-socks\/","title":{"rendered":"MAGNETIC EQUITATION SOCKS"},"content":{"rendered":"<p>El equilibrio y el bienestar del pie del jinete son fundamentales en la equitaci\u00f3n.<br \/>\nPor eso Zandon\u00e0, en colaboraci\u00f3n con SPM\u2122, ha desarrollado \u00abMAGNETIC EQUITATION SOCKS\u00bb, calcetines t\u00e9cnicos 100% Made in Italy con patente mundial.<\/p>\n<p>Estos calcetines t\u00e9cnicos est\u00e1n dotados de imanes especialmente colocados para favorecer la circulaci\u00f3n sangu\u00ednea y linf\u00e1tica, lo que tambi\u00e9n promueve un mayor flujo sangu\u00edneo en las proximidades del estribo.<br \/>\nEvitan que el pie se adormezca y ayudan a mantener los m\u00fasculos activos, promoviendo el bienestar f\u00edsico del mismo.<br \/>\nEl aumento del flujo sangu\u00edneo en el pie permite que desaparezcan las tensiones musculares, haciendo que los m\u00fasculos responsables del equilibrio trabajen con mayor precisi\u00f3n.<\/p>\n<p>&#8211; CIRCULACI\u00d3N: estimula la circulaci\u00f3n sangu\u00ednea para mejorar el rendimiento muscular.<br \/>\n&#8211; EQUILIBRIO POSTURAL: refuerza los m\u00fasculos para mejorar el equilibrio corporal<br \/>\n&#8211; \u00daNICO: \u00a1el \u00fanico calcet\u00edn magnetoterap\u00e9utico de equitaci\u00f3n del mundo!<\/p>\n<p>AVISO IMPORTANTE: NO ES \u00daTIL para los portadores de marcapasos<\/p>\n","protected":false},"excerpt":{"rendered":"<p>Calcetines magn\u00e9ticos<\/p>\n","protected":false},"featured_media":30638,"comment_status":"open","ping_status":"closed","template":"","meta":[],"product_brand":[],"product_cat":[3692,3556],"product_tag":[],"class_list":{"0":"post-21889","1":"product","2":"type-product","3":"status-publish","4":"has-post-thumbnail","6":"product_cat-calcetines-tecnicos-magneticos","7":"product_cat-salida","8":"pa_codice-intrastat-95069990-es","9":"pa_disciplina-utilizzo-cross-country-es","10":"pa_disciplina-utilizzo-doma","11":"pa_disciplina-utilizzo-salto-de-obstaculos","12":"pa_disciplina-utilizzo-trekking-es","13":"pa_disciplina-utilizzo-trot-es","14":"pa_numero-da-35-a-38-cm-es","15":"pa_numero-da-39-a-42-cm-es","16":"pa_numero-da-43-a-44-cm-es","17":"pa_numero-da-45-a-47-cm-es","19":"first","20":"instock","21":"taxable","22":"shipping-taxable","23":"purchasable","24":"product-type-variable"},"_links":{"self":[{"href":"https:\/\/riding.zandona.net\/es\/wp-json\/wp\/v2\/product\/21889","targetHints":{"allow":["GET"]}}],"collection":[{"href":"https:\/\/riding.zandona.net\/es\/wp-json\/wp\/v2\/product"}],"about":[{"href":"https:\/\/riding.zandona.net\/es\/wp-json\/wp\/v2\/types\/product"}],"replies":[{"embeddable":true,"href":"https:\/\/riding.zandona.net\/es\/wp-json\/wp\/v2\/comments?post=21889"}],"wp:featuredmedia":[{"embeddable":true,"href":"https:\/\/riding.zandona.net\/es\/wp-json\/wp\/v2\/media\/30638"}],"wp:attachment":[{"href":"https:\/\/riding.zandona.net\/es\/wp-json\/wp\/v2\/media?parent=21889"}],"wp:term":[{"taxonomy":"product_brand","embeddable":true,"href":"https:\/\/riding.zandona.net\/es\/wp-json\/wp\/v2\/product_brand?post=21889"},{"taxonomy":"product_cat","embeddable":true,"href":"https:\/\/riding.zandona.net\/es\/wp-json\/wp\/v2\/product_cat?post=21889"},{"taxonomy":"product_tag","embeddable":true,"href":"https:\/\/riding.zandona.net\/es\/wp-json\/wp\/v2\/product_tag?post=21889"}],"curies":[{"name":"wp","href":"https:\/\/api.w.org\/{rel}","templated":true}]}}