{"id":21919,"date":"2024-11-06T16:43:34","date_gmt":"2024-11-06T15:43:34","guid":{"rendered":"https:\/\/riding.zandona.net\/shop\/sin categor\u00eda\/netcube-armour-chest-young-xs\/"},"modified":"2024-11-07T13:38:43","modified_gmt":"2024-11-07T12:38:43","slug":"netcube-armour-chest-young-xs","status":"publish","type":"product","link":"https:\/\/riding.zandona.net\/es\/shop\/jinete-es\/accesorios-protecciones-para-jinetes-adultos\/protectores-pectorales\/netcube-armour-chest-young-xs\/","title":{"rendered":"NETCUBE ARMOUR CHEST YOUNG XS"},"content":{"rendered":"<p>\u00abNETCUBE ARMOUR CHEST\u00bb es el accesorio protecci\u00f3n pectoral con con certificaci\u00f3n CE para NetCube Back Pro. <\/p>\n<p>CARACTER\u00cdSTICAS PRINCIPALES:<br \/>\n&#8211; Net3 Technology: estructura innovadora de goma de nitrilo contra golpes especial con tecnolog\u00eda de rejilla 3D patentada, resultado de minuciosos estudios que han dado como resultado una combinaci\u00f3n ganadora de forma+composici\u00f3n que se comporta de forma excelente, garantizando un alto poder de absorci\u00f3n y distribuci\u00f3n de la energ\u00eda del impacto, asegurando as\u00ed la m\u00e1xima protecci\u00f3n;<br \/>\n&#8211; Certificado CE EN 1621-3 Nivel 2;<br \/>\n&#8211; Acolchado interno de E.V.C. (Evoluted Viscoelastic Cells), un innovador material contra golpes impermeable con una elevada relaci\u00f3n rendimiento\/peso\/grosor;<br \/>\n&#8211; Espesor reducido para optimizar el ajuste;<br \/>\n&#8211; Transpirable;<br \/>\n&#8211; Producto 100% italiano.<\/p>\n","protected":false},"excerpt":{"rendered":"<p>Protecci\u00f3n del pecho<\/p>\n","protected":false},"featured_media":12056,"comment_status":"open","ping_status":"closed","template":"","meta":[],"product_brand":[],"product_cat":[3816,3788,3851],"product_tag":[],"class_list":{"0":"post-21919","1":"product","2":"type-product","3":"status-publish","4":"has-post-thumbnail","6":"product_cat-accesorios-protecciones-para-jinetes-adultos","7":"product_cat-jinete-es","8":"product_cat-protectores-pectorales","9":"pa_altezza-da-105-a-150-cm-es","10":"pa_codice-intrastat-95069990-es","11":"pa_disciplina-utilizzo-doma","12":"pa_disciplina-utilizzo-salto-de-obstaculos","13":"pa_disciplina-utilizzo-trekking-es","14":"pa_disciplina-utilizzo-trot-es","16":"first","17":"instock","18":"taxable","19":"shipping-taxable","20":"purchasable","21":"product-type-simple"},"_links":{"self":[{"href":"https:\/\/riding.zandona.net\/es\/wp-json\/wp\/v2\/product\/21919","targetHints":{"allow":["GET"]}}],"collection":[{"href":"https:\/\/riding.zandona.net\/es\/wp-json\/wp\/v2\/product"}],"about":[{"href":"https:\/\/riding.zandona.net\/es\/wp-json\/wp\/v2\/types\/product"}],"replies":[{"embeddable":true,"href":"https:\/\/riding.zandona.net\/es\/wp-json\/wp\/v2\/comments?post=21919"}],"wp:featuredmedia":[{"embeddable":true,"href":"https:\/\/riding.zandona.net\/es\/wp-json\/wp\/v2\/media\/12056"}],"wp:attachment":[{"href":"https:\/\/riding.zandona.net\/es\/wp-json\/wp\/v2\/media?parent=21919"}],"wp:term":[{"taxonomy":"product_brand","embeddable":true,"href":"https:\/\/riding.zandona.net\/es\/wp-json\/wp\/v2\/product_brand?post=21919"},{"taxonomy":"product_cat","embeddable":true,"href":"https:\/\/riding.zandona.net\/es\/wp-json\/wp\/v2\/product_cat?post=21919"},{"taxonomy":"product_tag","embeddable":true,"href":"https:\/\/riding.zandona.net\/es\/wp-json\/wp\/v2\/product_tag?post=21919"}],"curies":[{"name":"wp","href":"https:\/\/api.w.org\/{rel}","templated":true}]}}