{"id":21958,"date":"2024-11-06T16:44:24","date_gmt":"2024-11-06T15:44:24","guid":{"rendered":"https:\/\/riding.zandona.net\/shop\/sin categor\u00eda\/elite-air-young-competition-fetlock\/"},"modified":"2024-11-07T13:40:05","modified_gmt":"2024-11-07T12:40:05","slug":"elite-air-young-competition-fetlock","status":"publish","type":"product","link":"https:\/\/riding.zandona.net\/es\/shop\/salida\/protectores-de-caballo-es\/elite-air-protezioni-cavallo-in-promozione-es\/elite-air-young-competition-fetlock\/","title":{"rendered":"ELITE AIR YOUNG COMPETITION Fetlock"},"content":{"rendered":"<p>Los innovadores \u00abELITE AIR fetlock\u00bb son protectores de menudillos de lujo dise\u00f1ados para ofrecer un nuevo nivel de excelencia y para aumentar el rendimiento y la protecci\u00f3n del caballo de deporte joven en la disciplina de salto de obst\u00e1culos \u00abcaballos j\u00f3venes\u00bb.<\/p>\n<p>Desarrollados para ofrecer la combinaci\u00f3n perfecta entre m\u00e1xima protecci\u00f3n, ligereza y comodidad, representan lo mejor de la tecnolog\u00eda disponible actualmente en el mercado.<\/p>\n<p>La estructura exterior incorpora un nuevo inserto especial de fibra FLEX-CARBON (patentado) que maximiza la capacidad de protecci\u00f3n de los protectores, sin limitar su flexibilidad y adaptabilidad a la extremidad, lo que les permite alcanzar nuevos niveles de rendimiento.<\/p>\n<p>El acolchado, compuesto por una capa exterior de malla de aire 3D, una capa interior de neopreno perforado y el probado Gel-Tech para las zonas m\u00e1s expuestas a los golpes, ofrece unos niveles \u00f3ptimos de absorci\u00f3n y confort y una transpirabilidad sin igual gracias al forro interior COOLMAX\u00ae que evacua el sudor.<\/p>\n<p>Los cierres de punta tienen una nueva forma que los hace a\u00fan m\u00e1s ergon\u00f3micos, r\u00e1pidos y seguros.<\/p>\n<p>Por \u00faltimo, las inserciones especiales doradas hacen que ELITE AIR sea extremadamente exclusivo y, gracias al dise\u00f1o y la fabricaci\u00f3n italianos, establecen un nuevo logro estil\u00edstico y cualitativo.<\/p>\n<p>CARACTER\u00cdSTICAS PRINCIPALES:<br \/>\n&#8211; Estructura altamente protectora con capa de malla de aire 3D + neopreno perforado;<br \/>\n&#8211; Forro interior Coolmax\u00ae para una excelente transpiraci\u00f3n;<br \/>\n&#8211; Inserciones de fibra FLEX-CARBON (patentado) flexibles para una mayor protecci\u00f3n y comodidad;<br \/>\n&#8211; Acolchado Gel-Tech para la absorci\u00f3n de impactos;<br \/>\n&#8211; Tomas de aire para una ventilaci\u00f3n superior;<br \/>\n&#8211; Carcasa exterior flexible y Flex-Zone para una total libertad de movimientos;<br \/>\n&#8211; Producto 100% italiano.<\/p>\n","protected":false},"excerpt":{"rendered":"<p>Protecci\u00f3n del menudillo (Performance Boots)<\/p>\n","protected":false},"featured_media":12114,"comment_status":"open","ping_status":"closed","template":"","meta":[],"product_brand":[],"product_cat":[3960,3696,3732,3556],"product_tag":[],"class_list":{"0":"post-21958","1":"product","2":"type-product","3":"status-publish","4":"has-post-thumbnail","6":"product_cat-elite-air-protezioni-cavallo-in-promozione-es","7":"product_cat-protectores-de-caballo-es","8":"product_cat-protectores-de-menudillos-conformes-con-fei","9":"product_cat-salida","10":"pa_codice-intrastat-42010000-es","11":"pa_disciplina-utilizzo-salto-de-obstaculos","12":"pa_disciplina-utilizzo-trekking-es","13":"pa_disciplina-utilizzo-trot-es","14":"pa_giro-nodello-da-28-a-30-cm-es","15":"pa_giro-nodello-da-31-a-32-cm-es","16":"pa_giro-nodello-da-33-a-34-cm-es","17":"pa_giro-nodello-da-35-a-37-cm-es","19":"first","20":"instock","21":"taxable","22":"shipping-taxable","23":"purchasable","24":"product-type-variable"},"_links":{"self":[{"href":"https:\/\/riding.zandona.net\/es\/wp-json\/wp\/v2\/product\/21958","targetHints":{"allow":["GET"]}}],"collection":[{"href":"https:\/\/riding.zandona.net\/es\/wp-json\/wp\/v2\/product"}],"about":[{"href":"https:\/\/riding.zandona.net\/es\/wp-json\/wp\/v2\/types\/product"}],"replies":[{"embeddable":true,"href":"https:\/\/riding.zandona.net\/es\/wp-json\/wp\/v2\/comments?post=21958"}],"wp:featuredmedia":[{"embeddable":true,"href":"https:\/\/riding.zandona.net\/es\/wp-json\/wp\/v2\/media\/12114"}],"wp:attachment":[{"href":"https:\/\/riding.zandona.net\/es\/wp-json\/wp\/v2\/media?parent=21958"}],"wp:term":[{"taxonomy":"product_brand","embeddable":true,"href":"https:\/\/riding.zandona.net\/es\/wp-json\/wp\/v2\/product_brand?post=21958"},{"taxonomy":"product_cat","embeddable":true,"href":"https:\/\/riding.zandona.net\/es\/wp-json\/wp\/v2\/product_cat?post=21958"},{"taxonomy":"product_tag","embeddable":true,"href":"https:\/\/riding.zandona.net\/es\/wp-json\/wp\/v2\/product_tag?post=21958"}],"curies":[{"name":"wp","href":"https:\/\/api.w.org\/{rel}","templated":true}]}}