{"id":21985,"date":"2024-11-06T16:44:49","date_gmt":"2024-11-06T15:44:49","guid":{"rendered":"https:\/\/riding.zandona.net\/shop\/sin categor\u00eda\/carbon-chic-tendon\/"},"modified":"2024-11-07T13:40:57","modified_gmt":"2024-11-07T12:40:57","slug":"carbon-chic-tendon","status":"publish","type":"product","link":"https:\/\/riding.zandona.net\/es\/shop\/caballo\/protectores-de-caballo\/salto-de-obstaculos\/carbon-chic-es\/carbon-chic-tendon\/","title":{"rendered":"CARBON CHIC Tendon"},"content":{"rendered":"<p>El protector CARBON CHIC Tendon es imprescindible para aquellos que desean lucir un estilo inigualable y moderno mientras mantienen caracter\u00edsticas excepcionales para garantizar el rendimiento de primer nivel del caballo y una apariencia absolutamente glamorosa.<br \/>\nEstos protectores de tendones de la serie Fashion combinan un dise\u00f1o de vanguardia caracterizado por l\u00edneas atrevidas y acabados brillantes con un toque brillante que no solo embellece el protector sino que tambi\u00e9n cumple una importante funci\u00f3n protectora.<br \/>\nDe hecho, el inserto especial de Fibra de Carbono (patentado y, por primera vez, brillante) mejora la capacidad protectora del protector manteniendo la m\u00e1xima flexibilidad y adaptabilidad a las extremidades del caballo.<br \/>\nEl acolchado est\u00e1 hecho de una capa exterior de 3D Air-Mesh, una capa interior de Neopreno Perforado y el probado Gel-Tech para las zonas m\u00e1s expuestas a los impactos. Esta combinaci\u00f3n ofrece al caballo un alto nivel de protecci\u00f3n y comodidad, permiti\u00e9ndole brillar en todos los sentidos, tanto en t\u00e9rminos de rendimiento como de estilo.<br \/>\nLas entradas de aire son amplias y numerosas para asegurar la ventilaci\u00f3n y evitar el estr\u00e9s y el sobrecalentamiento de las extremidades.<br \/>\n100% Made in Italy y sostenible, ya que est\u00e1 fabricado con un 95% de TPU reciclado (certificado PSV).<\/p>\n<p>CARBON CHIC, Shine Your Performance.<\/p>\n<p>CARACTER\u00cdSTICAS PRINCIPALES:<br \/>\n&#8211; Inserci\u00f3n brillante para un estilo \u00fanico;<br \/>\n&#8211; Inserci\u00f3n de fibra de carbono para mayor protecci\u00f3n;<br \/>\n&#8211; Estructura Anat\u00f3mica en TPU Reciclado;<br \/>\n&#8211; Estructura y forro interior altamente transpirables;<br \/>\n&#8211; Acolchado Gel-Tech para absorci\u00f3n de impactos;<br \/>\n&#8211; Tomas de aire para ventilaci\u00f3n adicional;<br \/>\n&#8211; Flex-Zone para una total libertad de movimiento;<br \/>\n&#8211; 3D Air-Mesh + Neopreno perforado;<br \/>\n&#8211; 100% Hecho en Italia.<\/p>\n","protected":false},"excerpt":{"rendered":"<p>Protecci\u00f3n de tendones<\/p>\n","protected":false},"featured_media":12149,"comment_status":"open","ping_status":"closed","template":"","meta":[],"product_brand":[],"product_cat":[3644,3593,3544,3648,3552,3652],"product_tag":[],"class_list":{"0":"post-21985","1":"product","2":"type-product","3":"status-publish","4":"has-post-thumbnail","6":"product_cat-caballo","7":"product_cat-carbon-chic-es","8":"product_cat-nuevo","9":"product_cat-protectores-de-caballo","10":"product_cat-recomendados","11":"product_cat-salto-de-obstaculos","12":"pa_codice-intrastat-42010000-es","13":"pa_disciplina-utilizzo-salto-de-obstaculos","14":"pa_disciplina-utilizzo-trekking-es","15":"pa_disciplina-utilizzo-trot-es","16":"pa_giro-nodello-da-26-a-28-cm-es","17":"pa_giro-nodello-da-29-a-30-cm-es","18":"pa_giro-nodello-da-31-a-32-cm-es","19":"pa_giro-nodello-da-33-a-35-cm-es","21":"first","22":"instock","23":"taxable","24":"shipping-taxable","25":"purchasable","26":"product-type-variable"},"_links":{"self":[{"href":"https:\/\/riding.zandona.net\/es\/wp-json\/wp\/v2\/product\/21985","targetHints":{"allow":["GET"]}}],"collection":[{"href":"https:\/\/riding.zandona.net\/es\/wp-json\/wp\/v2\/product"}],"about":[{"href":"https:\/\/riding.zandona.net\/es\/wp-json\/wp\/v2\/types\/product"}],"replies":[{"embeddable":true,"href":"https:\/\/riding.zandona.net\/es\/wp-json\/wp\/v2\/comments?post=21985"}],"wp:featuredmedia":[{"embeddable":true,"href":"https:\/\/riding.zandona.net\/es\/wp-json\/wp\/v2\/media\/12149"}],"wp:attachment":[{"href":"https:\/\/riding.zandona.net\/es\/wp-json\/wp\/v2\/media?parent=21985"}],"wp:term":[{"taxonomy":"product_brand","embeddable":true,"href":"https:\/\/riding.zandona.net\/es\/wp-json\/wp\/v2\/product_brand?post=21985"},{"taxonomy":"product_cat","embeddable":true,"href":"https:\/\/riding.zandona.net\/es\/wp-json\/wp\/v2\/product_cat?post=21985"},{"taxonomy":"product_tag","embeddable":true,"href":"https:\/\/riding.zandona.net\/es\/wp-json\/wp\/v2\/product_tag?post=21985"}],"curies":[{"name":"wp","href":"https:\/\/api.w.org\/{rel}","templated":true}]}}