{"id":22048,"date":"2024-11-06T16:46:14","date_gmt":"2024-11-06T15:46:14","guid":{"rendered":"https:\/\/riding.zandona.net\/shop\/sin categor\u00eda\/air-master-fetlock\/"},"modified":"2024-11-07T13:42:52","modified_gmt":"2024-11-07T12:42:52","slug":"air-master-fetlock","status":"publish","type":"product","link":"https:\/\/riding.zandona.net\/es\/shop\/caballo\/protectores-de-caballo\/salto-de-obstaculos\/air-master-es\/air-master-fetlock\/","title":{"rendered":"AIR MASTER Fetlock"},"content":{"rendered":"<p>Los innovadores protectores de menudillos \u00abAIR MASTER fetlock\u00bb han sido desarrollados para ofrecer excelentes niveles de protecci\u00f3n, ligereza y comodidad al caballo deportivo.<\/p>\n<p>Las m\u00faltiples tomas de aire favorecen una ventilaci\u00f3n completa para que las extremidades no se recalienten y den siempre lo m\u00e1ximo.<\/p>\n<p>La renovada estructura exterior incorpora un nuevo inserto especial de Fibra FLEX-TITANIUM (patentado) que mejora la capacidad de protecci\u00f3n del protector sin limitar su flexibilidad y adaptabilidad a la extremidad.<\/p>\n<p>El acolchado, compuesto por una capa exterior de malla de aire 3D, una capa interior de neopreno perforado y el probado Gel-Tech para las zonas m\u00e1s expuestas a los golpes, proporciona protecci\u00f3n y confort excelentes.<\/p>\n<p>El dise\u00f1o moderno y la fabricaci\u00f3n 100% Made in Italy distinguen a la l\u00ednea AIR MASTER por su alt\u00edsima calidad y su excepcional ligereza.<\/p>\n<p>CARACTER\u00cdSTICAS PRINCIPALES:<\/p>\n<p>&#8211; Estructura y forro interior s\u00faper transpirables;<br \/>\n&#8211; Inserciones de fibra FLEX-TITANIUM (patente en tramitaci\u00f3n) para una mayor protecci\u00f3n;<br \/>\n&#8211; Acolchado Gel-Tech para la absorci\u00f3n de impactos;<br \/>\n&#8211; Tomas de aire para una mayor ventilaci\u00f3n;<br \/>\n&#8211; Flex-Zone para una total libertad de movimientos;<br \/>\n&#8211; Malla de aire 3D + neopreno perforado;<br \/>\n&#8211; Producto 100% italiano.<\/p>\n","protected":false},"excerpt":{"rendered":"<p>Protecci\u00f3n del menudillo<\/p>\n","protected":false},"featured_media":12228,"comment_status":"open","ping_status":"open","template":"","meta":[],"product_brand":[],"product_cat":[3590,3644,3648,3732,3652],"product_tag":[],"class_list":{"0":"post-22048","1":"product","2":"type-product","3":"status-publish","4":"has-post-thumbnail","6":"product_cat-air-master-es","7":"product_cat-caballo","8":"product_cat-protectores-de-caballo","9":"product_cat-protectores-de-menudillos-conformes-con-fei","10":"product_cat-salto-de-obstaculos","11":"pa_codice-intrastat-42010000-es","12":"pa_disciplina-utilizzo-salto-de-obstaculos","13":"pa_disciplina-utilizzo-trekking-es","14":"pa_disciplina-utilizzo-trot-es","15":"pa_giro-nodello-da-28-a-30-cm-es","16":"pa_giro-nodello-da-31-a-32-cm-es","17":"pa_giro-nodello-da-33-a-34-cm-es","18":"pa_giro-nodello-da-35-a-37-cm-es","20":"first","21":"instock","22":"taxable","23":"shipping-taxable","24":"purchasable","25":"product-type-variable"},"_links":{"self":[{"href":"https:\/\/riding.zandona.net\/es\/wp-json\/wp\/v2\/product\/22048","targetHints":{"allow":["GET"]}}],"collection":[{"href":"https:\/\/riding.zandona.net\/es\/wp-json\/wp\/v2\/product"}],"about":[{"href":"https:\/\/riding.zandona.net\/es\/wp-json\/wp\/v2\/types\/product"}],"replies":[{"embeddable":true,"href":"https:\/\/riding.zandona.net\/es\/wp-json\/wp\/v2\/comments?post=22048"}],"wp:featuredmedia":[{"embeddable":true,"href":"https:\/\/riding.zandona.net\/es\/wp-json\/wp\/v2\/media\/12228"}],"wp:attachment":[{"href":"https:\/\/riding.zandona.net\/es\/wp-json\/wp\/v2\/media?parent=22048"}],"wp:term":[{"taxonomy":"product_brand","embeddable":true,"href":"https:\/\/riding.zandona.net\/es\/wp-json\/wp\/v2\/product_brand?post=22048"},{"taxonomy":"product_cat","embeddable":true,"href":"https:\/\/riding.zandona.net\/es\/wp-json\/wp\/v2\/product_cat?post=22048"},{"taxonomy":"product_tag","embeddable":true,"href":"https:\/\/riding.zandona.net\/es\/wp-json\/wp\/v2\/product_tag?post=22048"}],"curies":[{"name":"wp","href":"https:\/\/api.w.org\/{rel}","templated":true}]}}