{"id":22066,"date":"2024-11-06T16:46:38","date_gmt":"2024-11-06T15:46:38","guid":{"rendered":"https:\/\/riding.zandona.net\/shop\/sin categor\u00eda\/air-master-young-competition-fetlock\/"},"modified":"2024-11-07T13:43:21","modified_gmt":"2024-11-07T12:43:21","slug":"air-master-young-competition-fetlock","status":"publish","type":"product","link":"https:\/\/riding.zandona.net\/es\/shop\/salida\/protectores-de-caballo-es\/air-master-protezioni-cavallo-in-promozione-es\/air-master-young-competition-fetlock\/","title":{"rendered":"AIR MASTER YOUNG COMPETITION Fetlock"},"content":{"rendered":"<p>Los innovadores \u00ab AIR MASTER YOUNG COMPETITION Fetlock\u00bb son protectores de menudillos de lujo dise\u00f1ados para ofrecer un nuevo nivel de excelencia y para aumentar el rendimiento y la protecci\u00f3n del caballo de deporte joven en la disciplina de salto de obst\u00e1culos \u00abcaballos j\u00f3venes\u00bb.<br \/>\nLas m\u00faltiples tomas de aire favorecen una ventilaci\u00f3n completa para que las extremidades no se recalienten y den siempre lo m\u00e1ximo.<\/p>\n<p>La renovada estructura exterior incorpora un nuevo inserto especial de Fibra FLEX-TITANIUM (patentado) que mejora la capacidad de protecci\u00f3n del protector sin limitar su flexibilidad y adaptabilidad a la extremidad.<br \/>\nEl acolchado, compuesto por una capa exterior de malla de aire 3D, una capa interior de neopreno perforado y el probado Gel-Tech para las zonas m\u00e1s expuestas a los golpes, proporciona protecci\u00f3n y confort excelentes.<br \/>\nEl dise\u00f1o moderno y la fabricaci\u00f3n 100% Made in Italy distinguen a la l\u00ednea AIR MASTER por su alt\u00edsima calidad y su excepcional ligereza.<\/p>\n<p>CARACTER\u00cdSTICAS PRINCIPALES:<\/p>\n<p>&#8211; Estructura y forro interior s\u00faper transpirables;<br \/>\n&#8211; Inserciones de fibra FLEX-TITANIUM (patentado) para una mayor protecci\u00f3n;<br \/>\n&#8211; Acolchado Gel-Tech para la absorci\u00f3n de impactos;<br \/>\n&#8211; Tomas de aire para una mayor ventilaci\u00f3n;<br \/>\n&#8211; Flex-Zone para una total libertad de movimientos;<br \/>\n&#8211; Malla de aire 3D + neopreno perforado;<br \/>\n&#8211; Producto 100% italiano.<\/p>\n","protected":false},"excerpt":{"rendered":"<p>Protecci\u00f3n del menudillo (Performance Boots)<\/p>\n","protected":false},"featured_media":12250,"comment_status":"open","ping_status":"closed","template":"","meta":[],"product_brand":[],"product_cat":[3954,3696,3732,3556],"product_tag":[],"class_list":{"0":"post-22066","1":"product","2":"type-product","3":"status-publish","4":"has-post-thumbnail","6":"product_cat-air-master-protezioni-cavallo-in-promozione-es","7":"product_cat-protectores-de-caballo-es","8":"product_cat-protectores-de-menudillos-conformes-con-fei","9":"product_cat-salida","10":"pa_codice-intrastat-42010000-es","11":"pa_disciplina-utilizzo-salto-de-obstaculos","12":"pa_disciplina-utilizzo-trekking-es","13":"pa_disciplina-utilizzo-trot-es","14":"pa_giro-nodello-da-28-a-30-cm-es","15":"pa_giro-nodello-da-31-a-32-cm-es","16":"pa_giro-nodello-da-33-a-34-cm-es","17":"pa_giro-nodello-da-35-a-37-cm-es","19":"first","20":"instock","21":"taxable","22":"shipping-taxable","23":"purchasable","24":"product-type-variable"},"_links":{"self":[{"href":"https:\/\/riding.zandona.net\/es\/wp-json\/wp\/v2\/product\/22066","targetHints":{"allow":["GET"]}}],"collection":[{"href":"https:\/\/riding.zandona.net\/es\/wp-json\/wp\/v2\/product"}],"about":[{"href":"https:\/\/riding.zandona.net\/es\/wp-json\/wp\/v2\/types\/product"}],"replies":[{"embeddable":true,"href":"https:\/\/riding.zandona.net\/es\/wp-json\/wp\/v2\/comments?post=22066"}],"wp:featuredmedia":[{"embeddable":true,"href":"https:\/\/riding.zandona.net\/es\/wp-json\/wp\/v2\/media\/12250"}],"wp:attachment":[{"href":"https:\/\/riding.zandona.net\/es\/wp-json\/wp\/v2\/media?parent=22066"}],"wp:term":[{"taxonomy":"product_brand","embeddable":true,"href":"https:\/\/riding.zandona.net\/es\/wp-json\/wp\/v2\/product_brand?post=22066"},{"taxonomy":"product_cat","embeddable":true,"href":"https:\/\/riding.zandona.net\/es\/wp-json\/wp\/v2\/product_cat?post=22066"},{"taxonomy":"product_tag","embeddable":true,"href":"https:\/\/riding.zandona.net\/es\/wp-json\/wp\/v2\/product_tag?post=22066"}],"curies":[{"name":"wp","href":"https:\/\/api.w.org\/{rel}","templated":true}]}}