{"id":22075,"date":"2024-11-06T16:46:38","date_gmt":"2024-11-06T15:46:38","guid":{"rendered":"https:\/\/riding.zandona.net\/shop\/sin categor\u00eda\/air-master-h-performance-short-fetlock\/"},"modified":"2024-11-07T13:43:37","modified_gmt":"2024-11-07T12:43:37","slug":"air-master-h-performance-short-fetlock","status":"publish","type":"product","link":"https:\/\/riding.zandona.net\/es\/shop\/salida\/protectores-de-caballo-es\/air-master-protezioni-cavallo-in-promozione-es\/air-master-h-performance-short-fetlock\/","title":{"rendered":"AIR MASTER H-PERFORMANCE SHORT Fetlock"},"content":{"rendered":"<p>Los protectores de menudillos \u00ab AIR MASTER H-PERFORMANCE SHORT fetlock\u00bb son unos protectores de menudillos especiales e innovadores desarrollados para conseguir un rendimiento excepcional y una comodidad \u00f3ptima para el caballo en la disciplina del salto de obst\u00e1culos.<\/p>\n<p>La versi\u00f3n Short gracias a una conformaci\u00f3n m\u00e1s corta (en comparaci\u00f3n con la versi\u00f3n H-Performance Long) a lo largo del tend\u00f3n, para un mayor rendimiento sin comprometer la comodidad y el bienestar del caballo.<\/p>\n<p>El acolchado, compuesto por una capa exterior de malla de aire 3D, una capa interior de neopreno perforado y el probado Gel-Tech para las zonas m\u00e1s expuestas a los golpes, proporciona protecci\u00f3n y confort excelentes.<\/p>\n<p> Los el\u00e1sticos &#8220;rendimiento&#8221; suministrados garantizan un nivel de rendimiento Los cierres de punta tienen una nueva forma que los hace a\u00fan m\u00e1s ergon\u00f3micos, r\u00e1pidos y seguros.<\/p>\n<p>El dise\u00f1o moderno y la fabricaci\u00f3n 100% Made in Italy distinguen a la l\u00ednea AIR MASTER por su alt\u00edsima calidad y su excepcional ligereza.<\/p>\n<p>CARACTER\u00cdSTICAS PRINCIPALES:<br \/>\n&#8211; Estructura y forro interno s\u00faper transpirables;<br \/>\n&#8211; Acolchado Gel-Tech para la absorci\u00f3n de impactos;<br \/>\n&#8211; Tomas de aire para una mayor ventilaci\u00f3n.<br \/>\n&#8211; Capa de malla de aire 3D + neopreno perforado<br \/>\n&#8211; Producto 100% italiano.<\/p>\n","protected":false},"excerpt":{"rendered":"<p>Protecci\u00f3n del menudillo (Performance Boots)<\/p>\n","protected":false},"featured_media":12261,"comment_status":"open","ping_status":"closed","template":"","meta":[],"product_brand":[],"product_cat":[3954,3696,3732,3556],"product_tag":[],"class_list":{"0":"post-22075","1":"product","2":"type-product","3":"status-publish","4":"has-post-thumbnail","6":"product_cat-air-master-protezioni-cavallo-in-promozione-es","7":"product_cat-protectores-de-caballo-es","8":"product_cat-protectores-de-menudillos-conformes-con-fei","9":"product_cat-salida","10":"pa_codice-intrastat-42010000-es","11":"pa_disciplina-utilizzo-salto-de-obstaculos","12":"pa_disciplina-utilizzo-trekking-es","13":"pa_disciplina-utilizzo-trot-es","14":"pa_giro-nodello-da-28-a-30-cm-es","15":"pa_giro-nodello-da-31-a-32-cm-es","16":"pa_giro-nodello-da-33-a-34-cm-es","17":"pa_giro-nodello-da-35-a-37-cm-es","19":"first","20":"instock","21":"taxable","22":"shipping-taxable","23":"purchasable","24":"product-type-variable"},"_links":{"self":[{"href":"https:\/\/riding.zandona.net\/es\/wp-json\/wp\/v2\/product\/22075","targetHints":{"allow":["GET"]}}],"collection":[{"href":"https:\/\/riding.zandona.net\/es\/wp-json\/wp\/v2\/product"}],"about":[{"href":"https:\/\/riding.zandona.net\/es\/wp-json\/wp\/v2\/types\/product"}],"replies":[{"embeddable":true,"href":"https:\/\/riding.zandona.net\/es\/wp-json\/wp\/v2\/comments?post=22075"}],"wp:featuredmedia":[{"embeddable":true,"href":"https:\/\/riding.zandona.net\/es\/wp-json\/wp\/v2\/media\/12261"}],"wp:attachment":[{"href":"https:\/\/riding.zandona.net\/es\/wp-json\/wp\/v2\/media?parent=22075"}],"wp:term":[{"taxonomy":"product_brand","embeddable":true,"href":"https:\/\/riding.zandona.net\/es\/wp-json\/wp\/v2\/product_brand?post=22075"},{"taxonomy":"product_cat","embeddable":true,"href":"https:\/\/riding.zandona.net\/es\/wp-json\/wp\/v2\/product_cat?post=22075"},{"taxonomy":"product_tag","embeddable":true,"href":"https:\/\/riding.zandona.net\/es\/wp-json\/wp\/v2\/product_tag?post=22075"}],"curies":[{"name":"wp","href":"https:\/\/api.w.org\/{rel}","templated":true}]}}