{"id":22102,"date":"2024-11-06T16:47:15","date_gmt":"2024-11-06T15:47:15","guid":{"rendered":"https:\/\/riding.zandona.net\/shop\/sin categor\u00eda\/elite-air-sensitive-fetlock\/"},"modified":"2024-11-07T13:44:30","modified_gmt":"2024-11-07T12:44:30","slug":"elite-air-sensitive-fetlock","status":"publish","type":"product","link":"https:\/\/riding.zandona.net\/es\/shop\/caballo\/protectores-de-caballo\/salto-de-obstaculos\/elite-air-sensitive-es\/elite-air-sensitive-fetlock\/","title":{"rendered":"ELITE AIR SENSITIVE+ Fetlock"},"content":{"rendered":"<p>Los innovadores \u00abELITE AIR SENSITIVE+ Fetlock\u00bb son protectores de menudillos de lujo dise\u00f1ados para ofrecer un nuevo nivel de excelencia y vanguardia  a los caballos deportivos.<br \/>\nDesarrollados para ofrecer la combinaci\u00f3n perfecta entre m\u00e1xima protecci\u00f3n, ligereza y comodidad, representan lo mejor de la tecnolog\u00eda disponible actualmente en el mercado. Esta l\u00ednea de productos \u00fanica cuenta con el revestimiento interior Sensitive+ \u201cNo Skin, No Problem\u201d de AUT\u00c9NTICA LANA DE MERINO de alta calidad obtenida mediante esquila. La lana, un termorregulador natural, es ideal para su uso en las cuatro estaciones y, gracias a sus propiedades antial\u00e9rgicas, es \u00f3ptima para los caballos con piel sensible. Al no utilizar CUERO tambi\u00e9n se evitan los problemas t\u00edpicos de su mantenimiento y cuidado sin sacrificar el m\u00e1ximo confort y las propiedades antial\u00e9rgicas espec\u00edficas. <\/p>\n<p>La estructura exterior incorpora un nuevo inserto especial de fibra FLEX-CARBON (patentado) que maximiza la capacidad de protecci\u00f3n de los protectores, sin limitar su flexibilidad y adaptabilidad a la extremidad, lo que les permite alcanzar nuevos niveles de rendimiento. Los cierres de punta tienen una nueva forma que los hace a\u00fan m\u00e1s ergon\u00f3micos, r\u00e1pidos y seguros.<br \/>\nPor \u00faltimo, las inserciones especiales doradas hacen que ELITE AIR SENSITIVE+ fetlock sea extremadamente exclusivo y, gracias al dise\u00f1o y la fabricaci\u00f3n italianos, establecen un nuevo logro estil\u00edstico y cualitativo.<\/p>\n<p>CARACTER\u00cdSTICAS PRINCIPALES:<\/p>\n<p>&#8211; Estructura altamente protectora con capa el revestimiento interior Sensitive+ \u201cNo Skin, No Problem\u201d de AUT\u00c9NTICA LANA DE MERINO de alta calidad ;<br \/>\n&#8211; Inserciones de fibra FLEX-CARBON (patentado) flexibles para una mayor protecci\u00f3n y comodidad;<br \/>\n&#8211; Acolchado Gel-Tech para la absorci\u00f3n de impactos;<br \/>\n&#8211; Tomas de aire para una ventilaci\u00f3n superior;<br \/>\n&#8211; Carcasa exterior flexible y Flex-Zone para una total libertad de movimientos;<br \/>\n&#8211; Producto 100% italiano.<\/p>\n","protected":false},"excerpt":{"rendered":"<p>Protecci\u00f3n del menudillo<\/p>\n","protected":false},"featured_media":12296,"comment_status":"open","ping_status":"open","template":"","meta":[],"product_brand":[],"product_cat":[3644,3608,3648,3732,3652],"product_tag":[],"class_list":{"0":"post-22102","1":"product","2":"type-product","3":"status-publish","4":"has-post-thumbnail","6":"product_cat-caballo","7":"product_cat-elite-air-sensitive-es","8":"product_cat-protectores-de-caballo","9":"product_cat-protectores-de-menudillos-conformes-con-fei","10":"product_cat-salto-de-obstaculos","11":"pa_codice-intrastat-42010000-es","12":"pa_disciplina-utilizzo-salto-de-obstaculos","13":"pa_disciplina-utilizzo-trekking-es","14":"pa_disciplina-utilizzo-trot-es","15":"pa_giro-nodello-da-28-a-30-cm-es","16":"pa_giro-nodello-da-31-a-32-cm-es","17":"pa_giro-nodello-da-33-a-34-cm-es","18":"pa_giro-nodello-da-35-a-37-cm-es","20":"first","21":"instock","22":"taxable","23":"shipping-taxable","24":"purchasable","25":"product-type-variable"},"_links":{"self":[{"href":"https:\/\/riding.zandona.net\/es\/wp-json\/wp\/v2\/product\/22102","targetHints":{"allow":["GET"]}}],"collection":[{"href":"https:\/\/riding.zandona.net\/es\/wp-json\/wp\/v2\/product"}],"about":[{"href":"https:\/\/riding.zandona.net\/es\/wp-json\/wp\/v2\/types\/product"}],"replies":[{"embeddable":true,"href":"https:\/\/riding.zandona.net\/es\/wp-json\/wp\/v2\/comments?post=22102"}],"wp:featuredmedia":[{"embeddable":true,"href":"https:\/\/riding.zandona.net\/es\/wp-json\/wp\/v2\/media\/12296"}],"wp:attachment":[{"href":"https:\/\/riding.zandona.net\/es\/wp-json\/wp\/v2\/media?parent=22102"}],"wp:term":[{"taxonomy":"product_brand","embeddable":true,"href":"https:\/\/riding.zandona.net\/es\/wp-json\/wp\/v2\/product_brand?post=22102"},{"taxonomy":"product_cat","embeddable":true,"href":"https:\/\/riding.zandona.net\/es\/wp-json\/wp\/v2\/product_cat?post=22102"},{"taxonomy":"product_tag","embeddable":true,"href":"https:\/\/riding.zandona.net\/es\/wp-json\/wp\/v2\/product_tag?post=22102"}],"curies":[{"name":"wp","href":"https:\/\/api.w.org\/{rel}","templated":true}]}}