{"id":22174,"date":"2024-11-06T16:48:33","date_gmt":"2024-11-06T15:48:33","guid":{"rendered":"https:\/\/riding.zandona.net\/shop\/sin categor\u00eda\/carbon-pro-h-performance-fetlock\/"},"modified":"2024-11-07T13:46:45","modified_gmt":"2024-11-07T12:46:45","slug":"carbon-pro-h-performance-fetlock","status":"publish","type":"product","link":"https:\/\/riding.zandona.net\/es\/shop\/salida\/protectores-de-caballo-es\/carbon-pro-protezioni-cavallo-in-promozione_es\/carbon-pro-h-performance-fetlock\/","title":{"rendered":"CARBON PRO H-PERFORMANCE Fetlock"},"content":{"rendered":"<p>El protector de menudillo CARBON PRO H-PERFORMANCE fetlock est\u00e1 espec\u00edficamente desarrollado para ser utilizados solo en competici\u00f3n ya que, gracias a una forma diferente de la estructura a lo largo del tend\u00f3n (sin comprometer la comodidad y el bienestar del caballo), son \u00fatiles cuando se trata de dar una ayuda extra de confianza a los caballos que tienen dificultad para saltar con sus patas traseras.<\/p>\n<p>Los elementos de Fibra de Carbono, a\u00fan m\u00e1s resistentes y extensos, crean una barrera t\u00e9rmica para proteger las articulaciones del caballo del calor generado por la fricci\u00f3n y aumentar la resistencia a los impactos.<br \/>\nEl acolchado consta de una capa exterior de 3D Air-Mesh, una capa interior de neopreno perforado y el probado Gel-Tech para las zonas m\u00e1s expuestas a los impactos.<br \/>\nLas nuevas hebillas tipo perno han sido redise\u00f1adas con un dise\u00f1o moderno y se han hecho m\u00e1s c\u00f3modas y funcionales para un cierre y liberaci\u00f3n r\u00e1pidos y una mayor durabilidad.<br \/>\nPor \u00faltimo, la probada Flex-Zone sigue garantizando la m\u00e1xima libertad de movimiento de la extremidad.<br \/>\n100% Made in Italy y sostenible ya que est\u00e1 fabricado con un 95% de TPU reciclado (certificado PSV).<\/p>\n<p>CARACTER\u00cdSTICAS PRINCIPALES:<br \/>\n&#8211; Inserciones de fibra de carbono para m\u00e1xima protecci\u00f3n;<br \/>\n&#8211; Estructura Anat\u00f3mica en TPU Reciclado;<br \/>\n&#8211; 3D Air-Mesh + Neopreno perforado;<br \/>\n&#8211; Acolchado Gel-Tech para absorci\u00f3n de impactos;<br \/>\n&#8211; Mayores entradas de aire para ventilaci\u00f3n adicional;<br \/>\n&#8211; Flex-Zone para una total libertad de movimiento;<br \/>\n&#8211; Fijaci\u00f3n segura garantizada mediante correas el\u00e1sticas con puntas de f\u00e1cil clip para una liberaci\u00f3n r\u00e1pida;<br \/>\n&#8211; 100% Hecho en Italia.<\/p>\n","protected":false},"excerpt":{"rendered":"<p>Protecci\u00f3n del menudillo (Performance Boots)<\/p>\n","protected":false},"featured_media":36872,"comment_status":"open","ping_status":"closed","template":"","meta":[],"product_brand":[],"product_cat":[3970,3696,3732,3556],"product_tag":[],"class_list":{"0":"post-22174","1":"product","2":"type-product","3":"status-publish","4":"has-post-thumbnail","6":"product_cat-carbon-pro-protezioni-cavallo-in-promozione_es","7":"product_cat-protectores-de-caballo-es","8":"product_cat-protectores-de-menudillos-conformes-con-fei","9":"product_cat-salida","10":"pa_codice-intrastat-42010000-es","11":"pa_disciplina-utilizzo-salto-de-obstaculos","12":"pa_disciplina-utilizzo-trekking-es","13":"pa_disciplina-utilizzo-trot-es","14":"pa_giro-nodello-da-28-a-30-cm-es","15":"pa_giro-nodello-da-31-a-32-cm-es","16":"pa_giro-nodello-da-33-a-34-cm-es","17":"pa_giro-nodello-da-35-a-37-cm-es","19":"first","20":"instock","21":"taxable","22":"shipping-taxable","23":"purchasable","24":"product-type-variable"},"_links":{"self":[{"href":"https:\/\/riding.zandona.net\/es\/wp-json\/wp\/v2\/product\/22174","targetHints":{"allow":["GET"]}}],"collection":[{"href":"https:\/\/riding.zandona.net\/es\/wp-json\/wp\/v2\/product"}],"about":[{"href":"https:\/\/riding.zandona.net\/es\/wp-json\/wp\/v2\/types\/product"}],"replies":[{"embeddable":true,"href":"https:\/\/riding.zandona.net\/es\/wp-json\/wp\/v2\/comments?post=22174"}],"wp:featuredmedia":[{"embeddable":true,"href":"https:\/\/riding.zandona.net\/es\/wp-json\/wp\/v2\/media\/36872"}],"wp:attachment":[{"href":"https:\/\/riding.zandona.net\/es\/wp-json\/wp\/v2\/media?parent=22174"}],"wp:term":[{"taxonomy":"product_brand","embeddable":true,"href":"https:\/\/riding.zandona.net\/es\/wp-json\/wp\/v2\/product_brand?post=22174"},{"taxonomy":"product_cat","embeddable":true,"href":"https:\/\/riding.zandona.net\/es\/wp-json\/wp\/v2\/product_cat?post=22174"},{"taxonomy":"product_tag","embeddable":true,"href":"https:\/\/riding.zandona.net\/es\/wp-json\/wp\/v2\/product_tag?post=22174"}],"curies":[{"name":"wp","href":"https:\/\/api.w.org\/{rel}","templated":true}]}}