{"id":22338,"date":"2024-11-06T16:51:49","date_gmt":"2024-11-06T15:51:49","guid":{"rendered":"https:\/\/riding.zandona.net\/shop\/sin categor\u00eda\/carbon-air-strap-tendon\/"},"modified":"2024-11-07T15:32:58","modified_gmt":"2024-11-07T14:32:58","slug":"carbon-air-strap-tendon","status":"publish","type":"product","link":"https:\/\/riding.zandona.net\/es\/shop\/salida\/protectores-de-caballo-es\/carbon-air-es\/carbon-air-strap-tendon\/","title":{"rendered":"CARBON AIR STRAP Tendon"},"content":{"rendered":"<p>Los protectores de tendones \u00abCARBON AIR STRAP Tendon\u00bb han sido desarrollados para ofrecer al caballo la m\u00e1xima protecci\u00f3n en el salto de obst\u00e1culos. Los elementos de fibra de carbono situados bajo la carcasa a\u00edslan t\u00e9rmicamente las articulaciones del calor generado por el roce y aumentan la resistencia a los impactos.<\/p>\n<p>CARACTER\u00cdSTICAS PRINCIPALES:<br \/>\n&#8211; Inserciones de fibra de carbono para una mayor protecci\u00f3n;<br \/>\n&#8211; Estructura anat\u00f3mica de TPU con espesor diferenciado;<br \/>\n&#8211; Acolchado Gel-Tech para la absorci\u00f3n de impactos;<br \/>\n&#8211; Tomas de aire para una mayor ventilaci\u00f3n;<br \/>\n&#8211; Neopreno perforado para la transpiraci\u00f3n;<br \/>\n&#8211; Flex-Zone para una total libertad de movimientos;<br \/>\n&#8211; Cierre mediante correas de strap, extra\u00edbles con sistema de desenganche r\u00e1pido.<br \/>\n&#8211; Producto 100% italiano.<\/p>\n","protected":false},"excerpt":{"rendered":"<p>Protecci\u00f3n de tendones<\/p>\n","protected":false},"featured_media":37015,"comment_status":"open","ping_status":"closed","template":"","meta":[],"product_brand":[],"product_cat":[3609,3696,3556],"product_tag":[],"class_list":{"0":"post-22338","1":"product","2":"type-product","3":"status-publish","4":"has-post-thumbnail","6":"product_cat-carbon-air-es","7":"product_cat-protectores-de-caballo-es","8":"product_cat-salida","9":"pa_codice-intrastat-42010000-es","10":"pa_disciplina-utilizzo-salto-de-obstaculos","11":"pa_disciplina-utilizzo-trekking-es","12":"pa_disciplina-utilizzo-trot-es","13":"pa_giro-nodello-da-26-a-28-cm-es","14":"pa_giro-nodello-da-29-a-30-cm-es","15":"pa_giro-nodello-da-31-a-32-cm-es","16":"pa_giro-nodello-da-33-a-35-cm-es","18":"first","19":"instock","20":"taxable","21":"shipping-taxable","22":"purchasable","23":"product-type-variable"},"_links":{"self":[{"href":"https:\/\/riding.zandona.net\/es\/wp-json\/wp\/v2\/product\/22338","targetHints":{"allow":["GET"]}}],"collection":[{"href":"https:\/\/riding.zandona.net\/es\/wp-json\/wp\/v2\/product"}],"about":[{"href":"https:\/\/riding.zandona.net\/es\/wp-json\/wp\/v2\/types\/product"}],"replies":[{"embeddable":true,"href":"https:\/\/riding.zandona.net\/es\/wp-json\/wp\/v2\/comments?post=22338"}],"wp:featuredmedia":[{"embeddable":true,"href":"https:\/\/riding.zandona.net\/es\/wp-json\/wp\/v2\/media\/37015"}],"wp:attachment":[{"href":"https:\/\/riding.zandona.net\/es\/wp-json\/wp\/v2\/media?parent=22338"}],"wp:term":[{"taxonomy":"product_brand","embeddable":true,"href":"https:\/\/riding.zandona.net\/es\/wp-json\/wp\/v2\/product_brand?post=22338"},{"taxonomy":"product_cat","embeddable":true,"href":"https:\/\/riding.zandona.net\/es\/wp-json\/wp\/v2\/product_cat?post=22338"},{"taxonomy":"product_tag","embeddable":true,"href":"https:\/\/riding.zandona.net\/es\/wp-json\/wp\/v2\/product_tag?post=22338"}],"curies":[{"name":"wp","href":"https:\/\/api.w.org\/{rel}","templated":true}]}}