{"id":22394,"date":"2024-11-06T16:52:51","date_gmt":"2024-11-06T15:52:51","guid":{"rendered":"https:\/\/riding.zandona.net\/shop\/sin categor\u00eda\/carbon-air-heel\/"},"modified":"2024-11-07T13:53:32","modified_gmt":"2024-11-07T12:53:32","slug":"carbon-air-heel","status":"publish","type":"product","link":"https:\/\/riding.zandona.net\/es\/shop\/caballo\/protectores-de-caballo\/campanas-es\/salto-de-obstaculos-es\/carbon-air-heel\/","title":{"rendered":"CARBON AIR Heel"},"content":{"rendered":"<p>Las campanas para caballos \u00abCARBON AIR HEEL\u00bb, desarrolladas para proteger al caballo de deporte en la disciplina del salto de obst\u00e1culos, est\u00e1n totalmente fabricadas en Italia y dise\u00f1adas para proteger al caballo de posibles golpes o roces.<\/p>\n<p>Se ha a\u00f1adido un suave cuello de piel sint\u00e9tica en el borde superior para optimizar la comodidad.<\/p>\n<p>Peso medio de la campana individual: 225 g<\/p>\n<p>CARACTER\u00cdSTICAS PRINCIPALES:<br \/>\n&#8211; Inserciones de fibra de carbono para una mayor protecci\u00f3n;<br \/>\n&#8211; Estructura anat\u00f3mica de TPU con espesor diferenciado;<br \/>\n&#8211; Acolchado Gel-Tech para la absorci\u00f3n de impactos;<br \/>\n&#8211; Tomas de aire para una mayor ventilaci\u00f3n;<br \/>\n&#8211; Neopreno perforado para la transpiraci\u00f3n;<br \/>\n&#8211; Flex-Zone para una total libertad de movimientos;<br \/>\n&#8211; Asegurado por correas el\u00e1sticas con puntera de desenganche r\u00e1pido.<br \/>\n&#8211; Producto 100% italiano.<\/p>\n","protected":false},"excerpt":{"rendered":"<p>Campanas<\/p>\n","protected":false},"featured_media":12702,"comment_status":"open","ping_status":"closed","template":"","meta":[],"product_brand":[],"product_cat":[3644,3712,3548,3648,3552,3683],"product_tag":[],"class_list":{"0":"post-22394","1":"product","2":"type-product","3":"status-publish","4":"has-post-thumbnail","6":"product_cat-caballo","7":"product_cat-campanas-es","8":"product_cat-mas-vendidos","9":"product_cat-protectores-de-caballo","10":"product_cat-recomendados","11":"product_cat-salto-de-obstaculos-es","12":"pa_circonferenza-pastorale-da-35-a-35-cm-es","13":"pa_circonferenza-pastorale-da-41-a-41-cm-es","14":"pa_codice-intrastat-42010000-es","15":"pa_disciplina-utilizzo-salto-de-obstaculos","16":"pa_disciplina-utilizzo-trekking-es","17":"pa_disciplina-utilizzo-trot-es","18":"pa_giro-corona-da-35-a-40-cm-es","19":"pa_giro-corona-da-41-a-46-cm-es","21":"first","22":"instock","23":"taxable","24":"shipping-taxable","25":"purchasable","26":"product-type-variable"},"_links":{"self":[{"href":"https:\/\/riding.zandona.net\/es\/wp-json\/wp\/v2\/product\/22394","targetHints":{"allow":["GET"]}}],"collection":[{"href":"https:\/\/riding.zandona.net\/es\/wp-json\/wp\/v2\/product"}],"about":[{"href":"https:\/\/riding.zandona.net\/es\/wp-json\/wp\/v2\/types\/product"}],"replies":[{"embeddable":true,"href":"https:\/\/riding.zandona.net\/es\/wp-json\/wp\/v2\/comments?post=22394"}],"wp:featuredmedia":[{"embeddable":true,"href":"https:\/\/riding.zandona.net\/es\/wp-json\/wp\/v2\/media\/12702"}],"wp:attachment":[{"href":"https:\/\/riding.zandona.net\/es\/wp-json\/wp\/v2\/media?parent=22394"}],"wp:term":[{"taxonomy":"product_brand","embeddable":true,"href":"https:\/\/riding.zandona.net\/es\/wp-json\/wp\/v2\/product_brand?post=22394"},{"taxonomy":"product_cat","embeddable":true,"href":"https:\/\/riding.zandona.net\/es\/wp-json\/wp\/v2\/product_cat?post=22394"},{"taxonomy":"product_tag","embeddable":true,"href":"https:\/\/riding.zandona.net\/es\/wp-json\/wp\/v2\/product_tag?post=22394"}],"curies":[{"name":"wp","href":"https:\/\/api.w.org\/{rel}","templated":true}]}}