{"id":22403,"date":"2024-11-06T16:53:04","date_gmt":"2024-11-06T15:53:04","guid":{"rendered":"https:\/\/riding.zandona.net\/shop\/sin categor\u00eda\/carbon-air-strap-heel\/"},"modified":"2024-11-07T15:35:22","modified_gmt":"2024-11-07T14:35:22","slug":"carbon-air-strap-heel","status":"publish","type":"product","link":"https:\/\/riding.zandona.net\/es\/shop\/salida\/protectores-de-caballo-es\/campanas-protezioni-cavallo-in-promozione_es\/carbon-air-strap-heel\/","title":{"rendered":"CARBON AIR STRAP Heel"},"content":{"rendered":"<p>Las campanas para caballos \u00abCARBON AIR STRAP HEEL\u00bb, desarrolladas para proteger al caballo de deporte en la disciplina del salto de obst\u00e1culos, est\u00e1n totalmente fabricadas en Italia y dise\u00f1adas para proteger al caballo de posibles golpes o roces.<\/p>\n<p>Se ha a\u00f1adido un suave cuello de piel sint\u00e9tica en el borde superior para optimizar la comodidad.<\/p>\n<p>Peso medio de la campana individual: 225 g<\/p>\n<p>CARACTER\u00cdSTICAS PRINCIPALES:<br \/>\n&#8211; Inserciones de fibra de carbono para una mayor protecci\u00f3n;<br \/>\n&#8211; Estructura anat\u00f3mica de TPU con espesor diferenciado;<br \/>\n&#8211; Acolchado Gel-Tech para la absorci\u00f3n de impactos;<br \/>\n&#8211; Tomas de aire para una mayor ventilaci\u00f3n;<br \/>\n&#8211; Neopreno perforado para la transpiraci\u00f3n;<br \/>\n&#8211; Flex-Zone para una total libertad de movimientos;<br \/>\n&#8211; Cierre asegurado por doble strap.<br \/>\n&#8211; Producto 100% italiano.<\/p>\n","protected":false},"excerpt":{"rendered":"<p>Campanas<\/p>\n","protected":false},"featured_media":12719,"comment_status":"open","ping_status":"closed","template":"","meta":[],"product_brand":[],"product_cat":[3980,3696,3556],"product_tag":[],"class_list":{"0":"post-22403","1":"product","2":"type-product","3":"status-publish","4":"has-post-thumbnail","6":"product_cat-campanas-protezioni-cavallo-in-promozione_es","7":"product_cat-protectores-de-caballo-es","8":"product_cat-salida","9":"pa_circonferenza-pastorale-da-35-a-35-cm-es","10":"pa_circonferenza-pastorale-da-41-a-41-cm-es","11":"pa_codice-intrastat-42010000-es","12":"pa_disciplina-utilizzo-salto-de-obstaculos","13":"pa_disciplina-utilizzo-trekking-es","14":"pa_disciplina-utilizzo-trot-es","15":"pa_giro-corona-da-35-a-40-cm-es","16":"pa_giro-corona-da-41-a-46-cm-es","18":"first","19":"instock","20":"taxable","21":"shipping-taxable","22":"purchasable","23":"product-type-variable"},"_links":{"self":[{"href":"https:\/\/riding.zandona.net\/es\/wp-json\/wp\/v2\/product\/22403","targetHints":{"allow":["GET"]}}],"collection":[{"href":"https:\/\/riding.zandona.net\/es\/wp-json\/wp\/v2\/product"}],"about":[{"href":"https:\/\/riding.zandona.net\/es\/wp-json\/wp\/v2\/types\/product"}],"replies":[{"embeddable":true,"href":"https:\/\/riding.zandona.net\/es\/wp-json\/wp\/v2\/comments?post=22403"}],"wp:featuredmedia":[{"embeddable":true,"href":"https:\/\/riding.zandona.net\/es\/wp-json\/wp\/v2\/media\/12719"}],"wp:attachment":[{"href":"https:\/\/riding.zandona.net\/es\/wp-json\/wp\/v2\/media?parent=22403"}],"wp:term":[{"taxonomy":"product_brand","embeddable":true,"href":"https:\/\/riding.zandona.net\/es\/wp-json\/wp\/v2\/product_brand?post=22403"},{"taxonomy":"product_cat","embeddable":true,"href":"https:\/\/riding.zandona.net\/es\/wp-json\/wp\/v2\/product_cat?post=22403"},{"taxonomy":"product_tag","embeddable":true,"href":"https:\/\/riding.zandona.net\/es\/wp-json\/wp\/v2\/product_tag?post=22403"}],"curies":[{"name":"wp","href":"https:\/\/api.w.org\/{rel}","templated":true}]}}