{"id":22494,"date":"2024-11-06T16:54:39","date_gmt":"2024-11-06T15:54:39","guid":{"rendered":"https:\/\/riding.zandona.net\/shop\/sin categor\u00eda\/carbon-air-balance-strap-fetlock\/"},"modified":"2024-11-07T13:56:44","modified_gmt":"2024-11-07T12:56:44","slug":"carbon-air-balance-strap-fetlock","status":"publish","type":"product","link":"https:\/\/riding.zandona.net\/es\/shop\/salida\/protectores-de-caballo-es\/carbon-air-balance-es\/carbon-air-balance-strap-fetlock\/","title":{"rendered":"CARBON AIR BALANCE STRAP Fetlock"},"content":{"rendered":"<p>Los protectores de menudillos \u00abCARBON AIR BALANCE STRAP Fetlock\u00bb est\u00e1n equipados con un dispositivo magn\u00e9tico que mejora las funciones celulares, aumentando el rendimiento y el equilibrio din\u00e1mico del caballo. Est\u00e1n dotados de un dispositivo magn\u00e9tico que mejora las funciones celulares, aumentando el rendimiento y el equilibrio din\u00e1mico del caballo. El im\u00e1n permanente utilizado est\u00e1 compuesto por una aleaci\u00f3n altamente magn\u00e9tica de neodimio, hierro y boro con forro de n\u00edquel, capaces de ejercer una inducci\u00f3n magn\u00e9tica de 2600 Gauss cada uno. Se ha comprobado, en diversas pruebas realizadas con la colaboraci\u00f3n de veterinarios y jinetes profesionales, que el uso de este dispositivo colocado cerca del aparato m\u00fasculo-tendinoso disminuye significativamente la fatiga de las extremidades al inducir un aumento del flujo sangu\u00edneo vascular y de la circulaci\u00f3n linf\u00e1tica, con m\u00faltiples efectos beneficiosos. <\/p>\n<p>Los resultados inducidos por el aumento del flujo sangu\u00edneo vascular y la polarizaci\u00f3n magn\u00e9tica, que pueden observarse en los caballos como en los seres humanos, son efectos analg\u00e9sicos y antiinflamatorios, el fortalecimiento de los huesos y las articulaciones, as\u00ed como la aceleraci\u00f3n del proceso de expulsi\u00f3n de toxinas y reabsorci\u00f3n del \u00e1cido l\u00e1ctico muscular. Tienen como resultado la mejora del movimiento y del rendimiento de salto del caballo.<\/p>\n<p> CARACTER\u00cdSTICAS PRINCIPALES:<br \/>\n&#8211; Equipados con imanes permanentes de aleaci\u00f3n especial;<br \/>\n&#8211; Inserciones de fibra de carbono para una mayor protecci\u00f3n;<br \/>\n&#8211; Estructura anat\u00f3mica de TPU con espesor diferenciado;<br \/>\n&#8211; Acolchado Gel-Tech para la absorci\u00f3n de impactos;<br \/>\n&#8211; Tomas de aire para una mayor ventilaci\u00f3n;<br \/>\n&#8211; Neopreno perforado para la transpiraci\u00f3n;<br \/>\n&#8211; Flex-Zone para una total libertad de movimientos;<br \/>\n&#8211; Cierre mediante correas de strap, extra\u00edbles con sistema de desenganche r\u00e1pido;<br \/>\n&#8211; Producto 100% italiano.<\/p>\n<p>ATENCI\u00d3N: CARBON AIR BALANCE STRAP Fetlock no cumple con la normativa de salto de la FEI Salto Ecuestre. Consulte la gu\u00eda proporcionada: https:\/\/riding.zandona.net\/pub\/media\/pdf\/ZANDONA-HIND-BOOTS_EN.pdf<\/p>\n","protected":false},"excerpt":{"rendered":"<p>Protecci\u00f3n del menudillo<\/p>\n","protected":false},"featured_media":33506,"comment_status":"open","ping_status":"closed","template":"","meta":[],"product_brand":[],"product_cat":[3616,3696,3556],"product_tag":[],"class_list":{"0":"post-22494","1":"product","2":"type-product","3":"status-publish","4":"has-post-thumbnail","6":"product_cat-carbon-air-balance-es","7":"product_cat-protectores-de-caballo-es","8":"product_cat-salida","9":"pa_codice-intrastat-42010000-es","10":"pa_disciplina-utilizzo-salto-de-obstaculos","11":"pa_disciplina-utilizzo-trekking-es","12":"pa_disciplina-utilizzo-trot-es","13":"pa_giro-nodello-da-28-a-30-cm-es","14":"pa_giro-nodello-da-31-a-32-cm-es","15":"pa_giro-nodello-da-33-a-34-cm-es","16":"pa_giro-nodello-da-35-a-37-cm-es","18":"first","19":"instock","20":"taxable","21":"shipping-taxable","22":"purchasable","23":"product-type-variable"},"_links":{"self":[{"href":"https:\/\/riding.zandona.net\/es\/wp-json\/wp\/v2\/product\/22494","targetHints":{"allow":["GET"]}}],"collection":[{"href":"https:\/\/riding.zandona.net\/es\/wp-json\/wp\/v2\/product"}],"about":[{"href":"https:\/\/riding.zandona.net\/es\/wp-json\/wp\/v2\/types\/product"}],"replies":[{"embeddable":true,"href":"https:\/\/riding.zandona.net\/es\/wp-json\/wp\/v2\/comments?post=22494"}],"wp:featuredmedia":[{"embeddable":true,"href":"https:\/\/riding.zandona.net\/es\/wp-json\/wp\/v2\/media\/33506"}],"wp:attachment":[{"href":"https:\/\/riding.zandona.net\/es\/wp-json\/wp\/v2\/media?parent=22494"}],"wp:term":[{"taxonomy":"product_brand","embeddable":true,"href":"https:\/\/riding.zandona.net\/es\/wp-json\/wp\/v2\/product_brand?post=22494"},{"taxonomy":"product_cat","embeddable":true,"href":"https:\/\/riding.zandona.net\/es\/wp-json\/wp\/v2\/product_cat?post=22494"},{"taxonomy":"product_tag","embeddable":true,"href":"https:\/\/riding.zandona.net\/es\/wp-json\/wp\/v2\/product_tag?post=22494"}],"curies":[{"name":"wp","href":"https:\/\/api.w.org\/{rel}","templated":true}]}}