{"id":22507,"date":"2024-11-06T16:54:52","date_gmt":"2024-11-06T15:54:52","guid":{"rendered":"https:\/\/riding.zandona.net\/shop\/sin categor\u00eda\/carbon-air-feel-fetlock\/"},"modified":"2024-11-07T13:56:58","modified_gmt":"2024-11-07T12:56:58","slug":"carbon-air-feel-fetlock","status":"publish","type":"product","link":"https:\/\/riding.zandona.net\/es\/shop\/salida\/protectores-de-caballo-es\/carbon-air-es\/carbon-air-feel-fetlock\/","title":{"rendered":"CARBON AIR FEEL+ Fetlock"},"content":{"rendered":"<p>Los protectores de menudillos \u00abCARBON AIR FEEL+  Fetlock\u00bb est\u00e1n dise\u00f1ados para ser utilizados exclusivamente en competici\u00f3n. Est\u00e1n equipados con Extra Protecci\u00f3n, una extensi\u00f3n ergon\u00f3mica del acolchado de neopreno con un forro resistente al desgaste con aspecto de carbono. Est\u00e1n dise\u00f1ados para ayudar a los caballos que tienen dificultades para saltar con sus patas traseras.<\/p>\n<p>CARACTER\u00cdSTICAS PRINCIPALES:<\/p>\n<p>&#8211; Sistema de competici\u00f3n Feel+ para mejorar la respuesta al salto (Nivel 3\/3).<br \/>\n&#8211; Ajustable para calibrar la respuesta seg\u00fan las necesidades del caballo.<br \/>\n&#8211; Cumple con la normativa de la FEI.<br \/>\n&#8211; Neopreno perforado para una mejor transpiraci\u00f3n.<br \/>\n&#8211; Flex-Zone para una total libertad de movimientos;<br \/>\n&#8211; Producto 100% italiano.<\/p>\n","protected":false},"excerpt":{"rendered":"<p>Protecci\u00f3n del menudillo (Performance Boots)<\/p>\n","protected":false},"featured_media":30513,"comment_status":"open","ping_status":"closed","template":"","meta":[],"product_brand":[],"product_cat":[3609,3696,3556],"product_tag":[],"class_list":{"0":"post-22507","1":"product","2":"type-product","3":"status-publish","4":"has-post-thumbnail","6":"product_cat-carbon-air-es","7":"product_cat-protectores-de-caballo-es","8":"product_cat-salida","9":"pa_codice-intrastat-42010000-es","10":"pa_disciplina-utilizzo-salto-de-obstaculos","11":"pa_disciplina-utilizzo-trekking-es","12":"pa_disciplina-utilizzo-trot-es","13":"pa_giro-nodello-da-31-a-32-cm-es","14":"pa_giro-nodello-da-33-a-34-cm-es","15":"pa_giro-nodello-da-35-a-37-cm-es","17":"first","18":"instock","19":"taxable","20":"shipping-taxable","21":"purchasable","22":"product-type-variable"},"_links":{"self":[{"href":"https:\/\/riding.zandona.net\/es\/wp-json\/wp\/v2\/product\/22507","targetHints":{"allow":["GET"]}}],"collection":[{"href":"https:\/\/riding.zandona.net\/es\/wp-json\/wp\/v2\/product"}],"about":[{"href":"https:\/\/riding.zandona.net\/es\/wp-json\/wp\/v2\/types\/product"}],"replies":[{"embeddable":true,"href":"https:\/\/riding.zandona.net\/es\/wp-json\/wp\/v2\/comments?post=22507"}],"wp:featuredmedia":[{"embeddable":true,"href":"https:\/\/riding.zandona.net\/es\/wp-json\/wp\/v2\/media\/30513"}],"wp:attachment":[{"href":"https:\/\/riding.zandona.net\/es\/wp-json\/wp\/v2\/media?parent=22507"}],"wp:term":[{"taxonomy":"product_brand","embeddable":true,"href":"https:\/\/riding.zandona.net\/es\/wp-json\/wp\/v2\/product_brand?post=22507"},{"taxonomy":"product_cat","embeddable":true,"href":"https:\/\/riding.zandona.net\/es\/wp-json\/wp\/v2\/product_cat?post=22507"},{"taxonomy":"product_tag","embeddable":true,"href":"https:\/\/riding.zandona.net\/es\/wp-json\/wp\/v2\/product_tag?post=22507"}],"curies":[{"name":"wp","href":"https:\/\/api.w.org\/{rel}","templated":true}]}}