{"id":22555,"date":"2024-11-06T16:55:59","date_gmt":"2024-11-06T15:55:59","guid":{"rendered":"https:\/\/riding.zandona.net\/shop\/sin categor\u00eda\/carbon-air-junior-ep-fetlock\/"},"modified":"2024-11-07T13:58:43","modified_gmt":"2024-11-07T12:58:43","slug":"carbon-air-junior-ep-fetlock","status":"publish","type":"product","link":"https:\/\/riding.zandona.net\/es\/shop\/salida\/protectores-de-caballo-es\/carbon-air-extra-protection-es\/carbon-air-junior-ep-fetlock\/","title":{"rendered":"CARBON AIR JUNIOR EP Fetlock"},"content":{"rendered":"<p>Los protectores de menudillos \u00abCARBON AIR JUNIOR EP Fetlock\u00bb han sido desarrollados para proteger al caballo joven en la disciplina de salto de obst\u00e1culos (cumple con las normas internacionales para las categor\u00edas de \u00abcaballos j\u00f3venes\u00bb), est\u00e1n equipados con Extra Protecci\u00f3n, una extensi\u00f3n ergon\u00f3mica del acolchado de neopreno con un forro resistente al desgaste con aspecto de carbono. Est\u00e1n dise\u00f1ados para ayudar a los caballos que tienen dificultades para saltar con sus patas traseras.<\/p>\n<p>CARACTER\u00cdSTICAS PRINCIPALES:<br \/>\n&#8211; Inserciones de fibra de carbono;<br \/>\n&#8211; Estructura anat\u00f3mica de TPU con espesor diferenciado;<br \/>\n&#8211; Acolchado Gel-Tech para la absorci\u00f3n de impactos;<br \/>\n&#8211; Tomas de aire para una mayor ventilaci\u00f3n;<br \/>\n&#8211; Neopreno perforado para la transpiraci\u00f3n;<br \/>\n&#8211; Flex-Zone para una total libertad de movimientos;<br \/>\n&#8211; Producto 100% italiano.<\/p>\n","protected":false},"excerpt":{"rendered":"<p>Protecci\u00f3n del menudillo<\/p>\n","protected":false},"featured_media":30539,"comment_status":"open","ping_status":"closed","template":"","meta":[],"product_brand":[],"product_cat":[3623,3696,3556],"product_tag":[],"class_list":{"0":"post-22555","1":"product","2":"type-product","3":"status-publish","4":"has-post-thumbnail","6":"product_cat-carbon-air-extra-protection-es","7":"product_cat-protectores-de-caballo-es","8":"product_cat-salida","9":"pa_codice-intrastat-42010000-es","10":"pa_disciplina-utilizzo-salto-de-obstaculos","11":"pa_disciplina-utilizzo-trekking-es","12":"pa_disciplina-utilizzo-trot-es","13":"pa_giro-nodello-da-28-a-30-cm-es","14":"pa_giro-nodello-da-31-a-32-cm-es","15":"pa_giro-nodello-da-33-a-34-cm-es","16":"pa_giro-nodello-da-35-a-37-cm-es","18":"first","19":"instock","20":"taxable","21":"shipping-taxable","22":"purchasable","23":"product-type-variable"},"_links":{"self":[{"href":"https:\/\/riding.zandona.net\/es\/wp-json\/wp\/v2\/product\/22555","targetHints":{"allow":["GET"]}}],"collection":[{"href":"https:\/\/riding.zandona.net\/es\/wp-json\/wp\/v2\/product"}],"about":[{"href":"https:\/\/riding.zandona.net\/es\/wp-json\/wp\/v2\/types\/product"}],"replies":[{"embeddable":true,"href":"https:\/\/riding.zandona.net\/es\/wp-json\/wp\/v2\/comments?post=22555"}],"wp:featuredmedia":[{"embeddable":true,"href":"https:\/\/riding.zandona.net\/es\/wp-json\/wp\/v2\/media\/30539"}],"wp:attachment":[{"href":"https:\/\/riding.zandona.net\/es\/wp-json\/wp\/v2\/media?parent=22555"}],"wp:term":[{"taxonomy":"product_brand","embeddable":true,"href":"https:\/\/riding.zandona.net\/es\/wp-json\/wp\/v2\/product_brand?post=22555"},{"taxonomy":"product_cat","embeddable":true,"href":"https:\/\/riding.zandona.net\/es\/wp-json\/wp\/v2\/product_cat?post=22555"},{"taxonomy":"product_tag","embeddable":true,"href":"https:\/\/riding.zandona.net\/es\/wp-json\/wp\/v2\/product_tag?post=22555"}],"curies":[{"name":"wp","href":"https:\/\/api.w.org\/{rel}","templated":true}]}}