{"id":22617,"date":"2024-11-06T16:57:01","date_gmt":"2024-11-06T15:57:01","guid":{"rendered":"https:\/\/riding.zandona.net\/shop\/sin categor\u00eda\/superior-air-tendon\/"},"modified":"2024-11-07T15:33:09","modified_gmt":"2024-11-07T14:33:09","slug":"superior-air-tendon","status":"publish","type":"product","link":"https:\/\/riding.zandona.net\/es\/shop\/caballo\/protectores-de-caballo\/salto-de-obstaculos\/superior-air-es\/superior-air-tendon\/","title":{"rendered":"SUPERIOR AIR Tendon"},"content":{"rendered":"<p>Los protectores de tendones \u00abSUPERIOR AIR Tendon\u00bb han sido desarrollados para ofrecer al caballo la m\u00e1xima protecci\u00f3n en el salto de obst\u00e1culos. <\/p>\n<p>CARACTER\u00cdSTICAS PRINCIPALES:<br \/>\n&#8211; Estructura anat\u00f3mica de TPU con espesor diferenciado;<br \/>\n&#8211; Acolchado Gel-Tech para la absorci\u00f3n de impactos;<br \/>\n&#8211; Tomas de aire para una mayor ventilaci\u00f3n;<br \/>\n&#8211; Neopreno perforado para la transpiraci\u00f3n;<br \/>\n&#8211; Flex-Zone para una total libertad de movimientos;<br \/>\n&#8211; Asegurado por correas el\u00e1sticas con puntera de desenganche r\u00e1pido;<br \/>\n&#8211; Producto 100% italiano.<\/p>\n","protected":false},"excerpt":{"rendered":"<p>Protecci\u00f3n de tendones<\/p>\n","protected":false},"featured_media":28174,"comment_status":"open","ping_status":"closed","template":"","meta":[],"product_brand":[],"product_cat":[3644,3548,3648,3552,3652,3575],"product_tag":[],"class_list":{"0":"post-22617","1":"product","2":"type-product","3":"status-publish","4":"has-post-thumbnail","6":"product_cat-caballo","7":"product_cat-mas-vendidos","8":"product_cat-protectores-de-caballo","9":"product_cat-recomendados","10":"product_cat-salto-de-obstaculos","11":"product_cat-superior-air-es","12":"pa_codice-intrastat-42010000-es","13":"pa_disciplina-utilizzo-salto-de-obstaculos","14":"pa_disciplina-utilizzo-trekking-es","15":"pa_disciplina-utilizzo-trot-es","16":"pa_giro-nodello-da-26-a-28-cm-es","17":"pa_giro-nodello-da-29-a-30-cm-es","18":"pa_giro-nodello-da-31-a-32-cm-es","19":"pa_giro-nodello-da-33-a-35-cm-es","21":"first","22":"instock","23":"taxable","24":"shipping-taxable","25":"purchasable","26":"product-type-variable"},"_links":{"self":[{"href":"https:\/\/riding.zandona.net\/es\/wp-json\/wp\/v2\/product\/22617","targetHints":{"allow":["GET"]}}],"collection":[{"href":"https:\/\/riding.zandona.net\/es\/wp-json\/wp\/v2\/product"}],"about":[{"href":"https:\/\/riding.zandona.net\/es\/wp-json\/wp\/v2\/types\/product"}],"replies":[{"embeddable":true,"href":"https:\/\/riding.zandona.net\/es\/wp-json\/wp\/v2\/comments?post=22617"}],"wp:featuredmedia":[{"embeddable":true,"href":"https:\/\/riding.zandona.net\/es\/wp-json\/wp\/v2\/media\/28174"}],"wp:attachment":[{"href":"https:\/\/riding.zandona.net\/es\/wp-json\/wp\/v2\/media?parent=22617"}],"wp:term":[{"taxonomy":"product_brand","embeddable":true,"href":"https:\/\/riding.zandona.net\/es\/wp-json\/wp\/v2\/product_brand?post=22617"},{"taxonomy":"product_cat","embeddable":true,"href":"https:\/\/riding.zandona.net\/es\/wp-json\/wp\/v2\/product_cat?post=22617"},{"taxonomy":"product_tag","embeddable":true,"href":"https:\/\/riding.zandona.net\/es\/wp-json\/wp\/v2\/product_tag?post=22617"}],"curies":[{"name":"wp","href":"https:\/\/api.w.org\/{rel}","templated":true}]}}