{"id":22700,"date":"2024-11-06T16:58:39","date_gmt":"2024-11-06T15:58:39","guid":{"rendered":"https:\/\/riding.zandona.net\/shop\/sin categor\u00eda\/superior-air-pony-fetlock\/"},"modified":"2024-11-07T14:03:06","modified_gmt":"2024-11-07T13:03:06","slug":"superior-air-pony-fetlock","status":"publish","type":"product","link":"https:\/\/riding.zandona.net\/es\/shop\/caballo\/poni\/salto-de-obstaculos-es-3\/superior-air-pony-fetlock\/","title":{"rendered":"SUPERIOR AIR PONY Fetlock"},"content":{"rendered":"<p>Los protectores de menudillos \u00abSUPERIOR AIR PONY Fetlock\u00bb han sido desarrollados para ofrecer al poni la m\u00e1xima protecci\u00f3n en el salto de obst\u00e1culos. <\/p>\n<p>CARACTER\u00cdSTICAS PRINCIPALES:<br \/>\n&#8211; Estructura anat\u00f3mica de TPU con espesor diferenciado;<br \/>\n&#8211; Acolchado Gel-Tech para la absorci\u00f3n de impactos;<br \/>\n&#8211; Tomas de aire para una mayor ventilaci\u00f3n;<br \/>\n&#8211; Neopreno perforado para la transpiraci\u00f3n;<br \/>\n&#8211; Flex-Zone para una total libertad de movimientos;<br \/>\n&#8211; Asegurado por correas el\u00e1sticas con puntera de desenganche r\u00e1pido;<br \/>\n&#8211; Producto 100% italiano.<\/p>\n","protected":false},"excerpt":{"rendered":"<p>Protecci\u00f3n del menudillo<\/p>\n","protected":false},"featured_media":28294,"comment_status":"open","ping_status":"closed","template":"","meta":[],"product_brand":[],"product_cat":[3644,3728,3688,3566],"product_tag":[],"class_list":{"0":"post-22700","1":"product","2":"type-product","3":"status-publish","4":"has-post-thumbnail","6":"product_cat-caballo","7":"product_cat-poni","8":"product_cat-salto-de-obstaculos-es-3","9":"product_cat-superior-air-stinchiere-salto-ostacoli-protezioni-pony-es","10":"pa_codice-intrastat-42010000-es","11":"pa_disciplina-utilizzo-salto-de-obstaculos","12":"pa_disciplina-utilizzo-trekking-es","13":"pa_disciplina-utilizzo-trot-es","14":"pa_giro-nodello-da-24-a-27-cm-es","16":"first","17":"instock","18":"taxable","19":"shipping-taxable","20":"purchasable","21":"product-type-variable"},"_links":{"self":[{"href":"https:\/\/riding.zandona.net\/es\/wp-json\/wp\/v2\/product\/22700","targetHints":{"allow":["GET"]}}],"collection":[{"href":"https:\/\/riding.zandona.net\/es\/wp-json\/wp\/v2\/product"}],"about":[{"href":"https:\/\/riding.zandona.net\/es\/wp-json\/wp\/v2\/types\/product"}],"replies":[{"embeddable":true,"href":"https:\/\/riding.zandona.net\/es\/wp-json\/wp\/v2\/comments?post=22700"}],"wp:featuredmedia":[{"embeddable":true,"href":"https:\/\/riding.zandona.net\/es\/wp-json\/wp\/v2\/media\/28294"}],"wp:attachment":[{"href":"https:\/\/riding.zandona.net\/es\/wp-json\/wp\/v2\/media?parent=22700"}],"wp:term":[{"taxonomy":"product_brand","embeddable":true,"href":"https:\/\/riding.zandona.net\/es\/wp-json\/wp\/v2\/product_brand?post=22700"},{"taxonomy":"product_cat","embeddable":true,"href":"https:\/\/riding.zandona.net\/es\/wp-json\/wp\/v2\/product_cat?post=22700"},{"taxonomy":"product_tag","embeddable":true,"href":"https:\/\/riding.zandona.net\/es\/wp-json\/wp\/v2\/product_tag?post=22700"}],"curies":[{"name":"wp","href":"https:\/\/api.w.org\/{rel}","templated":true}]}}