{"id":22703,"date":"2024-11-06T16:58:39","date_gmt":"2024-11-06T15:58:39","guid":{"rendered":"https:\/\/riding.zandona.net\/shop\/sin categor\u00eda\/action-tendon\/"},"modified":"2024-11-07T14:03:17","modified_gmt":"2024-11-07T13:03:17","slug":"action-tendon","status":"publish","type":"product","link":"https:\/\/riding.zandona.net\/es\/shop\/caballo\/protectores-de-caballo\/salto-de-obstaculos\/action-es\/action-tendon\/","title":{"rendered":"ACTION Tendon"},"content":{"rendered":"<p>\u00abACTION\u00bb es la l\u00ednea de productos de nivel de entrada desarrollada para ofrecer una buena protecci\u00f3n al caballo de deporte en la disciplina del salto de obst\u00e1culos y son ideales para el entrenamiento.<\/p>\n<p>\u00abAction Tendon\u00bb protege las extremidades de su caballo de los impactos y ofrece una buena sujeci\u00f3n de las patas sin renunciar a la comodidad, el rendimiento y el estilo.<\/p>\n<p>CARACTER\u00cdSTICAS PRINCIPALES:<br \/>\n&#8211; Estructura anat\u00f3mica y ergon\u00f3mica;<br \/>\n&#8211; Forro de neopreno;<br \/>\n&#8211; Ligero y liviano;<br \/>\n&#8211; Productos b\u00e1sicos de alta calidad;<br \/>\n&#8211; Producto 100% italiano.<\/p>\n","protected":false},"excerpt":{"rendered":"<p>Protecci\u00f3n de tendones<\/p>\n","protected":false},"featured_media":28304,"comment_status":"open","ping_status":"closed","template":"","meta":[],"product_brand":[],"product_cat":[3584,3644,3648,3652],"product_tag":[],"class_list":{"0":"post-22703","1":"product","2":"type-product","3":"status-publish","4":"has-post-thumbnail","6":"product_cat-action-es","7":"product_cat-caballo","8":"product_cat-protectores-de-caballo","9":"product_cat-salto-de-obstaculos","10":"pa_codice-intrastat-42010000-es","11":"pa_disciplina-utilizzo-salto-de-obstaculos","12":"pa_disciplina-utilizzo-trekking-es","13":"pa_disciplina-utilizzo-trot-es","14":"pa_giro-nodello-da-29-a-30-cm-es","15":"pa_giro-nodello-da-31-a-32-cm-es","17":"first","18":"instock","19":"taxable","20":"shipping-taxable","21":"purchasable","22":"product-type-variable"},"_links":{"self":[{"href":"https:\/\/riding.zandona.net\/es\/wp-json\/wp\/v2\/product\/22703","targetHints":{"allow":["GET"]}}],"collection":[{"href":"https:\/\/riding.zandona.net\/es\/wp-json\/wp\/v2\/product"}],"about":[{"href":"https:\/\/riding.zandona.net\/es\/wp-json\/wp\/v2\/types\/product"}],"replies":[{"embeddable":true,"href":"https:\/\/riding.zandona.net\/es\/wp-json\/wp\/v2\/comments?post=22703"}],"wp:featuredmedia":[{"embeddable":true,"href":"https:\/\/riding.zandona.net\/es\/wp-json\/wp\/v2\/media\/28304"}],"wp:attachment":[{"href":"https:\/\/riding.zandona.net\/es\/wp-json\/wp\/v2\/media?parent=22703"}],"wp:term":[{"taxonomy":"product_brand","embeddable":true,"href":"https:\/\/riding.zandona.net\/es\/wp-json\/wp\/v2\/product_brand?post=22703"},{"taxonomy":"product_cat","embeddable":true,"href":"https:\/\/riding.zandona.net\/es\/wp-json\/wp\/v2\/product_cat?post=22703"},{"taxonomy":"product_tag","embeddable":true,"href":"https:\/\/riding.zandona.net\/es\/wp-json\/wp\/v2\/product_tag?post=22703"}],"curies":[{"name":"wp","href":"https:\/\/api.w.org\/{rel}","templated":true}]}}