{"id":22832,"date":"2024-11-06T17:01:13","date_gmt":"2024-11-06T16:01:13","guid":{"rendered":"https:\/\/riding.zandona.net\/shop\/sin categor\u00eda\/carbon-air-sensitive-junior-fetlock\/"},"modified":"2024-11-07T14:08:05","modified_gmt":"2024-11-07T13:08:05","slug":"carbon-air-sensitive-junior-fetlock","status":"publish","type":"product","link":"https:\/\/riding.zandona.net\/es\/shop\/salida\/protectores-de-caballo-es\/carbon-air-sensitive-es\/carbon-air-sensitive-junior-fetlock\/","title":{"rendered":"CARBON AIR SENSITIVE+ JUNIOR Fetlock"},"content":{"rendered":"<p>Los protectores de menudillos \u00abCARBON AIR SENSITIVE+ JUNIOR Fetlock\u00bb han sido desarrollados para proteger al caballo joven en la disciplina de salto de obst\u00e1culos (cumple con las normas internacionales para las categor\u00edas de \u00abcaballos j\u00f3venes\u00bb), est\u00e1n fabricados con forro de AUT\u00c9NTICA LANA DE MERINO de alta calidad obtenida mediante esquila. La lana, un termorregulador natural, es ideal para su uso en las cuatro estaciones y, gracias a sus propiedades antial\u00e9rgicas, es \u00f3ptima para los caballos con piel sensible. Al no utilizar CUERO tambi\u00e9n se evitan los problemas t\u00edpicos de su mantenimiento y cuidado sin sacrificar el m\u00e1ximo confort y las propiedades antial\u00e9rgicas espec\u00edficas. <\/p>\n<p>CARACTER\u00cdSTICAS PRINCIPALES:<br \/>\n&#8211; Aut\u00e9ntico cordero natural termorregulador y anal\u00e9rgico;<br \/>\n&#8211; NO hay cuero, NO hay pieles de imitaci\u00f3n &#8211; solo lana merino genuina;<br \/>\n&#8211; Estructura anat\u00f3mica de TPU con espesor diferenciado;<br \/>\n&#8211; Inserciones de fibra de carbono para una mayor protecci\u00f3n;<br \/>\n&#8211; Acolchado Gel-Tech para la absorci\u00f3n de impactos;<br \/>\n&#8211; Tomas de aire para una mayor ventilaci\u00f3n;<br \/>\n&#8211; Flex-Zone para una total libertad de movimientos;<br \/>\n&#8211; Producto 100% italiano.<\/p>\n<p>INSTRUCCIONES DE LAVADO DE LA LANA DE CORDERO<br \/>\nLos productos de la l\u00ednea CARBON AIR SENSITIVE+ est\u00e1n hechos con forro de VERDADERO CORDERO, pero SIN PIEL.<br \/>\nAs\u00ed se evitan los t\u00edpicos problemas de mantenimiento y cuidado del cuero. Sin embargo, se recomienda un cuidado regular del producto para mantener inalterados su calidad, aspecto y rendimiento, con el fin de proteger a su caballo de forma \u00f3ptima en todo momento.<br \/>\nA continuaci\u00f3n encontrar\u00e1 consejos para el cuidado y mantenimiento de la l\u00ednea Carbon Air Sensitive+:<br \/>\n&#8211; Limpie el producto con cuidado utilizando un cepillo no agresivo, un pa\u00f1o suave o pasando una esponja suave.<br \/>\n&#8211; Lave el producto a mano en agua fr\u00eda o a un m\u00e1ximo de 30\u00b0C.<br \/>\n&#8211; Utilice detergentes espec\u00edficos para la lana.<br \/>\n&#8211; Deje que el producto se seque en un lugar seco y bien ventilado, preferentemente no expuesto a la luz solar directa y alejado de fuentes de calor artificiales.<\/p>\n<p>ATENCI\u00d3N:<br \/>\n&#8211; No lave el producto con un detergente convencional.<br \/>\n&#8211; No lave el producto en lavadora.<br \/>\n&#8211; No ponga el producto en la secadora.<\/p>\n<p>Zandon\u00e0 se reserva el derecho a no considerarse responsable de los da\u00f1os que puedan sufrir los productos por el incumplimiento de las instrucciones anteriores.<br \/>\nPara obtener mayor asistencia, p\u00f3ngase en contacto con el servicio de atenci\u00f3n al cliente (customercare@zandona.net) o llame al +39 0423 569135.<\/p>\n","protected":false},"excerpt":{"rendered":"<p>Protecci\u00f3n del menudillo<\/p>\n","protected":false},"featured_media":33546,"comment_status":"open","ping_status":"closed","template":"","meta":[],"product_brand":[],"product_cat":[3627,3696,3556],"product_tag":[],"class_list":{"0":"post-22832","1":"product","2":"type-product","3":"status-publish","4":"has-post-thumbnail","6":"product_cat-carbon-air-sensitive-es","7":"product_cat-protectores-de-caballo-es","8":"product_cat-salida","9":"pa_codice-intrastat-42010000-es","10":"pa_disciplina-utilizzo-salto-de-obstaculos","11":"pa_disciplina-utilizzo-trekking-es","12":"pa_disciplina-utilizzo-trot-es","13":"pa_giro-nodello-da-28-a-30-cm-es","14":"pa_giro-nodello-da-31-a-32-cm-es","15":"pa_giro-nodello-da-33-a-34-cm-es","16":"pa_giro-nodello-da-35-a-37-cm-es","18":"first","19":"instock","20":"taxable","21":"shipping-taxable","22":"purchasable","23":"product-type-variable"},"_links":{"self":[{"href":"https:\/\/riding.zandona.net\/es\/wp-json\/wp\/v2\/product\/22832","targetHints":{"allow":["GET"]}}],"collection":[{"href":"https:\/\/riding.zandona.net\/es\/wp-json\/wp\/v2\/product"}],"about":[{"href":"https:\/\/riding.zandona.net\/es\/wp-json\/wp\/v2\/types\/product"}],"replies":[{"embeddable":true,"href":"https:\/\/riding.zandona.net\/es\/wp-json\/wp\/v2\/comments?post=22832"}],"wp:featuredmedia":[{"embeddable":true,"href":"https:\/\/riding.zandona.net\/es\/wp-json\/wp\/v2\/media\/33546"}],"wp:attachment":[{"href":"https:\/\/riding.zandona.net\/es\/wp-json\/wp\/v2\/media?parent=22832"}],"wp:term":[{"taxonomy":"product_brand","embeddable":true,"href":"https:\/\/riding.zandona.net\/es\/wp-json\/wp\/v2\/product_brand?post=22832"},{"taxonomy":"product_cat","embeddable":true,"href":"https:\/\/riding.zandona.net\/es\/wp-json\/wp\/v2\/product_cat?post=22832"},{"taxonomy":"product_tag","embeddable":true,"href":"https:\/\/riding.zandona.net\/es\/wp-json\/wp\/v2\/product_tag?post=22832"}],"curies":[{"name":"wp","href":"https:\/\/api.w.org\/{rel}","templated":true}]}}