{"id":22865,"date":"2024-11-06T17:01:51","date_gmt":"2024-11-06T16:01:51","guid":{"rendered":"https:\/\/riding.zandona.net\/shop\/sin categor\u00eda\/carbon-air-techno-fur-fetlock\/"},"modified":"2024-11-07T14:08:49","modified_gmt":"2024-11-07T13:08:49","slug":"carbon-air-techno-fur-fetlock","status":"publish","type":"product","link":"https:\/\/riding.zandona.net\/es\/shop\/salida\/protectores-de-caballo-es\/carbon-air-techno-fur-es\/carbon-air-techno-fur-fetlock\/","title":{"rendered":"CARBON AIR TECHNO-FUR Fetlock"},"content":{"rendered":"<p>Los protectores de menudillos \u201cCARBON AIR TECHNO-FUR Fetlock\u201d han sido desarrollados para ofrecer una buena protecci\u00f3n al caballo de deporte y est\u00e1n hechos con forro de piel sint\u00e9tica (Techno-Fur).<br \/>\nLa piel sint\u00e9tica no es un termorregulador natural y no tiene las mismas propiedades que la lana real, pero es la opci\u00f3n ideal para quien busca un producto con un aspecto similar al de la versi\u00f3n Sensitive+ pero m\u00e1s barato y m\u00e1s f\u00e1cil de limpiar.<\/p>\n<p>CARACTER\u00cdSTICAS PRINCIPALES:<br \/>\n&#8211; Forro interior de piel sint\u00e9tica;<br \/>\n&#8211; Estructura anat\u00f3mica de TPU con espesor diferenciado;<br \/>\n&#8211; Inserciones de fibra de carbono para una mayor protecci\u00f3n;<br \/>\n&#8211; Acolchado Gel-Tech para la absorci\u00f3n de impactos;<br \/>\n&#8211; Tomas de aire para una mayor ventilaci\u00f3n;<br \/>\n&#8211; Flex-Zone para una total libertad de movimientos;<br \/>\n&#8211; Asegurado por correas el\u00e1sticas con puntera de desenganche r\u00e1pido;<br \/>\n&#8211; Producto 100% italiano.<\/p>\n","protected":false},"excerpt":{"rendered":"<p>Protecci\u00f3n del menudillo<\/p>\n","protected":false},"featured_media":30608,"comment_status":"open","ping_status":"closed","template":"","meta":[],"product_brand":[],"product_cat":[3632,3696,3556],"product_tag":[],"class_list":{"0":"post-22865","1":"product","2":"type-product","3":"status-publish","4":"has-post-thumbnail","6":"product_cat-carbon-air-techno-fur-es","7":"product_cat-protectores-de-caballo-es","8":"product_cat-salida","9":"pa_codice-intrastat-42010000-es","10":"pa_disciplina-utilizzo-salto-de-obstaculos","11":"pa_disciplina-utilizzo-trekking-es","12":"pa_disciplina-utilizzo-trot-es","13":"pa_giro-nodello-da-26-a-28-cm-es","14":"pa_giro-nodello-da-29-a-30-cm-es","15":"pa_giro-nodello-da-31-a-32-cm-es","16":"pa_giro-nodello-da-33-a-35-cm-es","18":"first","19":"instock","20":"taxable","21":"shipping-taxable","22":"purchasable","23":"product-type-variable"},"_links":{"self":[{"href":"https:\/\/riding.zandona.net\/es\/wp-json\/wp\/v2\/product\/22865","targetHints":{"allow":["GET"]}}],"collection":[{"href":"https:\/\/riding.zandona.net\/es\/wp-json\/wp\/v2\/product"}],"about":[{"href":"https:\/\/riding.zandona.net\/es\/wp-json\/wp\/v2\/types\/product"}],"replies":[{"embeddable":true,"href":"https:\/\/riding.zandona.net\/es\/wp-json\/wp\/v2\/comments?post=22865"}],"wp:featuredmedia":[{"embeddable":true,"href":"https:\/\/riding.zandona.net\/es\/wp-json\/wp\/v2\/media\/30608"}],"wp:attachment":[{"href":"https:\/\/riding.zandona.net\/es\/wp-json\/wp\/v2\/media?parent=22865"}],"wp:term":[{"taxonomy":"product_brand","embeddable":true,"href":"https:\/\/riding.zandona.net\/es\/wp-json\/wp\/v2\/product_brand?post=22865"},{"taxonomy":"product_cat","embeddable":true,"href":"https:\/\/riding.zandona.net\/es\/wp-json\/wp\/v2\/product_cat?post=22865"},{"taxonomy":"product_tag","embeddable":true,"href":"https:\/\/riding.zandona.net\/es\/wp-json\/wp\/v2\/product_tag?post=22865"}],"curies":[{"name":"wp","href":"https:\/\/api.w.org\/{rel}","templated":true}]}}