{"id":22892,"date":"2024-11-06T17:02:16","date_gmt":"2024-11-06T16:02:16","guid":{"rendered":"https:\/\/riding.zandona.net\/shop\/sin categor\u00eda\/superior-air-pastern\/"},"modified":"2024-11-07T14:09:37","modified_gmt":"2024-11-07T13:09:37","slug":"superior-air-pastern","status":"publish","type":"product","link":"https:\/\/riding.zandona.net\/es\/shop\/caballo\/protectores-de-caballo\/protecciones-de-cuartilla\/superior-air-pastern\/","title":{"rendered":"SUPERIOR AIR Pastern"},"content":{"rendered":"<p>Las vendas \u00abSUPERIOR AIR Pastern\u00bb est\u00e1n dise\u00f1adas para proteger la cuartilla de golpes y rozaduras, una zona que la mayor\u00eda de los vendajes y protecciones de menudillos no protegen. Se utilizan para absorber los impactos con los postes\/vallas, para proteger de los problemas de rozaduras y para acelerar el proceso de curaci\u00f3n en reposo (manteniendo la zona limpia y protegida) en el caso de las lesiones de las cuartillas. <\/p>\n<p>CARACTER\u00cdSTICAS PRINCIPALES:<br \/>\n&#8211; Estructura anat\u00f3mica de TPU con espesor diferenciado;<br \/>\n&#8211; Acolchado Gel-Tech para la absorci\u00f3n de impactos;<br \/>\n&#8211; Tomas de aire para una mayor ventilaci\u00f3n;<br \/>\n&#8211; Neopreno perforado para la transpiraci\u00f3n;<br \/>\n&#8211; Flex-Zone para una total libertad de movimientos;<br \/>\n&#8211; Producto 100% italiano.<\/p>\n","protected":false},"excerpt":{"rendered":"<p>Protecci\u00f3n de la cuartilla<\/p>\n","protected":false},"featured_media":28494,"comment_status":"open","ping_status":"open","template":"","meta":[],"product_brand":[],"product_cat":[3644,3736,3648],"product_tag":[],"class_list":{"0":"post-22892","1":"product","2":"type-product","3":"status-publish","4":"has-post-thumbnail","6":"product_cat-caballo","7":"product_cat-protecciones-de-cuartilla","8":"product_cat-protectores-de-caballo","9":"pa_circonferenza-pastorale-da-18-a-20-cm-es","10":"pa_circonferenza-pastorale-da-21-a-22-cm-es","11":"pa_circonferenza-pastorale-da-23-a-24-cm-es","12":"pa_circonferenza-pastorale-da-25-a-28-cm-es","13":"pa_codice-intrastat-42010000-es","14":"pa_disciplina-utilizzo-salto-de-obstaculos","15":"pa_disciplina-utilizzo-trekking-es","16":"pa_disciplina-utilizzo-trot-es","18":"first","19":"instock","20":"taxable","21":"shipping-taxable","22":"purchasable","23":"product-type-variable"},"_links":{"self":[{"href":"https:\/\/riding.zandona.net\/es\/wp-json\/wp\/v2\/product\/22892","targetHints":{"allow":["GET"]}}],"collection":[{"href":"https:\/\/riding.zandona.net\/es\/wp-json\/wp\/v2\/product"}],"about":[{"href":"https:\/\/riding.zandona.net\/es\/wp-json\/wp\/v2\/types\/product"}],"replies":[{"embeddable":true,"href":"https:\/\/riding.zandona.net\/es\/wp-json\/wp\/v2\/comments?post=22892"}],"wp:featuredmedia":[{"embeddable":true,"href":"https:\/\/riding.zandona.net\/es\/wp-json\/wp\/v2\/media\/28494"}],"wp:attachment":[{"href":"https:\/\/riding.zandona.net\/es\/wp-json\/wp\/v2\/media?parent=22892"}],"wp:term":[{"taxonomy":"product_brand","embeddable":true,"href":"https:\/\/riding.zandona.net\/es\/wp-json\/wp\/v2\/product_brand?post=22892"},{"taxonomy":"product_cat","embeddable":true,"href":"https:\/\/riding.zandona.net\/es\/wp-json\/wp\/v2\/product_cat?post=22892"},{"taxonomy":"product_tag","embeddable":true,"href":"https:\/\/riding.zandona.net\/es\/wp-json\/wp\/v2\/product_tag?post=22892"}],"curies":[{"name":"wp","href":"https:\/\/api.w.org\/{rel}","templated":true}]}}