{"id":22996,"date":"2024-11-06T17:04:15","date_gmt":"2024-11-06T16:04:15","guid":{"rendered":"https:\/\/riding.zandona.net\/shop\/sin%20categor\u00eda\/techno-fur-candy-girth\/"},"modified":"2025-05-27T08:32:56","modified_gmt":"2025-05-27T06:32:56","slug":"techno-fur-candy-girth","status":"publish","type":"product","link":"https:\/\/riding.zandona.net\/es\/shop\/caballo\/cincha-barriguera\/salto-de-obstaculos-es-2\/techno-fur-candy-girth\/","title":{"rendered":"TECHNO-FUR CANDY Girth"},"content":{"rendered":"<p>TECHNO-FUR CANDY GIRTH es la cincha barriguera para salto de ostaculos que combina un rendimiento superior con la m\u00e1xima atenci\u00f3n al bienestar del animal.<\/p>\n<p>Fabricada con cuero vegano y libre de crueldad animal con un forro interior de lana artificial de alta calidad, garantiza una comodidad absoluta para el caballo gracias a su forma ergon\u00f3mica y al uso de materiales innovadores, duraderos y f\u00e1ciles de limpiar.<\/p>\n<p>El dise\u00f1o elegante y la robustez la hacen adecuada tanto para el entrenamiento diario como para las competiciones.<\/p>\n<p>Las hebillas de acero inoxidable, con cierre autom\u00e1tico en el lado izquierdo, permiten un ajuste r\u00e1pido y c\u00f3modo con una sola mano.<\/p>\n<p>El gancho de aluminio aeron\u00e1utico est\u00e1 cubierto por una carcasa protectora dedicada para mayor seguridad.<\/p>\n<p>100% fabricado en Italia.<\/p>\n<p>Tallas desde 110 cm hasta 150 cm.<\/p>\n<p>CARACTER\u00cdSTICAS PRINCIPALES:<\/p>\n<p>&#8211; AJUSTE M\u00c1XIMO: m\u00e1xima libertad de movimiento para el codo del caballo;<br \/>\n&#8211; FORMA ANAT\u00d3MICA: la presi\u00f3n se distribuye en una amplia zona del estern\u00f3n, lo que garantiza el bienestar y la comodidad del caballo;<br \/>\n&#8211; FLEXIBILIDAD Y AGARRE &#8211; sigue los movimientos de torsi\u00f3n del caballo sin perder el agarre y sin causar molestias;<br \/>\n&#8211; HEBILLAS AUTOM\u00c1TICAS &#8211; permiten el ajuste con una sola mano;<br \/>\n&#8211; FACILIDAD DE LIMPIEZA\/MANTENIMIENTO &#8211; repelente al agua, f\u00e1cil de limpiar y no requiere tratamientos;<br \/>\n&#8211; M\u00c1XIMA DURABILIDAD &#8211; alta resistencia, longevidad y rentabilidad;<br \/>\n&#8211; M\u00c1XIMA LIGEREZA &#8211; para un rendimiento excelente y constante;<br \/>\n&#8211; FORRO DE LANA ARTIFICIAL &#8211; para pieles sensibles;<br \/>\n&#8211; CUERO VEGANO &#8211; ecol\u00f3gico y sostenible;<br \/>\n&#8211; 100% FABRICADO EN ITALIA.<\/p>\n","protected":false},"excerpt":{"rendered":"<p>Cincha-Barriguera Salto de Obst\u00e1culos<\/p>\n","protected":false},"featured_media":13475,"comment_status":"open","ping_status":"closed","template":"","meta":[],"product_brand":[],"product_cat":[3644,3656,3684],"product_tag":[],"class_list":{"0":"post-22996","1":"product","2":"type-product","3":"status-publish","4":"has-post-thumbnail","6":"product_cat-caballo","7":"product_cat-cincha-barriguera","8":"product_cat-salto-de-obstaculos-es-2","9":"pa_codice-intrastat-42010000-es","10":"pa_disciplina-utilizzo-salto-de-obstaculos","12":"first","13":"instock","14":"taxable","15":"shipping-taxable","16":"purchasable","17":"product-type-variable"},"_links":{"self":[{"href":"https:\/\/riding.zandona.net\/es\/wp-json\/wp\/v2\/product\/22996","targetHints":{"allow":["GET"]}}],"collection":[{"href":"https:\/\/riding.zandona.net\/es\/wp-json\/wp\/v2\/product"}],"about":[{"href":"https:\/\/riding.zandona.net\/es\/wp-json\/wp\/v2\/types\/product"}],"replies":[{"embeddable":true,"href":"https:\/\/riding.zandona.net\/es\/wp-json\/wp\/v2\/comments?post=22996"}],"wp:featuredmedia":[{"embeddable":true,"href":"https:\/\/riding.zandona.net\/es\/wp-json\/wp\/v2\/media\/13475"}],"wp:attachment":[{"href":"https:\/\/riding.zandona.net\/es\/wp-json\/wp\/v2\/media?parent=22996"}],"wp:term":[{"taxonomy":"product_brand","embeddable":true,"href":"https:\/\/riding.zandona.net\/es\/wp-json\/wp\/v2\/product_brand?post=22996"},{"taxonomy":"product_cat","embeddable":true,"href":"https:\/\/riding.zandona.net\/es\/wp-json\/wp\/v2\/product_cat?post=22996"},{"taxonomy":"product_tag","embeddable":true,"href":"https:\/\/riding.zandona.net\/es\/wp-json\/wp\/v2\/product_tag?post=22996"}],"curies":[{"name":"wp","href":"https:\/\/api.w.org\/{rel}","templated":true}]}}